{"id":1059,"date":"2011-06-16T14:33:43","date_gmt":"2011-06-16T12:33:43","guid":{"rendered":"http:\/\/www.bio21.bas.bg\/ippg\/bg\/?page_id=1059"},"modified":"2011-06-22T14:17:09","modified_gmt":"2011-06-22T12:17:09","slug":"bjpp-vol-xxviii-no-1-2-2002","status":"publish","type":"page","link":"http:\/\/www.bio21.bas.bg\/ippg\/bg\/?page_id=1059","title":{"rendered":"BJPP &#8211; Vol. XXVIII, No 1-2, 2002"},"content":{"rendered":"<h6>Table of Content<\/h6>\n<table border=\"0\" cellspacing=\"0\" cellpadding=\"5\" width=\"590\" align=\"center\">\n<tbody>\n<tr>\n<td style=\"text-align: center;\" width=\"80%\" valign=\"top\"><strong><span style=\"color: #000080;\">Bulgarian Journal of Plant Physiology &#8211; Volume XXVIII, No 1-2, 2002<\/span><\/strong><\/td>\n<td style=\"text-align: center;\" width=\"8%\" valign=\"top\"><strong><span style=\"color: #000080;\">Pages<\/span><\/strong><\/td>\n<td style=\"text-align: center;\" width=\"10%\" valign=\"top\"><strong><span style=\"color: #000080;\">Full text<\/span><\/strong><\/td>\n<\/tr>\n<tr>\n<td valign=\"top\"><strong>Volume content<\/strong><\/td>\n<td style=\"text-align: center;\" valign=\"top\">&#8211;<\/td>\n<td style=\"text-align: center;\" valign=\"top\"><a href=\"http:\/\/www.bio21.bas.bg\/ippg\/bg\/wp-content\/uploads\/2011\/06\/02_1-2_content.pdf\">PDF<\/a><\/td>\n<\/tr>\n<tr>\n<td valign=\"top\"><strong>Hakki E., Ch. Peev, L. Karagyozov, M. Akkaya<\/strong> &#8211; Isolation of wheat microsatellite DNA fragments by hybridization selection<\/td>\n<td style=\"text-align: center;\" valign=\"top\">03-10<\/td>\n<td style=\"text-align: center;\" valign=\"top\"><a href=\"http:\/\/www.bio21.bas.bg\/ippg\/bg\/wp-content\/uploads\/2011\/06\/02_1-2_03-10.pdf\">PDF<\/a><br \/>\n251kB<\/td>\n<\/tr>\n<tr>\n<td valign=\"top\"><strong>Stoyanova D., E. Tchakalova, I. Yordanov<\/strong> &#8211; Influence of different soil moisture on anatomy of maize leaves and ultrastructure of chloroplasts<\/td>\n<td style=\"text-align: center;\" valign=\"top\">11-20<\/td>\n<td style=\"text-align: center;\" valign=\"top\"><a href=\"http:\/\/www.bio21.bas.bg\/ippg\/bg\/wp-content\/uploads\/2011\/06\/02_1-2_11-20.pdf\">PDF<\/a><br \/>\n510kB<\/td>\n<\/tr>\n<tr>\n<td valign=\"top\"><strong>Chanda S.V.<\/strong> &#8211; Changes in cell wall polysaccharides during sunflower seed development<\/td>\n<td style=\"text-align: center;\" valign=\"top\">21-29<\/td>\n<td style=\"text-align: center;\" valign=\"top\"><a href=\"http:\/\/www.bio21.bas.bg\/ippg\/bg\/wp-content\/uploads\/2011\/06\/02_1-2_21-29.pdf\">PDF<\/a><br \/>\n342kB<\/td>\n<\/tr>\n<tr>\n<td valign=\"top\"><strong>Durm\u00fc N., K. C\u00f6kun\u00e7elebi, A. Kadiog\u00a1lu, O. Beyazog\u00a1lu<\/strong> &#8211; Phenolic and sugar compositions of some <em>Hieracium<\/em> L. (Asteraceae) leaves in North East Anatolia<\/td>\n<td style=\"text-align: center;\" valign=\"top\">30-35<\/td>\n<td style=\"text-align: center;\" valign=\"top\"><a href=\"http:\/\/www.bio21.bas.bg\/ippg\/bg\/wp-content\/uploads\/2011\/06\/02_1-2_30-35.pdf\">PDF<\/a><br \/>\n233kB<\/td>\n<\/tr>\n<tr>\n<td valign=\"top\"><strong>Toneva V.T., I.N. Minkov<\/strong> &#8211; Influence of the photodynamic effect on the tissue water exchange in some monocotyledonous and dicotyledonous plants<\/td>\n<td style=\"text-align: center;\" valign=\"top\">36-44<\/td>\n<td style=\"text-align: center;\" valign=\"top\"><a href=\"http:\/\/www.bio21.bas.bg\/ippg\/bg\/wp-content\/uploads\/2011\/06\/02_1-2_36-44.pdf\">PDF<\/a><br \/>\n381kB<\/td>\n<\/tr>\n<tr>\n<td valign=\"top\"><strong>Doltchinkova V., M. Lambreva<\/strong> &#8211; Effect of pH on the electrokinetic and light scattering properties of pea thylakoids in the presence of phytohemagglutinin<\/td>\n<td style=\"text-align: center;\" valign=\"top\">45-58<\/td>\n<td style=\"text-align: center;\" valign=\"top\"><a href=\"http:\/\/www.bio21.bas.bg\/ippg\/bg\/wp-content\/uploads\/2011\/06\/02_1-2_45-58.pdf\">PDF<\/a><br \/>\n319kB<\/td>\n<\/tr>\n<tr>\n<td valign=\"top\"><strong>Velikova V., A. Ivanova, I. Yordanov<\/strong> &#8211; Changes in lipid composition of <em>Phaseolus vulgaris<\/em> leaves after simulating acid rain treatment<\/td>\n<td style=\"text-align: center;\" valign=\"top\">59-65<\/td>\n<td style=\"text-align: center;\" valign=\"top\"><a href=\"http:\/\/www.bio21.bas.bg\/ippg\/bg\/wp-content\/uploads\/2011\/06\/02_1-2_59-65.pdf\">PDF<\/a><br \/>\n232kB<\/td>\n<\/tr>\n<tr>\n<td valign=\"top\"><strong>\u00c7i\u00e7ek N., H. \u00c7akirlar<\/strong> &#8211; The effect of salinity on some physiological parameters in two maize cultivars<\/td>\n<td style=\"text-align: center;\" valign=\"top\">66-74<\/td>\n<td style=\"text-align: center;\" valign=\"top\"><a href=\"http:\/\/www.bio21.bas.bg\/ippg\/bg\/wp-content\/uploads\/2011\/06\/02_1-2_66-74.pdf\">PDF<\/a><br \/>\n246kB<\/td>\n<\/tr>\n<tr>\n<td valign=\"top\"><strong>Berova M., Z. Zlatev, N. Stoeva<\/strong> &#8211; Effect of paclobutrazol on wheat seedlings under low temperature stress<\/td>\n<td style=\"text-align: center;\" valign=\"top\">75-84<\/td>\n<td style=\"text-align: center;\" valign=\"top\"><a href=\"http:\/\/www.bio21.bas.bg\/ippg\/bg\/wp-content\/uploads\/2011\/06\/02_1-2_75-84.pdf\">PDF<\/a><br \/>\n244kB<\/td>\n<\/tr>\n<tr>\n<td valign=\"top\"><strong>Ananiev E.D., K. Ananieva, G. Abdulova, N. Christova, E. Videnova<\/strong> &#8211; Effect of abamectin on protein and RNA synthesis in primary leaves of <em>Cucurbita pepo<\/em> L. (zucchini)<\/td>\n<td style=\"text-align: center;\" valign=\"top\">85-91<\/td>\n<td style=\"text-align: center;\" valign=\"top\"><a href=\"http:\/\/www.bio21.bas.bg\/ippg\/bg\/wp-content\/uploads\/2011\/06\/02_1-2_85-91.pdf\">PDF<\/a><br \/>\n246kB<\/td>\n<\/tr>\n<tr>\n<td valign=\"top\"><strong>Toneva V.T., S.D. Dimitrova, B.I. Pavlova, I.N. Minkov<\/strong> &#8211; Influence of Nitropyrine\u00ae on the early stages of chlorophyll synthesis in wheat<\/td>\n<td style=\"text-align: center;\" valign=\"top\">92-98<\/td>\n<td style=\"text-align: center;\" valign=\"top\"><a href=\"http:\/\/www.bio21.bas.bg\/ippg\/bg\/wp-content\/uploads\/2011\/06\/02_1-2_92-98.pdf\">PDF<\/a><br \/>\n418kB<\/td>\n<\/tr>\n<tr>\n<td valign=\"top\"><strong>Report<\/strong><br \/>\nSecond National Conference on &#8216;Achievements and Prospects of Water Relations and Mineral Nutrition of Plants in Bulgaria&#8217;<\/td>\n<td style=\"text-align: center;\" valign=\"top\">99<\/td>\n<td style=\"text-align: center;\" valign=\"top\"><a href=\"http:\/\/www.bio21.bas.bg\/ippg\/bg\/wp-content\/uploads\/2011\/06\/02_1-2_99-99.pdf\">PDF<\/a><br \/>\n198kB<\/td>\n<\/tr>\n<tr>\n<td valign=\"top\"><strong>In Memoriam<\/strong><br \/>\nProf. Dr. Sci. Karl-Heinz S\u00fcss<\/td>\n<td style=\"text-align: center;\" valign=\"top\">100-102<\/td>\n<td style=\"text-align: center;\" valign=\"top\"><a href=\"http:\/\/www.bio21.bas.bg\/ippg\/bg\/wp-content\/uploads\/2011\/06\/02_1-2_100-102.pdf\">PDF<\/a><br \/>\n38kB<\/td>\n<\/tr>\n<\/tbody>\n<\/table>\n","protected":false},"excerpt":{"rendered":"<p>Table of Content Bulgarian Journal of Plant Physiology &#8211; Volume XXVIII, No 1-2, 2002 Pages Full text Volume content &#8211; PDF Hakki E., Ch. Peev, L. Karagyozov, M. Akkaya &#8211; Isolation of wheat microsatellite DNA fragments by hybridization selection 03-10 PDF 251kB Stoyanova D., E. Tchakalova, I. Yordanov &#8211; Influence of different soil moisture on [&hellip;]<\/p>\n","protected":false},"author":2,"featured_media":0,"parent":56,"menu_order":19,"comment_status":"closed","ping_status":"open","template":"","meta":{"footnotes":""},"_links":{"self":[{"href":"http:\/\/www.bio21.bas.bg\/ippg\/bg\/index.php?rest_route=\/wp\/v2\/pages\/1059"}],"collection":[{"href":"http:\/\/www.bio21.bas.bg\/ippg\/bg\/index.php?rest_route=\/wp\/v2\/pages"}],"about":[{"href":"http:\/\/www.bio21.bas.bg\/ippg\/bg\/index.php?rest_route=\/wp\/v2\/types\/page"}],"author":[{"embeddable":true,"href":"http:\/\/www.bio21.bas.bg\/ippg\/bg\/index.php?rest_route=\/wp\/v2\/users\/2"}],"replies":[{"embeddable":true,"href":"http:\/\/www.bio21.bas.bg\/ippg\/bg\/index.php?rest_route=%2Fwp%2Fv2%2Fcomments&post=1059"}],"version-history":[{"count":7,"href":"http:\/\/www.bio21.bas.bg\/ippg\/bg\/index.php?rest_route=\/wp\/v2\/pages\/1059\/revisions"}],"predecessor-version":[{"id":1066,"href":"http:\/\/www.bio21.bas.bg\/ippg\/bg\/index.php?rest_route=\/wp\/v2\/pages\/1059\/revisions\/1066"}],"up":[{"embeddable":true,"href":"http:\/\/www.bio21.bas.bg\/ippg\/bg\/index.php?rest_route=\/wp\/v2\/pages\/56"}],"wp:attachment":[{"href":"http:\/\/www.bio21.bas.bg\/ippg\/bg\/index.php?rest_route=%2Fwp%2Fv2%2Fmedia&parent=1059"}],"curies":[{"name":"wp","href":"https:\/\/api.w.org\/{rel}","templated":true}]}}