{"id":1125,"date":"2011-06-17T08:39:05","date_gmt":"2011-06-17T06:39:05","guid":{"rendered":"http:\/\/www.bio21.bas.bg\/ippg\/bg\/?page_id=1125"},"modified":"2011-06-22T14:07:47","modified_gmt":"2011-06-22T12:07:47","slug":"vol-xxix-no-3-4-2003","status":"publish","type":"page","link":"http:\/\/www.bio21.bas.bg\/ippg\/bg\/?page_id=1125","title":{"rendered":"BJPP &#8211; Vol. XXIX, No 3-4, 2003"},"content":{"rendered":"<h6>Table of Content<\/h6>\n<table border=\"0\" cellspacing=\"1\" cellpadding=\"5\" width=\"590\" align=\"center\">\n<tbody>\n<tr>\n<td style=\"text-align: center;\" width=\"80%\" valign=\"top\"><strong><span style=\"color: #000080;\">Bulgarian Journal of Plant Physiology &#8211; Volume XXVIX, No 3-4, 2003<\/span><\/strong><\/p>\n<p><em>Special Issue <\/em><br \/>\nProceedings of the European Workshop<br \/>\n&#8216;Environmental Stress and Sustainable Agriculture&#8217; &#8211; &#8216;ESSA&#8217;<br \/>\n<em>07\u201312 September 2002 <\/em><br \/>\nVarna, Bulgaria<\/td>\n<td style=\"text-align: center;\" width=\"8%\" valign=\"top\"><strong><span style=\"color: #000080;\">Pages<\/span><\/strong><\/td>\n<td style=\"text-align: center;\" width=\"10%\" valign=\"top\"><strong><span style=\"color: #000080;\">Full text<\/span><\/strong><\/td>\n<\/tr>\n<tr>\n<td valign=\"top\"><strong>Dedication<\/strong><\/td>\n<td style=\"text-align: center;\" valign=\"top\">ii<\/td>\n<td style=\"text-align: center;\" valign=\"top\"><a href=\"http:\/\/www.bio21.bas.bg\/ippg\/bg\/wp-content\/uploads\/2011\/06\/03_essa_dedication.pdf\">PDF<\/a><\/td>\n<\/tr>\n<tr>\n<td valign=\"top\"><strong>Introduction<\/strong><\/td>\n<td style=\"text-align: center;\" valign=\"top\">iv<\/td>\n<td style=\"text-align: center;\" valign=\"top\"><a href=\"http:\/\/www.bio21.bas.bg\/ippg\/bg\/wp-content\/uploads\/2011\/06\/03_essa_introduction.pdf\">PDF<\/a><\/td>\n<\/tr>\n<tr>\n<td valign=\"top\"><strong>Alexieva V., S. Ivanov, I. Sergiev, E. Karanov<\/strong> &#8211; INTERACTION BETWEEN STRESSES<\/td>\n<td style=\"text-align: center;\" valign=\"top\">01-17<\/td>\n<td style=\"text-align: center;\" valign=\"top\"><a href=\"http:\/\/www.bio21.bas.bg\/ippg\/bg\/wp-content\/uploads\/2011\/06\/03_essa_1-17.pdf\">PDF<\/a><br \/>\n95<\/td>\n<\/tr>\n<tr>\n<td valign=\"top\"><strong>Atanassov A., K. Georgieva<\/strong> &#8211; BIOTECHNOLOGY FOR SUSTAINABLE AGRICULTURE &#8211; PARTERSHIP, NOT CONFLICT<\/td>\n<td style=\"text-align: center;\" valign=\"top\">18-22<\/td>\n<td style=\"text-align: center;\" valign=\"top\"><a href=\"http:\/\/www.bio21.bas.bg\/ippg\/bg\/wp-content\/uploads\/2011\/06\/03_essa_18-22.pdf\">PDF<\/a><br \/>\n97<\/td>\n<\/tr>\n<tr>\n<td valign=\"top\"><strong>Atkinson D.<\/strong> &#8211; SUSTAINABLE AGRICULTURE: MORE THAN ONE WAY AHEAD<\/td>\n<td style=\"text-align: center;\" valign=\"top\">23-36<\/td>\n<td style=\"text-align: center;\" valign=\"top\"><a href=\"http:\/\/www.bio21.bas.bg\/ippg\/bg\/wp-content\/uploads\/2011\/06\/03_essa_23-36.pdf\">PDF<\/a><br \/>\n51<\/td>\n<\/tr>\n<tr>\n<td valign=\"top\"><strong>Kotchoni S.O., D. Bartels<\/strong> &#8211; WATER STRESS INDUCES THE UP-REGULATION OF A SPECIFIC SET OF GENES IN PLANTS: ALDEHYDE DEHYDROGENASES AS AN EXAMPLE<\/td>\n<td style=\"text-align: center;\" valign=\"top\">37-51<\/td>\n<td style=\"text-align: center;\" valign=\"top\"><a href=\"http:\/\/www.bio21.bas.bg\/ippg\/bg\/wp-content\/uploads\/2011\/06\/03_essa_37-51.pdf\">PDF<\/a><br \/>\n45<\/td>\n<\/tr>\n<tr>\n<td valign=\"top\"><strong>Cassells A.C., B.M. Doyle<\/strong> &#8211; GENETIC ENGINEERING AND MUTATION BREEDING FOR TOLERANCE TO ABIOTIC AND BIOTIC STRESSES: SCIENCE, TECHNOLOGY AND SAFETY<\/td>\n<td style=\"text-align: center;\" valign=\"top\">52-82<\/td>\n<td style=\"text-align: center;\" valign=\"top\"><a href=\"http:\/\/www.bio21.bas.bg\/ippg\/bg\/wp-content\/uploads\/2011\/06\/03_essa_52-82.pdf\">PDF<\/a><br \/>\n287<\/td>\n<\/tr>\n<tr>\n<td valign=\"top\"><strong>Quarrie S.A., D. Dodig, S. Peki\u00e7, J. Kirby, B. Kobiljski<\/strong> &#8211; PROSPECTS FOR MARKER-ASSISTED SELECTION OF IMPROVED DROUGHT RESPONSES IN WHEAT<\/td>\n<td style=\"text-align: center;\" valign=\"top\">83-95<\/td>\n<td style=\"text-align: center;\" valign=\"top\"><a href=\"http:\/\/www.bio21.bas.bg\/ippg\/bg\/wp-content\/uploads\/2011\/06\/03_essa_83-95.pdf\">PDF<\/a><br \/>\n83<\/td>\n<\/tr>\n<tr>\n<td valign=\"top\"><strong>Jackson M.B.<\/strong> &#8211; AERATION STRESS IN PLANT TISSUE CULTURES<\/td>\n<td style=\"text-align: center;\" valign=\"top\">96-109<\/td>\n<td style=\"text-align: center;\" valign=\"top\"><a href=\"http:\/\/www.bio21.bas.bg\/ippg\/bg\/wp-content\/uploads\/2011\/06\/03_essa_96-109.pdf\">PDF<\/a><br \/>\n128<\/td>\n<\/tr>\n<tr>\n<td valign=\"top\"><strong>Mur L.A.J., I.E. Santosa, L.-J.J. Laarhoven, F. Harren, A.R. Smith<\/strong> &#8211; A NEW PARTNER IN THE DANSE MACABRE: THE ROLE OF NITRIC OXIDE IN THE HYPERSENSITIVE RESPONSE<\/td>\n<td style=\"text-align: center;\" valign=\"top\">110-123<\/td>\n<td style=\"text-align: center;\" valign=\"top\"><a href=\"http:\/\/www.bio21.bas.bg\/ippg\/bg\/wp-content\/uploads\/2011\/06\/03_essa_110-123.pdf\">PDF<\/a><br \/>\n155<\/td>\n<\/tr>\n<tr>\n<td valign=\"top\"><strong>Neill S., R. Desikan, J. Hancock<\/strong> &#8211; NITRIC OXIDE AS A MEDIATOR OF ABA SIGNALLING IN STOMATAL GUARD CELLS<\/td>\n<td style=\"text-align: center;\" valign=\"top\">124-132<\/td>\n<td style=\"text-align: center;\" valign=\"top\"><a href=\"http:\/\/www.bio21.bas.bg\/ippg\/bg\/wp-content\/uploads\/2011\/06\/03_essa_124-132.pdf\">PDF<\/a><br \/>\n42<\/td>\n<\/tr>\n<tr>\n<td valign=\"top\"><strong>Popova L., E. Ananieva, V. Hristova, K. Christov, K. Georgieva, V. Alexieva, Zh. Stoinova<\/strong> &#8211; SALICYLIC ACID &#8211; AND METHYL JASMONATE &#8211; INDUCED PROTECTION ON PHOTOSYNTHESIS TO PARAQUAT OXIDATIVE STRESS<\/td>\n<td style=\"text-align: center;\" valign=\"top\">133-152<\/td>\n<td style=\"text-align: center;\" valign=\"top\"><a href=\"http:\/\/www.bio21.bas.bg\/ippg\/bg\/wp-content\/uploads\/2011\/06\/03_essa_133-152.pdf\">PDF<\/a><br \/>\n137<\/td>\n<\/tr>\n<tr>\n<td valign=\"top\"><strong>Smith A.R., H.E. Johnson, M. Hall<\/strong> &#8211; METABOLIC FINGERPRINTING OF SALT-STRESSED TOMATOES<\/td>\n<td style=\"text-align: center;\" valign=\"top\">153-163<\/td>\n<td style=\"text-align: center;\" valign=\"top\"><a href=\"http:\/\/www.bio21.bas.bg\/ippg\/bg\/wp-content\/uploads\/2011\/06\/03_essa_153-163.pdf\">PDF<\/a><br \/>\n918<\/td>\n<\/tr>\n<tr>\n<td valign=\"top\"><strong>Stikic R., S. Popovic, M. Srdic, D. Savic, Z. Jovanovic, Lj. Prokic, J. Zdravkovic<\/strong> &#8211; PARTIAL ROOT DRYING (PRD): A NEW TECHNIQUE FOR GROWING PLANTS THAT SAVES WATER AND IMPROVES THE QUALITY OF FRUIT<\/td>\n<td style=\"text-align: center;\" valign=\"top\">164-171<\/td>\n<td style=\"text-align: center;\" valign=\"top\"><a href=\"http:\/\/www.bio21.bas.bg\/ippg\/bg\/wp-content\/uploads\/2011\/06\/03_essa_164-171.pdf\">PDF<\/a><br \/>\n27<\/td>\n<\/tr>\n<tr>\n<td valign=\"top\"><strong>Swiatek A., A. Azmi, E. Witters, H. Van Onckelen<\/strong> &#8211; STRESS MESSENGERS JASMONIC ACID AND ABSCISIC ACID NEGATIVELY REGULATE PLANT CELL CYCLE<\/td>\n<td style=\"text-align: center;\" valign=\"top\">172-178<\/td>\n<td style=\"text-align: center;\" valign=\"top\"><a href=\"http:\/\/www.bio21.bas.bg\/ippg\/bg\/wp-content\/uploads\/2011\/06\/03_essa_172-178.pdf\">PDF<\/a><br \/>\n49<\/td>\n<\/tr>\n<tr>\n<td valign=\"top\"><strong>Vasilevski G.<\/strong> &#8211; PERSPECTIVES OF THE APPLICATION OF BIOPHYSICAL METHODS IN SUSTAINABLE AGRICULTURE<\/td>\n<td style=\"text-align: center;\" valign=\"top\">179-186<\/td>\n<td style=\"text-align: center;\" valign=\"top\"><a href=\"http:\/\/www.bio21.bas.bg\/ippg\/bg\/wp-content\/uploads\/2011\/06\/03_essa_179-186.pdf\">PDF<\/a><br \/>\n24<\/td>\n<\/tr>\n<tr>\n<td valign=\"top\"><strong>Yordanov I., V. Velikova, T. Tsonev<\/strong> &#8211; PLANT RESPONSES TO DROUGHT AND STRESS TOLERANCE<\/td>\n<td style=\"text-align: center;\" valign=\"top\">187-206<\/td>\n<td style=\"text-align: center;\" valign=\"top\"><a href=\"http:\/\/www.bio21.bas.bg\/ippg\/bg\/wp-content\/uploads\/2011\/06\/03_essa_187-206.pdf\">PDF<\/a><br \/>\n109<\/td>\n<\/tr>\n<tr>\n<td valign=\"top\"><strong>Za\u017e\u00edmalov\u00e1 E., J. Petr\u00e1\u0161ek, D.A. Morris<\/strong> &#8211; THE DYNAMICS OF AUXIN TRANSPORT IN TOBACCO CELLS<\/td>\n<td style=\"text-align: center;\" valign=\"top\">207-224<\/td>\n<td style=\"text-align: center;\" valign=\"top\"><a href=\"http:\/\/www.bio21.bas.bg\/ippg\/bg\/wp-content\/uploads\/2011\/06\/03_essa_207-224.pdf\">PDF<\/a><br \/>\n187<\/td>\n<\/tr>\n<tr>\n<td valign=\"top\"><strong>Ananiev E.D., G. Abdulova, P. Grozdanov, L. Karagyozov<\/strong> &#8211; HORMONAL REGULATION OF RIBOSOMAL RNA GENE EXPRESSION IN EXCISED COTYLEDONS OF <em>CUCURBITA PEPO<\/em> L. (ZUCCHINI)<\/td>\n<td style=\"text-align: center;\" valign=\"top\">225-231<\/td>\n<td style=\"text-align: center;\" valign=\"top\"><a href=\"http:\/\/www.bio21.bas.bg\/ippg\/bg\/wp-content\/uploads\/2011\/06\/03_essa_225-231.pdf\">PDF<\/a><br \/>\n54<\/td>\n<\/tr>\n<tr>\n<td valign=\"top\"><strong>Olinevich O.V., L.P. Khokhlova<\/strong> &#8211; THE EFFECTS OF LOW TEMPERATURE AND AN ANTIMITOTIC DRUG ON THE CONTENT AND THE LOCALIZATION OF Ca<sup>2+<\/sup>-BINDING PROTEINS OF THE ENDOPLASMIC RETICULUM IN WHEAT<\/td>\n<td style=\"text-align: center;\" valign=\"top\">232-241<\/td>\n<td style=\"text-align: center;\" valign=\"top\"><a href=\"http:\/\/www.bio21.bas.bg\/ippg\/bg\/wp-content\/uploads\/2011\/06\/03_essa_232-241.pdf\">PDF<\/a><br \/>\n76<\/td>\n<\/tr>\n<tr>\n<td valign=\"top\"><strong>Van Oevelen S., R. De Wachter, E. Robbrecht, E. Prinsen<\/strong> &#8211; INDUCTION OF A CRIPPLED PHENOTYPE IN <em>PSYCHOTRIA <\/em>(RUBIACEAE) UPON LOSS OF THE BACTERIAL ENDOPHYTE<\/td>\n<td style=\"text-align: center;\" valign=\"top\">242-247<\/td>\n<td style=\"text-align: center;\" valign=\"top\"><a href=\"http:\/\/www.bio21.bas.bg\/ippg\/bg\/wp-content\/uploads\/2011\/06\/03_essa_242-247.pdf\">PDF<\/a><br \/>\n107<\/td>\n<\/tr>\n<tr>\n<td valign=\"top\"><strong>Timofeeva O., L. Khokhlova, Y. Chulkova, L. Garaeva<\/strong> &#8211; CYTOSKELETON-INDUCED ALTERATIONS OF LECTIN ACTIVITY IN MODIFICATION OF THE CALCIUM SIGNALING SYSTEM<\/td>\n<td style=\"text-align: center;\" valign=\"top\">248-256<\/td>\n<td style=\"text-align: center;\" valign=\"top\"><a href=\"http:\/\/www.bio21.bas.bg\/ippg\/bg\/wp-content\/uploads\/2011\/06\/03_essa_248-256.pdf\">PDF<\/a><br \/>\n82<\/td>\n<\/tr>\n<tr>\n<td valign=\"top\"><strong>Avalbaev A.M., M.V. Bezrukova, A.R. Kildibekova, R.A. Fatkhutdinova, F.M. Shakirova<\/strong> &#8211; WHEAT GERMAGGLUTININ RESTORES CELL DIVISION AND GROWTH OF WHEAT SEEDLINGS UNDER SALINITY<\/td>\n<td style=\"text-align: center;\" valign=\"top\">257-263<\/td>\n<td style=\"text-align: center;\" valign=\"top\"><a href=\"http:\/\/www.bio21.bas.bg\/ippg\/bg\/wp-content\/uploads\/2011\/06\/03_essa_257-263.pdf\">PDF<\/a><br \/>\n31<\/td>\n<\/tr>\n<tr>\n<td valign=\"top\"><strong>Djakovic T., Z. Jovanovic<\/strong> &#8211; THE ROLE OF CELL WALL PEROXIDASE IN THE INHIBITION OF LEAF AND FRUIT GROWTH<\/td>\n<td style=\"text-align: center;\" valign=\"top\">264-272<\/td>\n<td style=\"text-align: center;\" valign=\"top\"><a href=\"http:\/\/www.bio21.bas.bg\/ippg\/bg\/wp-content\/uploads\/2011\/06\/03_essa_264-272.pdf\">PDF<\/a><br \/>\n160<\/td>\n<\/tr>\n<tr>\n<td valign=\"top\"><strong>Doyle B.M., J.F. Roycroft, A.C. Cassells<\/strong> &#8211; THE EFFECTS OF STRESS ON THE QUALITY OF PELARGONIUM PROPAGULES DURING SHIPMENT AS MEASURED USING CHLOROPHYLL FLUORESCENCE<\/td>\n<td style=\"text-align: center;\" valign=\"top\">273-280<\/td>\n<td style=\"text-align: center;\" valign=\"top\"><a href=\"http:\/\/www.bio21.bas.bg\/ippg\/bg\/wp-content\/uploads\/2011\/06\/03_essa_273-280.pdf\">PDF<\/a><br \/>\n33<\/td>\n<\/tr>\n<tr>\n<td valign=\"top\"><strong>Kalituho L.N., N.L. Pshybytko, L.F. Kabashnikova, P. Jahns<\/strong> &#8211; PHOTOSYNTHETIC APPARATUS AND HIGH TEMPERATURE: ROLE OF LIGHT<\/td>\n<td style=\"text-align: center;\" valign=\"top\">281-289<\/td>\n<td style=\"text-align: center;\" valign=\"top\"><a href=\"http:\/\/www.bio21.bas.bg\/ippg\/bg\/wp-content\/uploads\/2011\/06\/03_essa_281-289.pdf\">PDF<\/a><br \/>\n57<\/td>\n<\/tr>\n<tr>\n<td valign=\"top\"><strong>Kocheva K., G. Georgiev<\/strong> &#8211; EVALUATION OF THE REACTION OF TWO CONTRASTING BARLEY (<em>HORDEUM VULGARE<\/em> L.) CULTIVARS IN RESPONSE TO OSMOTIC STRESS WITH PEG 6000<\/td>\n<td style=\"text-align: center;\" valign=\"top\">290-294<\/td>\n<td style=\"text-align: center;\" valign=\"top\"><a href=\"http:\/\/www.bio21.bas.bg\/ippg\/bg\/wp-content\/uploads\/2011\/06\/03_essa_290-294.pdf\">PDF<\/a><br \/>\n23<\/td>\n<\/tr>\n<tr>\n<td valign=\"top\"><strong>Palcut N.<\/strong> &#8211; THE BEHAVIOUR OF SOME LATE CORN HYBRIDS UNDER THE PEDO-CLIMATIC CONDITIONS OF THE CRISURILOR RIVER PLAIN<\/td>\n<td style=\"text-align: center;\" valign=\"top\">295-303<\/td>\n<td style=\"text-align: center;\" valign=\"top\"><a href=\"http:\/\/www.bio21.bas.bg\/ippg\/bg\/wp-content\/uploads\/2011\/06\/03_essa_295-303.pdf\">PDF<\/a><br \/>\n32<\/td>\n<\/tr>\n<tr>\n<td valign=\"top\"><strong>Pshybytko N.L., L.N. Kalituho, L.F. Kabashnikova<\/strong> &#8211; THE VARIOUS MECHANISMS OF PHOTOSYNTHESIS LIMITATION IN HEAT-TREATED BARLEY SEEDLINGS OF DIFFERENT AGES<\/td>\n<td style=\"text-align: center;\" valign=\"top\">304-313<\/td>\n<td style=\"text-align: center;\" valign=\"top\"><a href=\"http:\/\/www.bio21.bas.bg\/ippg\/bg\/wp-content\/uploads\/2011\/06\/03_essa_304-313.pdf\">PDF<\/a><br \/>\n52<\/td>\n<\/tr>\n<tr>\n<td valign=\"top\"><strong>Sakhabutdinova A.R., D.R. Fatkhutdinova, M.V. Bezrukova, F.M. Shakirova<\/strong> &#8211; SALICYLIC ACID PREVENTS THE DAMAGING ACTION OF STRESS FACTORS ON WHEAT PLANTS<\/td>\n<td style=\"text-align: center;\" valign=\"top\">314-319<\/td>\n<td style=\"text-align: center;\" valign=\"top\"><a href=\"http:\/\/www.bio21.bas.bg\/ippg\/bg\/wp-content\/uploads\/2011\/06\/03_essa_314-319.pdf\">PDF<\/a><br \/>\n32<\/td>\n<\/tr>\n<tr>\n<td valign=\"top\"><strong>Szilagyi L.<\/strong> &#8211; INFLUENCE OF DROUGHT ON SEED YIELD COMPONENTS IN COMMON BEAN<\/td>\n<td style=\"text-align: center;\" valign=\"top\">320-330<\/td>\n<td style=\"text-align: center;\" valign=\"top\"><a href=\"http:\/\/www.bio21.bas.bg\/ippg\/bg\/wp-content\/uploads\/2011\/06\/03_essa_320-330.pdf\">PDF<\/a><br \/>\n54<\/td>\n<\/tr>\n<tr>\n<td valign=\"top\"><strong>Tsvetkova G.E., G.I. Georgiev<\/strong> &#8211; EFFECT OF PHOSPHORUS NUTRITION ON THE NODULATION, NITROGEN FIXATION AND NUTRIENT &#8211; USE EFFICIENCY OF BRADYRHIZOBIUM JAPONICUM \u2013 SOYBEAN (<em>GLYCINE MAX<\/em> L. MERR.) SYMBIOSIS<\/td>\n<td style=\"text-align: center;\" valign=\"top\">331-335<\/td>\n<td style=\"text-align: center;\" valign=\"top\"><a href=\"http:\/\/www.bio21.bas.bg\/ippg\/bg\/wp-content\/uploads\/2011\/06\/03_essa_331-335.pdf\">PDF<\/a><br \/>\n22<\/td>\n<\/tr>\n<tr>\n<td valign=\"top\"><strong>Urechean V.<\/strong> &#8211; THE INFLUENCE OF STRESS INDUCED BY NaCl ON MORPHOGENETIC ASPECTS OF THE CALLUS INITIATED FROM IMMATURE MAIZE EMBRYOS<\/td>\n<td style=\"text-align: center;\" valign=\"top\">336-352<\/td>\n<td style=\"text-align: center;\" valign=\"top\"><a href=\"http:\/\/www.bio21.bas.bg\/ippg\/bg\/wp-content\/uploads\/2011\/06\/03_essa_336-352.pdf\">PDF<\/a><br \/>\n45<\/td>\n<\/tr>\n<tr>\n<td valign=\"top\"><strong>Veselov D., G. Kudoyarova, M. Symonyan, St. Veselov<\/strong> &#8211; EFFECT OF CADMIUM ON ION UPTAKE, TRANSPIRATION AND CYTOKININ CONTENT IN WHEAT SEEDLINGS<\/td>\n<td style=\"text-align: center;\" valign=\"top\">353-359<\/td>\n<td style=\"text-align: center;\" valign=\"top\"><a href=\"http:\/\/www.bio21.bas.bg\/ippg\/bg\/wp-content\/uploads\/2011\/06\/03_essa_353-359.pdf\">PDF<\/a><br \/>\n30<\/td>\n<\/tr>\n<tr>\n<td valign=\"top\"><strong>Veselova S., R. Farhutdinov, A. Mitrichenko, M. Symonyan, W. Hartung<\/strong> &#8211; THE EFFECT OF ROOT COOLING ON HORMONE CONTENT, LEAF CONDUCTANCE AND ROOT HYDRAULIC CONDUCTIVITY OF DURUM WHEAT SEEDLINGS (<em>TRITICUM DURUM<\/em> L.)<\/td>\n<td style=\"text-align: center;\" valign=\"top\">360-366<\/td>\n<td style=\"text-align: center;\" valign=\"top\"><a href=\"http:\/\/www.bio21.bas.bg\/ippg\/bg\/wp-content\/uploads\/2011\/06\/03_essa_360-366.pdf\">PDF<\/a><br \/>\n30<\/td>\n<\/tr>\n<tr>\n<td valign=\"top\"><strong>Zehirov G.T., G.I. Georgiev<\/strong> &#8211; EFFECTS OF BORON STARVATION ON THE APOPLASTIC AND TOTAL SOLUTE CONCENTRATIONS INFLUENCING NODULE GROWTH AND ACETYLENE REDUCTION RATE<\/td>\n<td style=\"text-align: center;\" valign=\"top\">367-373<\/td>\n<td style=\"text-align: center;\" valign=\"top\"><a href=\"http:\/\/www.bio21.bas.bg\/ippg\/bg\/wp-content\/uploads\/2011\/06\/03_essa_367-373.pdf\">PDF<\/a><br \/>\n32<\/td>\n<\/tr>\n<tr>\n<td valign=\"top\"><strong>Abstracts<\/strong><em><strong> <\/strong><\/em>(not submitted as papers)<\/td>\n<td style=\"text-align: center;\" valign=\"top\">374<\/td>\n<td style=\"text-align: center;\" valign=\"top\"><a href=\"http:\/\/www.bio21.bas.bg\/ippg\/bg\/wp-content\/uploads\/2011\/06\/03_essa_374-abstracts.pdf\">PDF<\/a><\/td>\n<\/tr>\n<tr>\n<td valign=\"top\"><strong>Authors Index<\/strong><\/td>\n<td style=\"text-align: center;\" valign=\"top\">415<\/td>\n<td style=\"text-align: center;\" valign=\"top\"><a href=\"http:\/\/www.bio21.bas.bg\/ippg\/bg\/wp-content\/uploads\/2011\/06\/03_essa_index.pdf\">PDF<\/a><\/td>\n<\/tr>\n<\/tbody>\n<\/table>\n","protected":false},"excerpt":{"rendered":"<p>Table of Content Bulgarian Journal of Plant Physiology &#8211; Volume XXVIX, No 3-4, 2003 Special Issue Proceedings of the European Workshop &#8216;Environmental Stress and Sustainable Agriculture&#8217; &#8211; &#8216;ESSA&#8217; 07\u201312 September 2002 Varna, Bulgaria Pages Full text Dedication ii PDF Introduction iv PDF Alexieva V., S. Ivanov, I. Sergiev, E. Karanov &#8211; INTERACTION BETWEEN STRESSES 01-17 [&hellip;]<\/p>\n","protected":false},"author":2,"featured_media":0,"parent":56,"menu_order":16,"comment_status":"closed","ping_status":"open","template":"","meta":{"footnotes":""},"_links":{"self":[{"href":"http:\/\/www.bio21.bas.bg\/ippg\/bg\/index.php?rest_route=\/wp\/v2\/pages\/1125"}],"collection":[{"href":"http:\/\/www.bio21.bas.bg\/ippg\/bg\/index.php?rest_route=\/wp\/v2\/pages"}],"about":[{"href":"http:\/\/www.bio21.bas.bg\/ippg\/bg\/index.php?rest_route=\/wp\/v2\/types\/page"}],"author":[{"embeddable":true,"href":"http:\/\/www.bio21.bas.bg\/ippg\/bg\/index.php?rest_route=\/wp\/v2\/users\/2"}],"replies":[{"embeddable":true,"href":"http:\/\/www.bio21.bas.bg\/ippg\/bg\/index.php?rest_route=%2Fwp%2Fv2%2Fcomments&post=1125"}],"version-history":[{"count":9,"href":"http:\/\/www.bio21.bas.bg\/ippg\/bg\/index.php?rest_route=\/wp\/v2\/pages\/1125\/revisions"}],"predecessor-version":[{"id":1127,"href":"http:\/\/www.bio21.bas.bg\/ippg\/bg\/index.php?rest_route=\/wp\/v2\/pages\/1125\/revisions\/1127"}],"up":[{"embeddable":true,"href":"http:\/\/www.bio21.bas.bg\/ippg\/bg\/index.php?rest_route=\/wp\/v2\/pages\/56"}],"wp:attachment":[{"href":"http:\/\/www.bio21.bas.bg\/ippg\/bg\/index.php?rest_route=%2Fwp%2Fv2%2Fmedia&parent=1125"}],"curies":[{"name":"wp","href":"https:\/\/api.w.org\/{rel}","templated":true}]}}