{"id":1261,"date":"2011-06-20T13:56:51","date_gmt":"2011-06-20T11:56:51","guid":{"rendered":"http:\/\/www.bio21.bas.bg\/ippg\/bg\/?page_id=1261"},"modified":"2011-06-22T13:26:58","modified_gmt":"2011-06-22T11:26:58","slug":"gapp-vol-xxxii-no-1-2-2006","status":"publish","type":"page","link":"http:\/\/www.bio21.bas.bg\/ippg\/bg\/?page_id=1261","title":{"rendered":"GAPP &#8211; Vol. XXXII, No 1-2, 2006"},"content":{"rendered":"<h6>Table of Content<\/h6>\n<table border=\"0\" cellspacing=\"1\" cellpadding=\"5\" width=\"590\" align=\"center\">\n<tbody>\n<tr>\n<td valign=\"top\" style=\"text-align: center;\" width=\"80%\"><strong><span style=\"color: #000080;\">General and Applied Plant Physiology &#8211; Volume XXXII, No 1-2, 2006<\/span><\/strong><\/p>\n<p><em>Special Issue <\/em><br \/>\nProceedings of the International Workshop<br \/>\n&#8216;Sustainability, Stress and the Bases of Plant Resistance&#8217; &#8216;PISA&#8217;-06<br \/>\n<em>08 September 2006, Sofia, Bulgaria<\/em><\/td>\n<td valign=\"top\" style=\"text-align: center;\" width=\"8%\"><strong><span style=\"color: #000080;\">Pages<\/span><\/strong><\/td>\n<td valign=\"top\" style=\"text-align: center;\" width=\"10%\"><strong><span style=\"color: #000080;\">Full text<\/span><\/strong><\/td>\n<\/tr>\n<tr>\n<td valign=\"top\" ><strong>Volume content<\/strong><\/td>\n<td valign=\"top\" style=\"text-align: center;\">&#8211;<\/td>\n<td valign=\"top\" style=\"text-align: center;\"><a href=\"http:\/\/www.bio21.bas.bg\/ippg\/bg\/wp-content\/uploads\/2011\/06\/06_pisa_content.pdf\">PDF<\/a><\/td>\n<\/tr>\n<tr>\n<td valign=\"top\" ><strong>Janczura B., J. Ahern, A.C. Cassells<\/strong> &#8211; Integrating biological strategies to control disease in intensive agriculture<\/td>\n<td valign=\"top\" style=\"text-align: center;\">05-18<\/td>\n<td valign=\"top\" style=\"text-align: center;\"><a href=\"http:\/\/www.bio21.bas.bg\/ippg\/bg\/wp-content\/uploads\/2011\/06\/06_pisa_05-18.pdf\">PDF<\/a><br \/>\n962<\/td>\n<\/tr>\n<tr>\n<td valign=\"top\" ><strong>Feller U.<\/strong> &#8211; Stomatal opening at elevated temperature: an underestimated regulatory mechanism?<\/td>\n<td valign=\"top\" style=\"text-align: center;\">19-31<\/td>\n<td valign=\"top\" style=\"text-align: center;\"><a href=\"http:\/\/www.bio21.bas.bg\/ippg\/bg\/wp-content\/uploads\/2011\/06\/06_pisa_19-31.pdf\">PDF<\/a><br \/>\n1476<\/td>\n<\/tr>\n<tr>\n<td valign=\"top\" ><strong>Mapelli S., M. Shorina, I. Brambilla, V. Kuznetsov<\/strong> &#8211; Biochemical and physiological events following exposure to UV-B radiation in ice plants<\/td>\n<td valign=\"top\" style=\"text-align: center;\">33-44<\/td>\n<td valign=\"top\" style=\"text-align: center;\"><a href=\"http:\/\/www.bio21.bas.bg\/ippg\/bg\/wp-content\/uploads\/2011\/06\/06_pisa_33-44.pdf\">PDF<\/a><br \/>\n559<\/td>\n<\/tr>\n<tr>\n<td valign=\"top\" ><strong>Krantev A., R. Yordanova, L. Popova<\/strong> &#8211; Salicylic acid decreases Cd toxicity in maize plants<\/td>\n<td valign=\"top\" style=\"text-align: center;\">45-52<\/td>\n<td valign=\"top\" style=\"text-align: center;\"><a href=\"http:\/\/www.bio21.bas.bg\/ippg\/bg\/wp-content\/uploads\/2011\/06\/06_pisa_45-52.pdf\">PDF<\/a><br \/>\n632<\/td>\n<\/tr>\n<tr>\n<td valign=\"top\" ><strong>Toncheva-Panova T., M. Merakchiyska, R. Djingova, J. Ivanova, M. Sholeva, S. Paunova<\/strong> &#8211; Effect of Cu<sup>2+<\/sup> on the red microalga <em>Rhodella reticulata<\/em><\/td>\n<td valign=\"top\" style=\"text-align: center;\">53-60<\/td>\n<td valign=\"top\" style=\"text-align: center;\"><a href=\"http:\/\/www.bio21.bas.bg\/ippg\/bg\/wp-content\/uploads\/2011\/06\/06_pisa_53-60.pdf\">PDF<\/a><br \/>\n691<\/td>\n<\/tr>\n<tr>\n<td valign=\"top\" ><strong>Stancheva I., M. Geneva, G. Zehirov, G. Tsvetkova, M. Hristozkova, G. Georgiev<\/strong> &#8211; Effects of combined inoculation of pea plants with arbuscular mycorrhizal fungi and <em>Rhizobium <\/em>on nodule formation and nitrogen fixing activity<\/td>\n<td valign=\"top\" style=\"text-align: center;\">61-66<\/td>\n<td valign=\"top\" style=\"text-align: center;\"><a href=\"http:\/\/www.bio21.bas.bg\/ippg\/bg\/wp-content\/uploads\/2011\/06\/06_pisa_61-66.pdf\">PDF<\/a><br \/>\n707<\/td>\n<\/tr>\n<tr>\n<td valign=\"top\" ><strong>Tsvetkova G., T. Teofilova, G.I. Georgiev<\/strong> &#8211; Effect of naringenin and quercetin on activity of NodABC genes of strain D293 and following nodulation and nitrogen fixation response of inoculated pea plants (<em>Pisum sativum<\/em> L.)<\/td>\n<td valign=\"top\" style=\"text-align: center;\">67-71<\/td>\n<td valign=\"top\" style=\"text-align: center;\"><a href=\"http:\/\/www.bio21.bas.bg\/ippg\/bg\/wp-content\/uploads\/2011\/06\/06_pisa_67-71.pdf\">PDF<\/a><br \/>\n556<\/td>\n<\/tr>\n<tr>\n<td valign=\"top\" ><strong>Hristozkova M., M. Geneva, I. Stancheva<\/strong> &#8211; Response of inoculated pea plants (<em>Pisum sativum<\/em> L.) to root and foliar fertilizer application with reduced molybdenum concentration<\/td>\n<td valign=\"top\" style=\"text-align: center;\">73-79<\/td>\n<td valign=\"top\" style=\"text-align: center;\"><a href=\"http:\/\/www.bio21.bas.bg\/ippg\/bg\/wp-content\/uploads\/2011\/06\/06_pisa_73-79.pdf\">PDF<\/a><br \/>\n615<\/td>\n<\/tr>\n<tr>\n<td valign=\"top\" ><strong>Nenova V.<\/strong> &#8211; Effect of iron supply on growth and photosystem II efficiency of pea plants<\/td>\n<td valign=\"top\" style=\"text-align: center;\">81-90<\/td>\n<td valign=\"top\" style=\"text-align: center;\"><a href=\"http:\/\/www.bio21.bas.bg\/ippg\/bg\/wp-content\/uploads\/2011\/06\/06_pisa_81-90.pdf\">PDF<\/a><br \/>\n1395<\/td>\n<\/tr>\n<tr>\n<td valign=\"top\" ><strong>Simova-Stoilova L., V. Vassileva, T. Petrova, N. Tsenov, K. Demirevska, U. Feller<\/strong> &#8211; Proteolytic activity in wheat leaves during drought stress and recovery<\/td>\n<td valign=\"top\" style=\"text-align: center;\">91-100<\/td>\n<td valign=\"top\" style=\"text-align: center;\"><a href=\"http:\/\/www.bio21.bas.bg\/ippg\/bg\/wp-content\/uploads\/2011\/06\/06_pisa_91-100.pdf\">PDF<\/a><br \/>\n813<\/td>\n<\/tr>\n<tr>\n<td valign=\"top\" ><strong>Apostolova P., I. Yaneva<\/strong> &#8211; Antioxidative defence in winter wheat plants during early cold acclimation<\/td>\n<td valign=\"top\" style=\"text-align: center;\">101-108<\/td>\n<td valign=\"top\" style=\"text-align: center;\"><a href=\"http:\/\/www.bio21.bas.bg\/ippg\/bg\/wp-content\/uploads\/2011\/06\/06_pisa_101-108.pdf\">PDF<\/a><br \/>\n760<\/td>\n<\/tr>\n<tr>\n<td valign=\"top\" ><strong>Zidarova R., I. Pouneva<\/strong> &#8211; Physiological and biochemical characterization of antarctic isolate <em>Choricystis minor<\/em> during oxidative stress at different temperatures and light intensities<\/td>\n<td valign=\"top\" style=\"text-align: center;\">109-115<\/td>\n<td valign=\"top\" style=\"text-align: center;\"><a href=\"http:\/\/www.bio21.bas.bg\/ippg\/bg\/wp-content\/uploads\/2011\/06\/06_pisa_109-115.pdf\">PDF<\/a><br \/>\n858<\/td>\n<\/tr>\n<tr>\n<td valign=\"top\" ><strong>Iliev I., G. Petkov, S. Furnadzhieva, R. Andreeva, J. Lukavsky<\/strong> &#8211; Membrane metabolites of <em>Arthronema africanum<\/em> strains from extreme habitats<\/td>\n<td valign=\"top\" style=\"text-align: center;\">117-123<\/td>\n<td valign=\"top\" style=\"text-align: center;\"><a href=\"http:\/\/www.bio21.bas.bg\/ippg\/bg\/wp-content\/uploads\/2011\/06\/06_pisa_117-123.pdf\">PDF<\/a><br \/>\n651<\/td>\n<\/tr>\n<tr>\n<td valign=\"top\" ><strong>Ivanova A., J. Nechev, K. Stefanov<\/strong> &#8211; Effect of soil salinity on the lipid composition of halophyte plants from the sand bar of Pomorie<\/td>\n<td valign=\"top\" style=\"text-align: center;\">125-130<\/td>\n<td valign=\"top\" style=\"text-align: center;\"><a href=\"http:\/\/www.bio21.bas.bg\/ippg\/bg\/wp-content\/uploads\/2011\/06\/06_pisa_125-130.pdf\">PDF<\/a><br \/>\n127<\/td>\n<\/tr>\n<tr>\n<td valign=\"top\" ><strong>Vaseva I., D. Todorova, J. Malbeck, A. Tr\u00e1vn\u00ed\u00e8kov\u00e1, I. Machackova, E. Karanov<\/strong> &#8211; Two pea varieties differ in cytokinin oxidase\/dehydrogenase response to UV-B irradiation<\/td>\n<td valign=\"top\" style=\"text-align: center;\">131-138<\/td>\n<td valign=\"top\" style=\"text-align: center;\"><a href=\"http:\/\/www.bio21.bas.bg\/ippg\/bg\/wp-content\/uploads\/2011\/06\/06_pisa_131-138.pdf\">PDF<\/a><br \/>\n932<\/td>\n<\/tr>\n<\/tbody>\n<\/table>\n","protected":false},"excerpt":{"rendered":"<p>Table of Content General and Applied Plant Physiology &#8211; Volume XXXII, No 1-2, 2006 Special Issue Proceedings of the International Workshop &#8216;Sustainability, Stress and the Bases of Plant Resistance&#8217; &#8216;PISA&#8217;-06 08 September 2006, Sofia, Bulgaria Pages Full text Volume content &#8211; PDF Janczura B., J. Ahern, A.C. Cassells &#8211; Integrating biological strategies to control disease [&hellip;]<\/p>\n","protected":false},"author":2,"featured_media":0,"parent":56,"menu_order":11,"comment_status":"closed","ping_status":"open","template":"","meta":{"footnotes":""},"_links":{"self":[{"href":"http:\/\/www.bio21.bas.bg\/ippg\/bg\/index.php?rest_route=\/wp\/v2\/pages\/1261"}],"collection":[{"href":"http:\/\/www.bio21.bas.bg\/ippg\/bg\/index.php?rest_route=\/wp\/v2\/pages"}],"about":[{"href":"http:\/\/www.bio21.bas.bg\/ippg\/bg\/index.php?rest_route=\/wp\/v2\/types\/page"}],"author":[{"embeddable":true,"href":"http:\/\/www.bio21.bas.bg\/ippg\/bg\/index.php?rest_route=\/wp\/v2\/users\/2"}],"replies":[{"embeddable":true,"href":"http:\/\/www.bio21.bas.bg\/ippg\/bg\/index.php?rest_route=%2Fwp%2Fv2%2Fcomments&post=1261"}],"version-history":[{"count":12,"href":"http:\/\/www.bio21.bas.bg\/ippg\/bg\/index.php?rest_route=\/wp\/v2\/pages\/1261\/revisions"}],"predecessor-version":[{"id":1263,"href":"http:\/\/www.bio21.bas.bg\/ippg\/bg\/index.php?rest_route=\/wp\/v2\/pages\/1261\/revisions\/1263"}],"up":[{"embeddable":true,"href":"http:\/\/www.bio21.bas.bg\/ippg\/bg\/index.php?rest_route=\/wp\/v2\/pages\/56"}],"wp:attachment":[{"href":"http:\/\/www.bio21.bas.bg\/ippg\/bg\/index.php?rest_route=%2Fwp%2Fv2%2Fmedia&parent=1261"}],"curies":[{"name":"wp","href":"https:\/\/api.w.org\/{rel}","templated":true}]}}