{"id":1349,"date":"2011-06-21T12:14:10","date_gmt":"2011-06-21T10:14:10","guid":{"rendered":"http:\/\/www.bio21.bas.bg\/ippg\/bg\/?page_id=1349"},"modified":"2011-06-22T13:19:36","modified_gmt":"2011-06-22T11:19:36","slug":"gapp-vol-xxxiii-no-3-4-2007","status":"publish","type":"page","link":"http:\/\/www.bio21.bas.bg\/ippg\/bg\/?page_id=1349","title":{"rendered":"GAPP &#8211; Vol. XXXIII, No 3-4, 2007"},"content":{"rendered":"<h6>Table of Content<\/h6>\n<table border=\"0\" cellspacing=\"1\" cellpadding=\"5\" width=\"590\" align=\"center\">\n<tbody>\n<tr>\n<td valign=\"top\" style=\"text-align: center;\" width=\"80%\"><strong><span style=\"color: #000080;\">General and Applied Plant Physiology &#8211; Volume XXXIII, No 3-4, 2007<\/span><\/strong><\/td>\n<td valign=\"top\" style=\"text-align: center;\" width=\"8%\"><strong><span style=\"color: #000080;\">Pages<\/span><\/strong><\/td>\n<td valign=\"top\" style=\"text-align: center;\" width=\"10%\"><strong><span style=\"color: #000080;\">Full text<\/span><\/strong><\/td>\n<\/tr>\n<tr>\n<td valign=\"top\" ><strong>Volume content<\/strong><\/td>\n<td valign=\"top\" style=\"text-align: center;\">&#8211;<\/td>\n<td valign=\"top\" style=\"text-align: center;\"><a href=\"http:\/\/www.bio21.bas.bg\/ippg\/bg\/wp-content\/uploads\/2011\/06\/07_3-4_content.pdf\">PDF<\/a><\/td>\n<\/tr>\n<tr>\n<td valign=\"top\" ><strong>Doubnerov\u00e1 V., M. Jano\u0161kov\u00e1, H. Synkov\u00e1, Z. \u0160ubr, N. \u010ce\u0159ovsk\u00e1, H. Ry\u0161lav\u00e1<\/strong> &#8211; EFFECT OF POTATO VIRUS Y ON THE ACTIVITIES OF ANTIOXIDANT AND ANAPLEROTIC ENZYMES IN <em>NICOTIANA TABACUM<\/em> L. TRANSGENIC PLANTS TRANSFORMED WITH THE GENE FOR P3 PROTEIN<\/td>\n<td valign=\"top\" style=\"text-align: center;\">123-140<\/td>\n<td valign=\"top\" style=\"text-align: center;\"><a href=\"http:\/\/www.bio21.bas.bg\/ippg\/bg\/wp-content\/uploads\/2011\/06\/07_3-4_123-140.pdf\">PDF<\/a><br \/>\n869kB<\/td>\n<\/tr>\n<tr>\n<td valign=\"top\" ><strong>Kyrychenko O.V., G.Yu. Perkovska<\/strong> &#8211; EFFECT OF HAPTEN, N-ACETYL-D-GLUCOSAMINE, ON THE BIOLOGICAL ACTIVITY OF WHEAT LECTIN<\/td>\n<td valign=\"top\" style=\"text-align: center;\">141-154<\/td>\n<td valign=\"top\" style=\"text-align: center;\"><a href=\"http:\/\/www.bio21.bas.bg\/ippg\/bg\/wp-content\/uploads\/2011\/06\/07_3-4_141-154.pdf\">PDF<\/a><br \/>\n318kB<\/td>\n<\/tr>\n<tr>\n<td valign=\"top\" ><strong>Yordanova R., L. Popova<\/strong> &#8211; EFFECT OF EXOGENOUS TREATMENT WITH SALICYLIC ACID ON PHOTOSYNTHETIC ACTIVITY AND ANTIOXIDANT CAPACITY OF CHILLED WHEAT PLANTS<\/td>\n<td valign=\"top\" style=\"text-align: center;\">155-170<\/td>\n<td valign=\"top\" style=\"text-align: center;\"><a href=\"http:\/\/www.bio21.bas.bg\/ippg\/bg\/wp-content\/uploads\/2011\/06\/07_3-4_155-170.pdf\">PDF<\/a><br \/>\n403kB<\/td>\n<\/tr>\n<tr>\n<td valign=\"top\" ><strong>Kaur N., R.K. Sharma, M. Sharma, V. Singh, P. S. Ahuja<\/strong> &#8211; MOLECULAR EVALUATION AND MICROPROPAGATION OF FIELD SELECTED ELITES OF <em>R. DAMASCENA<\/em><\/td>\n<td valign=\"top\" style=\"text-align: center;\">171-186<\/td>\n<td valign=\"top\" style=\"text-align: center;\"><a href=\"http:\/\/www.bio21.bas.bg\/ippg\/bg\/wp-content\/uploads\/2011\/06\/07_3-4_171-186.pdf\">PDF<\/a><br \/>\n650kB<\/td>\n<\/tr>\n<tr>\n<td valign=\"top\" ><strong>El-Beltagi H.S., Z.A. Salama, D.M. El-Hariri<\/strong> &#8211; EVALUATION OF FATTY ACIDS PROFILE AND THE CONTENT OF SOME SECONDARY METABOLITES IN SEEDS OF DIFFERENT FLAX CULTIVARS (<em>LINUM USITATISSIMUM<\/em> L.)<\/td>\n<td valign=\"top\" style=\"text-align: center;\">187-202<\/td>\n<td valign=\"top\" style=\"text-align: center;\"><a href=\"http:\/\/www.bio21.bas.bg\/ippg\/bg\/wp-content\/uploads\/2011\/06\/07_3-4_187-202.pdf\">PDF<\/a><br \/>\n405kB<\/td>\n<\/tr>\n<tr>\n<td valign=\"top\" ><strong>Mohammadian M.A., J.R. Watling, R.S. Hill<\/strong> &#8211; DO WAXY STOMATAL PLUGS IMPACT LEAF GAS EXCHANGE IN A RAIN FOREST GYMNOSPERM <em>AGATHIS ROBUSTA<\/em>?<\/td>\n<td valign=\"top\" style=\"text-align: center;\">203-220<\/td>\n<td valign=\"top\" style=\"text-align: center;\"><a href=\"http:\/\/www.bio21.bas.bg\/ippg\/bg\/wp-content\/uploads\/2011\/06\/07_3-4_203-220.pdf\">PDF<\/a><br \/>\n527kB<\/td>\n<\/tr>\n<tr>\n<td valign=\"top\" ><strong>Desingh R., G. Kanagaraj<\/strong> &#8211; INFLUENCE OF SALINITY STRESS ON PHOTOSYNTHESIS AND ANTIOXIDATIVE SYSTEMS IN TWO COTTON VARIETIES<\/td>\n<td valign=\"top\" style=\"text-align: center;\">221-234<\/td>\n<td valign=\"top\" style=\"text-align: center;\"><a href=\"http:\/\/www.bio21.bas.bg\/ippg\/bg\/wp-content\/uploads\/2011\/06\/07_3-4_221-234.pdf\">PDF<\/a><br \/>\n408kB<\/td>\n<\/tr>\n<tr>\n<td valign=\"top\" ><strong>Munshi S.K., S. Sandhu, S. Sharma<\/strong> &#8211; LIPID COMPOSITION IN FAST AND SLOW GERMINATING SUNFLOWER (<em>HELIANTHUS ANNUUS<\/em> L.) SEEDS<\/td>\n<td valign=\"top\" style=\"text-align: center;\">235-246<\/td>\n<td valign=\"top\" style=\"text-align: center;\"><a href=\"http:\/\/www.bio21.bas.bg\/ippg\/bg\/wp-content\/uploads\/2011\/06\/07_3-4_235-246.pdf\">PDF<\/a><br \/>\n319kB<\/td>\n<\/tr>\n<\/tbody>\n<\/table>\n","protected":false},"excerpt":{"rendered":"<p>Table of Content General and Applied Plant Physiology &#8211; Volume XXXIII, No 3-4, 2007 Pages Full text Volume content &#8211; PDF Doubnerov\u00e1 V., M. Jano\u0161kov\u00e1, H. Synkov\u00e1, Z. \u0160ubr, N. \u010ce\u0159ovsk\u00e1, H. Ry\u0161lav\u00e1 &#8211; EFFECT OF POTATO VIRUS Y ON THE ACTIVITIES OF ANTIOXIDANT AND ANAPLEROTIC ENZYMES IN NICOTIANA TABACUM L. TRANSGENIC PLANTS TRANSFORMED WITH [&hellip;]<\/p>\n","protected":false},"author":2,"featured_media":0,"parent":56,"menu_order":8,"comment_status":"closed","ping_status":"closed","template":"","meta":{"footnotes":""},"_links":{"self":[{"href":"http:\/\/www.bio21.bas.bg\/ippg\/bg\/index.php?rest_route=\/wp\/v2\/pages\/1349"}],"collection":[{"href":"http:\/\/www.bio21.bas.bg\/ippg\/bg\/index.php?rest_route=\/wp\/v2\/pages"}],"about":[{"href":"http:\/\/www.bio21.bas.bg\/ippg\/bg\/index.php?rest_route=\/wp\/v2\/types\/page"}],"author":[{"embeddable":true,"href":"http:\/\/www.bio21.bas.bg\/ippg\/bg\/index.php?rest_route=\/wp\/v2\/users\/2"}],"replies":[{"embeddable":true,"href":"http:\/\/www.bio21.bas.bg\/ippg\/bg\/index.php?rest_route=%2Fwp%2Fv2%2Fcomments&post=1349"}],"version-history":[{"count":4,"href":"http:\/\/www.bio21.bas.bg\/ippg\/bg\/index.php?rest_route=\/wp\/v2\/pages\/1349\/revisions"}],"predecessor-version":[{"id":1351,"href":"http:\/\/www.bio21.bas.bg\/ippg\/bg\/index.php?rest_route=\/wp\/v2\/pages\/1349\/revisions\/1351"}],"up":[{"embeddable":true,"href":"http:\/\/www.bio21.bas.bg\/ippg\/bg\/index.php?rest_route=\/wp\/v2\/pages\/56"}],"wp:attachment":[{"href":"http:\/\/www.bio21.bas.bg\/ippg\/bg\/index.php?rest_route=%2Fwp%2Fv2%2Fmedia&parent=1349"}],"curies":[{"name":"wp","href":"https:\/\/api.w.org\/{rel}","templated":true}]}}