{"id":5696,"date":"2014-09-16T13:14:06","date_gmt":"2014-09-16T10:14:06","guid":{"rendered":"http:\/\/www.bio21.bas.bg\/ippg\/bg\/?page_id=5696"},"modified":"2014-09-16T13:22:32","modified_gmt":"2014-09-16T10:22:32","slug":"ppgac-conference-2014-invited-lectures","status":"publish","type":"page","link":"http:\/\/www.bio21.bas.bg\/ippg\/bg\/?page_id=5696","title":{"rendered":"PPGAC Conference 2014 &#8211; Invited Lectures"},"content":{"rendered":"<p><strong>L-01<br \/>\nCHALLENGES AND OPPPORTUNITIES FOR FUTURE SUSTAINABLE AGRICULTURE AND ENVIRONMENT<\/strong><br \/>\nAtanassov A., Tsvetkov Ts.<\/p>\n<p><strong>L-02<br \/>\nVOLATILES ARE KEY SIGNALLING MOLECULES IN PLANT STRESS TOLERANCE AND LIKELY BIOMARKERS FOR POST-HARVEST SPOILAGE<\/strong><br \/>\nHall M. A., Sivakumaran A., Hebelstrup K., van Zanten M., Mandon J., Voesenek L. A. C. J., Cristescu S., Harren F., Mur L. A. J.<\/p>\n<p><strong>L-03<br \/>\nWHERE IS PLANT PROTEOMICS AT THE 20<sup>th<\/sup> BIRTHDAY OF THE PROTEOME CONCEPT?<\/strong><br \/>\nJorr\u00edn Novo J. V.<\/p>\n<p><strong>L-04<br \/>\nPLANT GENETIC RESOURCES FOR FOOD AND AGRICULTURE (PGRFA) \u2013 MAINTENANCE AND RESEARCH<\/strong><br \/>\nB\u00f6rner A., Landjeva S., Nagel M., Rehman Arif M. A., Allam M., Agacka M., Doroszewska T., Neumann K., Lohwasser  U.<\/p>\n<p><strong>L-05<br \/>\nROOT DEVELOPMENT: MOLECULAR MECHANISMS AND ADAPTIVE RESPONSE<\/strong><br \/>\nP\u00e9ret B.<\/p>\n<p><strong>L-06<br \/>\nUV-B IRRADIATION IN RICE: HIGH LEVELS OF Mn AND ASCORBATE LIMIT CHLOROPLAST OXIDATIVE BURST<\/strong><br \/>\nLidon F. C., Ramalho J. C., Leit\u00e3o A. E., Silva M. M. A., Pais I. P., Reboredo F. H., Pessoa M. F.<\/p>\n<p><strong>L-07<br \/>\nFROM LEAF PHYSIOLOGY TO DRYLAND ECOSYSTEM SERVICES<\/strong><br \/>\nCentritto M.<\/p>\n<p><strong>L-08<br \/>\nPLANT HORMONE FUNCTIONS IN ABIOTIC STRESS RESPONSES<\/strong><br \/>\nVankov\u00e1 R., Dobrev P., Kosov\u00e1 K., Pr\u00e1\u0161il I. T., Gaudinov\u00e1 A., Prerostov\u00e1 S., Motyka V.<\/p>\n<p><strong>L-09<br \/>\nROLE OF LIGHT IN THE ACCLIMATION PROCESSES IN PLANTS<\/strong><br \/>\nJanda T., P\u00e1l M., Dark\u00f3 E., Majl\u00e1th  I., Szalai G.<\/p>\n<p><strong>L-10<br \/>\nPHYSIOLOGICAL AND PHYLOGENETIC VIEW TO <em>cis<\/em>-ZEATIN-TYPE CYTOKININS IN PLANTS<\/strong><br \/>\nZ\u00e1vesk\u00e1 Dr\u00e1bkov\u00e1 L., Dobrev P. I., Motyka V.<\/p>\n","protected":false},"excerpt":{"rendered":"<p>L-01 CHALLENGES AND OPPPORTUNITIES FOR FUTURE SUSTAINABLE AGRICULTURE AND ENVIRONMENT Atanassov A., Tsvetkov Ts. L-02 VOLATILES ARE KEY SIGNALLING MOLECULES IN PLANT STRESS TOLERANCE AND LIKELY BIOMARKERS FOR POST-HARVEST SPOILAGE Hall M. A., Sivakumaran A., Hebelstrup K., van Zanten M., Mandon J., Voesenek L. A. C. J., Cristescu S., Harren F., Mur L. A. J. [&hellip;]<\/p>\n","protected":false},"author":2,"featured_media":0,"parent":4999,"menu_order":1,"comment_status":"closed","ping_status":"closed","template":"","meta":{"footnotes":""},"_links":{"self":[{"href":"http:\/\/www.bio21.bas.bg\/ippg\/bg\/index.php?rest_route=\/wp\/v2\/pages\/5696"}],"collection":[{"href":"http:\/\/www.bio21.bas.bg\/ippg\/bg\/index.php?rest_route=\/wp\/v2\/pages"}],"about":[{"href":"http:\/\/www.bio21.bas.bg\/ippg\/bg\/index.php?rest_route=\/wp\/v2\/types\/page"}],"author":[{"embeddable":true,"href":"http:\/\/www.bio21.bas.bg\/ippg\/bg\/index.php?rest_route=\/wp\/v2\/users\/2"}],"replies":[{"embeddable":true,"href":"http:\/\/www.bio21.bas.bg\/ippg\/bg\/index.php?rest_route=%2Fwp%2Fv2%2Fcomments&post=5696"}],"version-history":[{"count":6,"href":"http:\/\/www.bio21.bas.bg\/ippg\/bg\/index.php?rest_route=\/wp\/v2\/pages\/5696\/revisions"}],"predecessor-version":[{"id":5700,"href":"http:\/\/www.bio21.bas.bg\/ippg\/bg\/index.php?rest_route=\/wp\/v2\/pages\/5696\/revisions\/5700"}],"up":[{"embeddable":true,"href":"http:\/\/www.bio21.bas.bg\/ippg\/bg\/index.php?rest_route=\/wp\/v2\/pages\/4999"}],"wp:attachment":[{"href":"http:\/\/www.bio21.bas.bg\/ippg\/bg\/index.php?rest_route=%2Fwp%2Fv2%2Fmedia&parent=5696"}],"curies":[{"name":"wp","href":"https:\/\/api.w.org\/{rel}","templated":true}]}}