{"id":5706,"date":"2014-09-16T13:26:31","date_gmt":"2014-09-16T10:26:31","guid":{"rendered":"http:\/\/www.bio21.bas.bg\/ippg\/bg\/?page_id=5706"},"modified":"2014-09-16T13:27:38","modified_gmt":"2014-09-16T10:27:38","slug":"ppgac-conference-2014-oral-presentations","status":"publish","type":"page","link":"http:\/\/www.bio21.bas.bg\/ippg\/bg\/?page_id=5706","title":{"rendered":"PPGAC Conference 2014 &#8211; Oral Presentations"},"content":{"rendered":"<p><strong>O-01<br \/>\nSTUDIES OF DROUGHT STRESS RESPONSE IN <em>PHASEOLUS VULGARIS <\/em>L. AT GENE, PROTEIN AND PROTEASE LEVEL<\/strong><br \/>\n\u0160u\u0161tar Vozli\u010d J., Maras M., Zadra\u017enik T., Kidri\u010d M., Zupin M., Hollung K., Egge-Jacobsen W., Megli\u010d V.<\/p>\n<p><strong>O-02<br \/>\nSOLUTE TRANSPORT VIA THE PHLOEM IN TWO WHEAT GENOTYPES DIFFERING IN DROUGHT SUSCEPTIBILITY<\/strong><br \/>\nFeller U., Vaseva  I. I., Yuperlieva-Mateeva B.<\/p>\n<p><strong>O-03<br \/>\nINSECTICIDAL GENE (<em>cry1Ac<\/em>) IN TRANSGENIC BT COTTON UNDER THE CONTROL OF TISSUE SPECIFIC PROMOTER (rbcS) EXHIBITS ENHANCED RESISTANCE AGAINST LEPIDOPTERANS<\/strong><br \/>\nBakhsh A., Ayyaz M., Qayyum A., Shahid A. A., Husnain T.<\/p>\n<p><strong>O-04<br \/>\nUSING OF MARKER MUTANTS COLLECTION FOR THE HERITABILITY ANALYSIS OF MAIN TOMATO TRAITS FOR THE SPECIAL HYDROPONIC TECHNOLOGY<\/strong><br \/>\nBalashova I. T., Pivovarov V. F., Sirota S. M., Kozar E. G., Pinchuk E. V., Mitrofanova O. A.<\/p>\n<p><strong>O-05<br \/>\nPLANT CYSTATINS: MULTIPURPOSE STRESS PROTECTORS IN PLANTS<\/strong><br \/>\nKunert K., Quain M., Makgopa E., van Wyk S., Foyer Ch.<\/p>\n<p><strong>O-06<br \/>\nPRODUCTION AND CHARACTERIZATION OF <em>CHLAMYDOMONAS <\/em>MUTANTS FOR OPTICAL AND ELECTROCHEMICAL BIO-SENSING<\/strong><br \/>\nLambreva M. D., Antonacci A., Scognamiglio V., Buonasera K., Rea G.<\/p>\n<p><strong>O-07<br \/>\nASPECTS OF THE INDUCED GENETIC INSTABILITY IN BARLEY GENOME<\/strong><br \/>\nStoilov L., Manova V., Georgieva M., Georgieva R., Nikolova I., Gercheff K., Luxiang L., Cremonini R.<\/p>\n<p><strong>O-08<br \/>\nHORMONAL REGULATION OF FROST TOLERANCE IN POPULATIONS OF <em>ARABIS ALPINA <\/em>L. FROM FRENCH ALPS AND RILA  MOUNTAIN<\/strong><br \/>\nAnaniev E. D., Laporte F., Ananieva K., Kolaksazov M., Dobrev P., Motyka V., Herzog M.<\/p>\n<p><strong>O-09<br \/>\nSEQUENCE ANALYSIS OF THE rDNA INTERGENIC REGIONS IN <em>HORDEUM VULGARE <\/em>AND <em>HORDEUM BULBOSUM<\/em>: EVIDENCE FOR HOMOGENIZATION AND EVOLUTIONARY CHANGES<\/strong><br \/>\nGeorgiev O., Ananiev E. D., Gecheff K., Karagyozov L.<\/p>\n<p><strong>O-10<br \/>\nTHE GENETIC APPROACH TO PHYSIOLOGICAL STUDIES IN BREAD WHEAT<\/strong><br \/>\nLandjeva S., B\u00f6rner A., Pshenichnikova T., Khlestkina E., Kartseva T., Lohwasser U.<\/p>\n<p><strong>O-11<br \/>\nMOLECULAR MECHANISMS OF UV-INDUCED DNA DAMAGE RESPONSE IN BARLEY<\/strong><br \/>\nManova V., Georgieva R., Stoilov L.<\/p>\n<p><strong>O-12<br \/>\nPHYSIOLOGY AND BIOCHEMISTRY OF ADAPTATION AND PRODUCTIVITY OF <em>CAMELINA SATIVA <\/em>(L.) CRANTZ IN DIFFERENT BIOGEOGRAPHIC REGIONS<\/strong><br \/>\nMapelli S., Saikia S. P., Handique N., Borah J., Brambilla I., Galasso I.<\/p>\n<p><strong>O-13<br \/>\nVARIABILITY OF GROWTH AND OIL CHARACTERICTICS OF <em>JATROPHA CURCAS <\/em>L. IN NORTHEAST INDIA<\/strong><br \/>\nSaikia S. P., Mapelli S., Gogoi A., Bhattacharyya P. R.<\/p>\n<p><strong>O-14<br \/>\nLOCAL PLANT VARIETIES \u2013 LOCAL KNOWLEDGE AND STRATEGIC POLICIES<\/strong><br \/>\nDimitrova D., Ivanova T., Chakrakchieva L., Bosseva Yu., Stoeva T.<\/p>\n<p><strong>O-15<br \/>\nEFFECTS OF DROUGHT AND ABA TREATMENT ON <em>LEA14 <\/em>GENE EXPRESSION AND SOME PHYSIOLOGICAL PARAMETERS IN MAIZE GENOTYPES<\/strong><br \/>\nAktas L. Y., Dilek D.<\/p>\n<p><strong>O-16<br \/>\nEFFECT OF TEMPERATURE ON THE POOL OF ENDOGENOUS ABSCISIC AND INDOLE-3-ACETIC ACID AND BALANCE OF THEIR FREE AND CONJUGATED FORMS IN SEEDLINGS OF <em>TRITICUM AESTIVUM <\/em>L.<\/strong><br \/>\nKosakivska I. V., Voitenko L. V., Lihnevsky R. V., Ustinova A. Y.<\/p>\n<p><strong>O-17<br \/>\nCHARACTERIZATION OF SOME FEATURES IN COMMON WINTER WHEAT (<em>TRITICUM AESTIVUM <\/em>L.) IN THE F2 POPULATION OF THE CROSS En-01a x Fla-10-401<\/strong><br \/>\nStoyanov H.<\/p>\n<p><strong>O-18<br \/>\nMOLECULAR CHARACTERIZATION OF LAVENDER (<em>LAVANDULA ANGUSTIFOLIA<\/em>) GENETIC RESOURCES USING SEQUENCE RELATED AMPLIFIED POLYMORPHISM (SRAP) MARKERS<\/strong><br \/>\nZagorcheva Tz., Stanev S., Atanassov I.<\/p>\n<p><strong>O-19<br \/>\nPHOTOSYNTHESIS AND PIGMENT CONTENT OF LARIX TREES GROWN ON PERMAFROST SOILS<\/strong><br \/>\nMasyagina O., Prokushkin A.<\/p>\n<p><strong>O-20<br \/>\nCLASS 1 <em>KNOX <\/em>HOMEOBOX TRANSCRIPTION FACTORS ANTAGONISTICALLY MASTER BRASSINOSTEROID HOMEOSTASIS AND SIGNALING PATHWAY FOR PROPER MERISTEM ACTIVITY<\/strong><br \/>\nDi Giacomo E., Iafrate S., Giannino D., Frugis G., Loreto F., Mele G.<\/p>\n<p><strong>O-21<br \/>\nPHYLOGENETIC ASSESSMENT OF GAIN\/LOSS OF GENES AND FUNCTIONS IN THE EVOLUTION OF GRASSES (POACEAE)<\/strong><br \/>\nAvdjieva I.<\/p>\n<p><strong>O-22<br \/>\nINFLUENCE OF FERTILIZATION ON GROWTH, YIELD AND CHEMICAL CONSTITUENTS OF <em>LALLEMANTIA IBERICA <\/em>PLANT<\/strong><br \/>\nEl-Sherbeny E. S., Badawy M. El-S., Hussein S. M., Hendawy F. S., El-Kady F. Y. A., Amer M. S. H.<\/p>\n<p><strong>O-23<br \/>\n110<sup>th<\/sup> ANNIVERSARY OF ACADEMICIAN HRISTO DASKALOV\u2019S BIRTH<\/strong><br \/>\nDanailov Zh. P.<\/p>\n","protected":false},"excerpt":{"rendered":"<p>O-01 STUDIES OF DROUGHT STRESS RESPONSE IN PHASEOLUS VULGARIS L. AT GENE, PROTEIN AND PROTEASE LEVEL \u0160u\u0161tar Vozli\u010d J., Maras M., Zadra\u017enik T., Kidri\u010d M., Zupin M., Hollung K., Egge-Jacobsen W., Megli\u010d V. O-02 SOLUTE TRANSPORT VIA THE PHLOEM IN TWO WHEAT GENOTYPES DIFFERING IN DROUGHT SUSCEPTIBILITY Feller U., Vaseva I. I., Yuperlieva-Mateeva B. O-03 [&hellip;]<\/p>\n","protected":false},"author":2,"featured_media":0,"parent":4999,"menu_order":2,"comment_status":"closed","ping_status":"closed","template":"","meta":{"footnotes":""},"_links":{"self":[{"href":"http:\/\/www.bio21.bas.bg\/ippg\/bg\/index.php?rest_route=\/wp\/v2\/pages\/5706"}],"collection":[{"href":"http:\/\/www.bio21.bas.bg\/ippg\/bg\/index.php?rest_route=\/wp\/v2\/pages"}],"about":[{"href":"http:\/\/www.bio21.bas.bg\/ippg\/bg\/index.php?rest_route=\/wp\/v2\/types\/page"}],"author":[{"embeddable":true,"href":"http:\/\/www.bio21.bas.bg\/ippg\/bg\/index.php?rest_route=\/wp\/v2\/users\/2"}],"replies":[{"embeddable":true,"href":"http:\/\/www.bio21.bas.bg\/ippg\/bg\/index.php?rest_route=%2Fwp%2Fv2%2Fcomments&post=5706"}],"version-history":[{"count":3,"href":"http:\/\/www.bio21.bas.bg\/ippg\/bg\/index.php?rest_route=\/wp\/v2\/pages\/5706\/revisions"}],"predecessor-version":[{"id":5709,"href":"http:\/\/www.bio21.bas.bg\/ippg\/bg\/index.php?rest_route=\/wp\/v2\/pages\/5706\/revisions\/5709"}],"up":[{"embeddable":true,"href":"http:\/\/www.bio21.bas.bg\/ippg\/bg\/index.php?rest_route=\/wp\/v2\/pages\/4999"}],"wp:attachment":[{"href":"http:\/\/www.bio21.bas.bg\/ippg\/bg\/index.php?rest_route=%2Fwp%2Fv2%2Fmedia&parent=5706"}],"curies":[{"name":"wp","href":"https:\/\/api.w.org\/{rel}","templated":true}]}}