{"id":7711,"date":"2016-12-22T11:32:51","date_gmt":"2016-12-22T09:32:51","guid":{"rendered":"http:\/\/www.bio21.bas.bg\/ippg\/bg\/?page_id=7711"},"modified":"2018-08-22T13:35:53","modified_gmt":"2018-08-22T11:35:53","slug":"gpp-63-4-2016","status":"publish","type":"page","link":"http:\/\/www.bio21.bas.bg\/ippg\/bg\/?page_id=7711","title":{"rendered":"GPP 6(3-4) 2016"},"content":{"rendered":"<table border=\"0\" cellspacing=\"1\" cellpadding=\"5\" width=\"590\" align=\"center\">\n<tbody>\n<tr>\n<td style=\"text-align: center;\" width=\"20%\" valign=\"middle\"><a href=\"http:\/\/www.bio21.bas.bg\/ippg\/bg\/wp-content\/uploads\/2016\/12\/GPP_6_3-4_S4_Cover.jpg\"><img loading=\"lazy\" decoding=\"async\" class=\"aligncenter size-full wp-image-7748\" style=\"border: 1px solid grey;\" title=\"GPP_6_3-4_S4_Cover_th\" src=\"http:\/\/www.bio21.bas.bg\/ippg\/bg\/wp-content\/uploads\/2016\/12\/GPP_6_3-4_S4_Cover_th.jpg\" alt=\"\" width=\"86\" height=\"120\" \/><\/a><\/td>\n<td style=\"text-align: center;\" width=\"60%\" valign=\"top\"><span style=\"color: #003300;\"><strong>Genetics and Plant Physiology<br \/>\nVolume 6, No 3-4, 2016<\/strong><\/span><\/td>\n<td style=\"text-align: center;\" width=\"10%\" valign=\"bottom\"><span style=\"color: #003300;\"><strong>Pages<\/strong><\/span><\/td>\n<td style=\"text-align: center;\" width=\"10%\" valign=\"bottom\"><span style=\"color: #003300;\"><strong>Full text<\/strong><\/span><\/td>\n<\/tr>\n<tr>\n<td colspan=\"2\" valign=\"top\"><strong>Preface<\/strong><\/td>\n<td style=\"text-align: center;\" valign=\"top\">&#8211; &#8211;<\/td>\n<td style=\"text-align: center;\" valign=\"top\"><a href=\"http:\/\/www.bio21.bas.bg\/ippg\/bg\/wp-content\/uploads\/2016\/12\/GPP_6_3-4_2016_preface.pdf\">PDF<\/a><\/td>\n<\/tr>\n<tr>\n<td colspan=\"2\" valign=\"top\"><strong>Content<\/strong><\/td>\n<td style=\"text-align: center;\" valign=\"top\">&#8211; &#8211;<\/td>\n<td style=\"text-align: center;\" valign=\"top\"><a href=\"http:\/\/www.bio21.bas.bg\/ippg\/bg\/wp-content\/uploads\/2016\/12\/GPP_6_3-4_2016_content.pdf\">PDF<\/a><\/td>\n<\/tr>\n<tr>\n<td style=\"text-align: justify;\" colspan=\"2\" valign=\"top\"><strong>Cep\u00e1k V., P. P\u0159ibyl, V. Ji\u0159i\u010dn\u00fd, J. Kohoutkov\u00e1<\/strong><br \/>\nEffect of different light spectra on growth and fatty acid composition in the eustigmatophycean microalga <em>Trachydiscus minutus<\/em><\/td>\n<td style=\"text-align: center;\" valign=\"top\">103-115<\/td>\n<td style=\"text-align: center;\" valign=\"top\"><a href=\"http:\/\/www.bio21.bas.bg\/ippg\/bg\/wp-content\/uploads\/2016\/12\/GPP_6_3-4_2016_103-115.pdf\">PDF<\/a><\/td>\n<\/tr>\n<tr>\n<td style=\"text-align: justify;\" colspan=\"2\" valign=\"top\"><strong>Simova-Stoilova L., E. Kirova, G. Zehirov, I. Vaseva,\u00a0 U. Feller<\/strong><br \/>\nAminopeptidase activities in roots and leaves of drought stressed winter wheat seedlings<\/td>\n<td style=\"text-align: center;\" valign=\"top\">116-134<\/td>\n<td style=\"text-align: center;\" valign=\"top\"><a href=\"http:\/\/www.bio21.bas.bg\/ippg\/bg\/wp-content\/uploads\/2016\/12\/GPP_6_3-4_2016_116-134.pdf\">PDF<\/a><\/td>\n<\/tr>\n<tr>\n<td style=\"text-align: justify;\" colspan=\"2\" valign=\"top\"><strong>Petrova L., A. Yordanova, V. Bogoeva<\/strong><br \/>\nAdenine binding capacity of a plant lectin <em>Concanavalin A<\/em><\/td>\n<td style=\"text-align: center;\" valign=\"top\">135-141<\/td>\n<td style=\"text-align: center;\" valign=\"top\"><a href=\"http:\/\/www.bio21.bas.bg\/ippg\/bg\/wp-content\/uploads\/2016\/12\/GPP_6_3-4_2016_135-141.pdf\">PDF<\/a><\/td>\n<\/tr>\n<tr>\n<td style=\"text-align: justify;\" colspan=\"2\" valign=\"top\"><strong>Stoycheva T., M. Pesheva, P. Venkov<\/strong><br \/>\nOxidative stress generated by carcinogens in <em>Sacchromyces cerevisae<\/em> allows their detection with a short-therm test<\/td>\n<td style=\"text-align: center;\" valign=\"top\">142-157<\/td>\n<td style=\"text-align: center;\" valign=\"top\"><a href=\"http:\/\/www.bio21.bas.bg\/ippg\/bg\/wp-content\/uploads\/2016\/12\/GPP_6_3-4_2016_142-157.pdf\">PDF<\/a><\/td>\n<\/tr>\n<tr>\n<td style=\"text-align: justify;\" colspan=\"2\" valign=\"top\"><strong>Savchenko G. E., Kabashnikova\u00a0 L. F. , Abramchik L. M.<\/strong><br \/>\nEffect of exogenous \u03b2-amino butyric acid on exo- and endo-cellular pH and redox state of ascorbate in leaves of barley seedlings (<em>Hordeum vulgare<\/em> L.)<\/td>\n<td style=\"text-align: center;\" valign=\"top\">158-166<\/td>\n<td style=\"text-align: center;\" valign=\"top\"><a href=\"http:\/\/www.bio21.bas.bg\/ippg\/bg\/wp-content\/uploads\/2016\/12\/GPP_6_3-4_2016_158-166.pdf\">PDF<\/a><\/td>\n<\/tr>\n<tr>\n<td style=\"text-align: justify;\" colspan=\"2\" valign=\"top\"><strong>Lamlom S., S. Georgieva, P. Dimitrova-Mateva, S. Anev, N. Tzvetkova,<br \/>\nG. Chaneva<\/strong><br \/>\nChanges of some oxidative stress markers in beech leaves after <em>Orchestes fagi<\/em> infestation<\/td>\n<td style=\"text-align: center;\" valign=\"top\">167-175<\/td>\n<td style=\"text-align: center;\" valign=\"top\"><a href=\"http:\/\/www.bio21.bas.bg\/ippg\/bg\/wp-content\/uploads\/2016\/12\/GPP_6_3-4_2016_167-175.pdf\">PDF<\/a><\/td>\n<\/tr>\n<tr>\n<td style=\"text-align: justify;\" colspan=\"2\" valign=\"top\"><strong>Khaitov B.<\/strong><br \/>\nEffect of synergetic interactions of abruscula micorrhiza fungi and rhizobia on soybean yield under saline condition<\/td>\n<td style=\"text-align: center;\" valign=\"top\">176-185<\/td>\n<td style=\"text-align: center;\" valign=\"top\"><a href=\"http:\/\/www.bio21.bas.bg\/ippg\/bg\/wp-content\/uploads\/2016\/12\/GPP_6_3-4_2016_176-185.pdf\">PDF<\/a><\/td>\n<\/tr>\n<tr>\n<td style=\"text-align: justify;\" colspan=\"2\" valign=\"top\"><strong>Arunprasath A., M. Gomathinayagam<\/strong><br \/>\nDifferential expression in morphology and photosynthetic pigment composition of <em>Ceriops decandra<\/em> after NaCl stress<\/td>\n<td style=\"text-align: center;\" valign=\"top\">186-194<\/td>\n<td style=\"text-align: center;\" valign=\"top\"><a href=\"http:\/\/www.bio21.bas.bg\/ippg\/bg\/wp-content\/uploads\/2016\/12\/GPP_6_3-4_2016_186-1941.pdf\">PDF<\/a><\/td>\n<\/tr>\n<tr>\n<td style=\"text-align: justify;\" colspan=\"2\" valign=\"top\"><strong>Spirova M.<\/strong><br \/>\n110 Years since the birth of Professor Gencho Genchev (02 September 1906 \u2013 25 November 1989)<\/td>\n<td style=\"text-align: center;\" valign=\"top\">195-200<\/td>\n<td style=\"text-align: center;\" valign=\"top\"><a href=\"http:\/\/www.bio21.bas.bg\/ippg\/bg\/wp-content\/uploads\/2016\/12\/GPP_6_3-4_2016_195-200.pdf\">PDF<\/a><\/td>\n<\/tr>\n<tr>\n<td style=\"text-align: justify;\" colspan=\"2\" valign=\"top\"><strong>Instructions<\/strong><\/td>\n<td style=\"text-align: center;\" valign=\"top\">&#8211; &#8211;<\/td>\n<td style=\"text-align: center;\" valign=\"top\"><a href=\"http:\/\/www.bio21.bas.bg\/ippg\/bg\/wp-content\/uploads\/2016\/07\/GPP_6_1-2_2016_instructions.pdf\">PDF<\/a><\/td>\n<\/tr>\n<\/tbody>\n<\/table>\n","protected":false},"excerpt":{"rendered":"<p>Genetics and Plant Physiology Volume 6, No 3-4, 2016 Pages Full text Preface &#8211; &#8211; PDF Content &#8211; &#8211; PDF Cep\u00e1k V., P. P\u0159ibyl, V. Ji\u0159i\u010dn\u00fd, J. Kohoutkov\u00e1 Effect of different light spectra on growth and fatty acid composition in the eustigmatophycean microalga Trachydiscus minutus 103-115 PDF Simova-Stoilova L., E. Kirova, G. Zehirov, I. Vaseva,\u00a0 [&hellip;]<\/p>\n","protected":false},"author":2,"featured_media":0,"parent":1681,"menu_order":8,"comment_status":"closed","ping_status":"closed","template":"","meta":{"footnotes":""},"_links":{"self":[{"href":"http:\/\/www.bio21.bas.bg\/ippg\/bg\/index.php?rest_route=\/wp\/v2\/pages\/7711"}],"collection":[{"href":"http:\/\/www.bio21.bas.bg\/ippg\/bg\/index.php?rest_route=\/wp\/v2\/pages"}],"about":[{"href":"http:\/\/www.bio21.bas.bg\/ippg\/bg\/index.php?rest_route=\/wp\/v2\/types\/page"}],"author":[{"embeddable":true,"href":"http:\/\/www.bio21.bas.bg\/ippg\/bg\/index.php?rest_route=\/wp\/v2\/users\/2"}],"replies":[{"embeddable":true,"href":"http:\/\/www.bio21.bas.bg\/ippg\/bg\/index.php?rest_route=%2Fwp%2Fv2%2Fcomments&post=7711"}],"version-history":[{"count":33,"href":"http:\/\/www.bio21.bas.bg\/ippg\/bg\/index.php?rest_route=\/wp\/v2\/pages\/7711\/revisions"}],"predecessor-version":[{"id":8922,"href":"http:\/\/www.bio21.bas.bg\/ippg\/bg\/index.php?rest_route=\/wp\/v2\/pages\/7711\/revisions\/8922"}],"up":[{"embeddable":true,"href":"http:\/\/www.bio21.bas.bg\/ippg\/bg\/index.php?rest_route=\/wp\/v2\/pages\/1681"}],"wp:attachment":[{"href":"http:\/\/www.bio21.bas.bg\/ippg\/bg\/index.php?rest_route=%2Fwp%2Fv2%2Fmedia&parent=7711"}],"curies":[{"name":"wp","href":"https:\/\/api.w.org\/{rel}","templated":true}]}}