{"id":92,"date":"2011-03-10T14:31:00","date_gmt":"2011-03-10T14:31:00","guid":{"rendered":"http:\/\/www.bio21.bas.bg\/ippg\/bg\/?page_id=92"},"modified":"2024-10-16T10:23:03","modified_gmt":"2024-10-16T08:23:03","slug":"%d0%bd%d0%b0%d1%83%d1%87%d0%b5%d0%bd-%d1%81%d0%b5%d0%ba%d1%80%d0%b5%d1%82%d0%b0%d1%80","status":"publish","type":"page","link":"http:\/\/www.bio21.bas.bg\/ippg\/bg\/?page_id=92","title":{"rendered":"\u041d\u0430\u0443\u0447\u0435\u043d \u0441\u0435\u043a\u0440\u0435\u0442\u0430\u0440 &#8211; \u0414\u043e\u0446. \u0434-\u0440 \u041a\u0430\u043b\u0438\u043d\u0430 \u0410\u043d\u0430\u043d\u0438\u0435\u0432\u0430"},"content":{"rendered":"<table border=\"0\" width=\"550\" cellspacing=\"0\" cellpadding=\"0\">\n<tbody>\n<tr>\n<td valign=\"top\" width=\"40%\"><img loading=\"lazy\" decoding=\"async\" class=\"aligncenter size-full wp-image-9125\" style=\"border: 1px solid grey; border-radius: 9px; box-shadow: 1px 1px 3px #717070;\" src=\"http:\/\/www.bio21.bas.bg\/ippg\/bg\/wp-content\/uploads\/2020\/06\/ananieva-k.jpg\" alt=\"\" width=\"250\" height=\"250\" \/><\/td>\n<td style=\"text-align: center;\" width=\"60%\">\n<h5>\u0414\u043e\u0446\u0435\u043d\u0442 \u0434-\u0440 \u041a\u0430\u043b\u0438\u043d\u0430 \u0410\u043d\u0430\u043d\u0438\u0435\u0432\u0430<\/h5>\n<p>\u0411\u043b\u043e\u043a 21, \u043e\u0444\u0438\u0441 208<br \/>\n\u0422\u0435\u043b.: +359-2-9793650<br \/>\n\u0415-mail:\u00a0<a href=\"mailto:kalivanova@yahoo.com\">kalivanova@yahoo.com<\/a><\/td>\n<\/tr>\n<\/tbody>\n<\/table>\n<h3>\u041e\u0411\u041b\u0410\u0421\u0422 \u041d\u0410 \u041d\u0410\u0423\u0427\u041d\u0418 \u0418\u0417\u0421\u041b\u0415\u0414\u0412\u0410\u041d\u0418\u042f<\/h3>\n<p style=\"text-align: justify;\">\u0425\u043e\u0440\u043c\u043e\u043d\u0430\u043b\u043d\u0430 \u0440\u0435\u0433\u0443\u043b\u0430\u0446\u0438\u044f \u043d\u0430 \u0444\u0438\u0437\u0438\u043e\u043b\u043e\u0433\u0438\u0447\u043d\u0438\u0442\u0435 \u043f\u0440\u043e\u0446\u0435\u0441\u0438 \u0432 \u0440\u0430\u0441\u0442\u0435\u043d\u0438\u044f\u0442\u0430, \u043c\u0435\u0442\u0430\u0431\u043e\u043b\u0438\u0437\u044a\u043c \u043d\u0430 \u0446\u0438\u0442\u043e\u043a\u0438\u043d\u0438\u043d\u0438,\u00a0 \u0440\u0435\u0433\u0443\u043b\u0430\u0446\u0438\u044f \u043d\u0430 \u0435\u0441\u0442\u0435\u0441\u0442\u0432\u0435\u043d\u043e\u0442\u043e \u0438 \u0441\u0442\u0440\u0435\u0441-\u0438\u043d\u0434\u0443\u0446\u0438\u0440\u0430\u043d\u043e \u0441\u0442\u0430\u0440\u0435\u0435\u043d\u0435,\u00a0 \u043c\u0435\u0442\u0430\u0431\u043e\u043b\u0438\u0437\u044a\u043c \u043d\u0430 \u0440\u0435\u0437\u0435\u0440\u0432\u043d\u0438 \u0438 \u0441\u0442\u0440\u0435\u0441-\u0438\u043d\u0434\u0443\u0446\u0438\u0440\u0430\u043d\u0438 \u0431\u0435\u043b\u0442\u044a\u0446\u0438, \u043c\u0435\u0445\u0430\u043d\u0438\u0437\u043c\u0438 \u043d\u0430 \u0430\u0434\u0430\u043f\u0442\u0430\u0446\u0438\u044f \u043a\u044a\u043c \u0430\u0431\u0438\u043e\u0442\u0438\u0447\u0435\u043d \u0441\u0442\u0440\u0435\u0441.<\/p>\n<h3>\u041e\u0431\u0440\u0430\u0437\u043e\u0432\u0430\u043d\u0438\u0435<\/h3>\n<ul>\n<li style=\"text-align: justify;\">1999 \u0433. &#8211; \u0414\u043e\u043a\u0442\u043e\u0440 &#8211; \u0418\u043d\u0441\u0442\u0438\u0442\u0443\u0442 \u043f\u043e \u0444\u0438\u0437\u0438\u043e\u043b\u043e\u0433\u0438\u044f \u043d\u0430 \u0440\u0430\u0441\u0442\u0435\u043d\u0438\u044f\u0442\u0430 \u201e\u0410\u043a\u0430\u0434. \u041c. \u041f\u043e\u043f\u043e\u0432\u201d &#8211; \u0411\u0410\u041d, \u043d\u0430\u0443\u0447\u043d\u0430 \u0441\u043f\u0435\u0446\u0438\u0430\u043b\u043d\u043e\u0441\u0442 &#8222;\u0424\u0438\u0437\u0438\u043e\u043b\u043e\u0433\u0438\u044f \u043d\u0430 \u0440\u0430\u0441\u0442\u0435\u043d\u0438\u044f\u0442\u0430&#8220;<\/li>\n<li style=\"text-align: justify;\">1983 \u0433. &#8211; \u041c\u0430\u0433\u0438\u0441\u0442\u044a\u0440 \u043f\u043e \u0444\u0438\u0437\u0438\u043e\u043b\u043e\u0433\u0438\u044f \u0438 \u0431\u0438\u043e\u0445\u0438\u043c\u0438\u044f \u043d\u0430 \u0440\u0430\u0441\u0442\u0435\u043d\u0438\u044f\u0442\u0430 &#8211; \u0411\u0438\u043e\u043b\u043e\u0433\u0438\u0447\u0435\u0441\u043a\u0438 \u0444\u0430\u043a\u0443\u043b\u0442\u0435\u0442, \u0421\u0423 &#8222;\u0421\u0432. \u041a\u043b. \u041e\u0445\u0440\u0438\u0434\u0441\u043a\u0438&#8220;<\/li>\n<\/ul>\n<h3>\u0410\u043a\u0430\u0434\u0435\u043c\u0438\u0447\u043d\u0438 \u0434\u043b\u044a\u0436\u043d\u043e\u0441\u0442\u0438<\/h3>\n<ul>\n<li style=\"text-align: justify;\">2012- \u0434\u043e\u0446\u0435\u043d\u0442, \u00a0\u0418\u0424\u0420\u0413-\u0411\u0410\u041d<\/li>\n<li style=\"text-align: justify;\">2002-2011 &#8211;\u00a0 \u043d.\u0441. \u0406 \u0441\u0442., \u0418\u0424\u0420 &#8222;\u0410\u043a\u0430\u0434. \u041c. \u041f\u043e\u043f\u043e\u0432&#8220;, \u0411\u0410\u041d<\/li>\n<li style=\"text-align: justify;\">1999-2002 &#8211; \u043d.\u0441. \u0406\u0406 \u0441\u0442., \u0418\u0424\u0420 &#8222;\u0410\u043a\u0430\u0434. \u041c. \u041f\u043e\u043f\u043e\u0432&#8220;, \u0411\u0410\u041d<\/li>\n<li style=\"text-align: justify;\">1995-1999 &#8211; \u0434\u043e\u043a\u0442\u043e\u0440\u0430\u043d\u0442 \u043d\u0430 \u0441\u0430\u043c\u043e\u0441\u0442\u043e\u044f\u0442\u0435\u043b\u043d\u0430 \u043f\u043e\u0434\u0433\u043e\u0442\u043e\u0432\u043a\u0430 \u043a\u044a\u043c \u0441\u0435\u043a\u0446\u0438\u044f &#8222;\u0413\u0435\u043d\u043e\u043c\u0438\u043a\u0430 \u0438 \u043f\u0440\u043e\u0442\u0435\u043e\u043c\u0438\u043a\u0430&#8220;, \u0418\u0424\u0420 &#8222;\u0410\u043a\u0430\u0434. \u041c. \u041f\u043e\u043f\u043e\u0432&#8220;, \u0411\u0410\u041d<\/li>\n<\/ul>\n<h3>\u041d\u0430\u0443\u0447\u043d\u043e-\u043e\u0440\u0433\u0430\u043d\u0438\u0437\u0430\u0446\u0438\u043e\u043d\u043d\u0430 \u0434\u0435\u0439\u043d\u043e\u0441\u0442<\/h3>\n<ul>\n<li style=\"text-align: justify;\">2018 &#8211; \u043d\u0430\u0443\u0447\u0435\u043d \u0441\u0435\u043a\u0440\u0435\u0442\u0430\u0440 \u043d\u0430 \u0418\u0424\u0420\u0413-\u0411\u0410\u041d<\/li>\n<li style=\"text-align: justify;\">2014-2018 &#8211; \u043f\u0440\u0435\u0434\u0441\u0435\u0434\u0430\u0442\u0435\u043b \u043d\u0430 \u041e\u0431\u0449\u043e\u0442\u043e \u0441\u044a\u0431\u0440\u0430\u043d\u0438\u0435 \u043d\u0430 \u0443\u0447\u0435\u043d\u0438\u0442\u0435, \u0418\u0424\u0420\u0413-\u0411\u0410\u041d<\/li>\n<li style=\"text-align: justify;\">2014- \u0434\u043e \u043c\u043e\u043c\u0435\u043d\u0442\u0430 &#8211; \u0447\u043b\u0435\u043d \u043d\u0430 \u041d\u0421 \u043d\u0430 \u0418\u0424\u0420\u0413-\u0411\u0410\u041d<\/li>\n<li style=\"text-align: justify;\">2014 &#8211; \u0447\u043b\u0435\u043d \u043d\u0430 \u0410\u0442\u0435\u0441\u0442\u0430\u0446\u0438\u043e\u043d\u043d\u0430\u0442\u0430 \u043a\u043e\u043c\u0438\u0441\u0438\u044f \u043d\u0430 \u0418\u0424\u0420\u0413<\/li>\n<li style=\"text-align: justify;\">1998-2002 &#8211; \u0441\u0435\u043a\u0440\u0435\u0442\u0430\u0440 \u043d\u0430 \u0441\u0435\u043a\u0446\u0438\u044f &#8222;\u0413\u0435\u043d\u043e\u043c\u0438\u043a\u0430 \u0438 \u043f\u0440\u043e\u0442\u0435\u043e\u043c\u0438\u043a\u0430&#8220;, \u0418\u0424\u0420-\u0411\u0410\u041d<\/li>\n<\/ul>\n<h3>\u0423\u0447\u0430\u0441\u0442\u0438\u0435 \u0432 \u0440\u0435\u0434\u0430\u043a\u0446\u0438\u043e\u043d\u043d\u0438 \u043a\u043e\u043b\u0435\u0433\u0438\u0438<\/h3>\n<ul>\n<li style=\"text-align: justify;\">2013- 2023 &#8211; \u00a0South African Journal of Botany<\/li>\n<li style=\"text-align: justify;\">2012- 2019 &#8211; \u00a0Genetics and Plant Physiology- \u0438\u0437\u0434\u0430\u043d\u0438\u0435 \u043d\u0430 \u0418\u0424\u0420\u0413-\u0411\u0410\u041d<\/li>\n<li style=\"text-align: justify;\">2011- 2024 &#8211; \u00a0Plant Growth Regulation<\/li>\n<\/ul>\n<h3>\u0421\u043f\u0435\u0446\u0438\u0430\u043b\u0438\u0437\u0430\u0446\u0438\u0438 \u0438 \u043c\u0435\u0436\u0434\u0443\u043d\u0430\u0440\u043e\u0434\u043d\u043e \u0441\u044a\u0442\u0440\u0443\u0434\u043d\u0438\u0447\u0435\u0441\u0442\u0432\u043e<\/h3>\n<ul>\n<li style=\"text-align: justify;\">\u043c\u0430\u0439 2002- \u043c\u0430\u0439 2003 &#8211; \u043f\u043e\u0441\u0442\u0434\u043e\u043a\u0442\u043e\u0440\u0441\u043a\u0430 \u0441\u043f\u0435\u0446\u0438\u0430\u043b\u0438\u0437\u0430\u0446\u0438\u044f \u0432 Research Centre for Plant Growth and Development, University of KwaZulu-Natal Pietermaritzburg, \u0420\u0435\u043f\u0443\u0431\u043b\u0438\u043a\u0430 \u042e\u0436\u043d\u0430 \u0410\u0444\u0440\u0438\u043a\u0430, \u0440\u044a\u043a\u043e\u0432\u043e\u0434\u0438\u0442\u0435\u043b &#8211; \u043f\u0440\u043e\u0444. \u0419\u043e\u0445\u0430\u043d\u0435\u0441 \u0432\u0430\u043d \u0421\u0442\u0430\u0434\u0435\u043d<\/li>\n<li style=\"text-align: justify;\">2006-2010, 2014-2016 &#8211; \u0434\u0432\u0443\u0441\u0442\u0440\u0430\u043d\u043d\u043e \u0441\u044a\u0442\u0440\u0443\u0434\u043d\u0438\u0447\u0435\u0441\u0442\u0432\u043e \u0441 \u043b\u0430\u0431\u043e\u0440\u0430\u0442\u043e\u0440\u0438\u044f\u0442\u0430 \u043f\u043e \u0445\u043e\u0440\u043c\u043e\u043d\u0430\u043b\u043d\u0430 \u0440\u0435\u0433\u0443\u043b\u0430\u0446\u0438\u044f \u0432 \u0440\u0430\u0441\u0442\u0435\u043d\u0438\u044f\u0442\u0430, \u0418\u043d\u0441\u0442\u0438\u0442\u0443\u0442 \u043f\u043e \u0435\u043a\u0441\u043f\u0435\u0440\u0438\u043c\u0435\u043d\u0442\u0430\u043b\u043d\u0430 \u0431\u043e\u0442\u0430\u043d\u0438\u043a\u0430, \u041f\u0440\u0430\u0433\u0430 &#8211; \u0427\u0435\u0448\u043a\u0430 \u0430\u043a\u0430\u0434\u0435\u043c\u0438\u044f \u043d\u0430 \u043d\u0430\u0443\u043a\u0438\u0442\u0435<\/li>\n<\/ul>\n<h3>\u0418\u0437\u0431\u0440\u0430\u043d\u0438 \u041f\u0440\u043e\u0435\u043a\u0442\u0438<\/h3>\n<p style=\"text-align: justify;\">2019-2022 \u2013 \u041f\u0440\u043e\u0435\u043a\u0442\u00a0 \u041a\u041f-06-\u041d36\/1, \u0444\u0438\u043d\u0430\u043d\u0441\u0438\u0440\u0430\u043d \u043e\u0442 \u0424\u041d\u0418-\u041c\u041e\u041d, \u043d\u0430 \u0442\u0435\u043c\u0430: \u201e\u041e\u043f\u0442\u0438\u043c\u0438\u0437\u0438\u0440\u0430\u043d\u0435 \u043d\u0430 \u0441\u044a\u0441\u0442\u0430\u0432\u0430 \u0438 \u0434\u0435\u0439\u0441\u0442\u0432\u0438\u0435\u0442\u043e \u043d\u0430 \u0440\u0430\u0441\u0442\u0438\u0442\u0435\u043b\u043d\u0438 \u0445\u0438\u0434\u0440\u043e\u043b\u0438\u0437\u0430\u0442\u0438 \u0437\u0430 \u043f\u043e\u0434\u0434\u044a\u0440\u0436\u0430\u043d\u0435 \u043d\u0430 \u043f\u043e\u0447\u0432\u0435\u043d\u043e\u0442\u043e \u043f\u043b\u043e\u0434\u043e\u0440\u043e\u0434\u0438\u0435 \u0432 \u0443\u0441\u043b\u043e\u0432\u0438\u044f\u0442\u0430 \u043d\u0430 \u0443\u0441\u0442\u043e\u0439\u0447\u0438\u0432\u043e \u0437\u0435\u043c\u0435\u0434\u0435\u043b\u0438\u0435\u201c \u2013 \u0443\u0447\u0430\u0441\u0442\u0438\u0435 \u0432 \u043f\u0440\u043e\u0435\u043a\u0442\u0430<\/p>\n<p style=\"text-align: justify;\">2018-2021 &#8211; \u041f\u0440\u043e\u0435\u043a\u0442 \u041a\u041f-06-\u041e\u041f\u042003\/18, \u0444\u0438\u043d\u0430\u043d\u0441\u0438\u0440\u0430\u043d \u043e\u0442 \u0424\u041d\u0418-\u041c\u041e\u041d, \u043d\u0430 \u0442\u0435\u043c\u0430: \u201c\u0410\u043b\u0433\u043e\u0442\u043e\u043a\u0441\u0438\u043d\u0438 \u2013 \u043d\u043e\u0432 \u0440\u0438\u0441\u043a\u043e\u0432 \u0444\u0430\u043a\u0442\u043e\u0440 \u0437\u0430 \u043a\u0430\u0447\u0435\u0441\u0442\u0432\u043e\u0442\u043e \u043d\u0430 \u0436\u0438\u0432\u043e\u0442 \u0438 \u0437\u0434\u0440\u0430\u0432\u0435\u0442\u043e \u043d\u0430 \u0445\u043e\u0440\u0430\u0442\u0430 \u0432 \u0411\u044a\u043b\u0433\u0430\u0440\u0438\u044f\u201c\u2013 \u0443\u0447\u0430\u0441\u0442\u0438\u0435 \u0432 \u043f\u0440\u043e\u0435\u043a\u0442\u0430<\/p>\n<p style=\"text-align: justify;\">2014-2018 &#8211; \u041f\u0440\u043e\u0435\u043a\u0442 \u0414\u0424\u041d\u0418\u2013\u0411\u041e2\/18, \u0444\u0438\u043d\u0430\u043d\u0441\u0438\u0440\u0430\u043d \u043e\u0442 \u0424\u041d\u0418-\u041c\u041e\u041d, \u043d\u0430 \u0442\u0435\u043c\u0430: \u201e\u041c\u043e\u0434\u0435\u043b\u043d\u0438 \u0432\u0438\u0434\u043e\u0432\u0435 \u043e\u0442 \u0440\u043e\u0434\u043e\u0432\u0435\u0442\u0435 <em>Verbascum<\/em> (Scrophulariaceae), <em>Centaurea<\/em> (Asteraceae), <em>Glaucium<\/em> (Papaveraceae) &#8211; \u0438\u0437\u0441\u043b\u0435\u0434\u0432\u0430\u043d\u0435 \u043d\u0430 \u0433\u0435\u043d\u0435\u0442\u0438\u0447\u043d\u043e\u0442\u043e \u0440\u0430\u0437\u043d\u043e\u043e\u0431\u0440\u0430\u0437\u0438\u0435 \u043d\u0430 \u0431\u044a\u043b\u0433\u0430\u0440\u0441\u043a\u0438\u0442\u0435 \u043f\u043e\u043f\u0443\u043b\u0430\u0446\u0438\u0438, \u043c\u0435\u0442\u0430\u0431\u043e\u043b\u043e\u043c\u0438\u043a\u0430 \u0438 \u0444\u0438\u0437\u0438\u043e\u043b\u043e\u0433\u0438\u0447\u043d\u043e \u0441\u044a\u0441\u0442\u043e\u044f\u043d\u0438\u0435 \u043d\u0430 \u0434\u0438\u0432\u0438, <em>in<\/em><em> vitro<\/em> \u0440\u0430\u0437\u043c\u043d\u043e\u0436\u0435\u043d\u0438 \u0438\u00a0 <em>ex<\/em><em> vitro<\/em> \u0430\u0434\u0430\u043f\u0442\u0438\u0440\u0430\u043d\u0438 \u0440\u0430\u0441\u0442\u0435\u043d\u0438\u044f\u201d &#8211; \u043a\u043e\u043e\u0440\u0434\u0438\u043d\u0430\u0442\u043e\u0440 \u043d\u0430 \u043d\u0430\u0443\u0447\u043d\u0438\u044f \u043a\u043e\u043b\u0435\u043a\u0442\u0438\u0432 \u043e\u0442 \u0418\u0424\u0420\u0413<\/p>\n<p style=\"text-align: justify;\">2014-2016 &#8211; \u041f\u0440\u043e\u0435\u043a\u0442 \u0432 \u0440\u0430\u043c\u043a\u0438\u0442\u0435 \u043d\u0430 \u043c\u0435\u0436\u0434\u0443\u043d\u0430\u0440\u043e\u0434\u043d\u043e \u043d\u0430\u0443\u0447\u043d\u043e \u0441\u044a\u0442\u0440\u0443\u0434\u043d\u0438\u0447\u0435\u0441\u0442\u0432\u043e \u043c\u0435\u0436\u0434\u0443 \u0411\u0410\u041d \u0438 \u0427\u0435\u0448\u043a\u0430\u0442\u0430 \u0430\u043a\u0430\u0434\u0435\u043c\u0438\u044f \u043d\u0430 \u043d\u0430\u0443\u043a\u0438\u0442\u0435 \u043d\u0430 \u0442\u0435\u043c\u0430 &#8222;\u0425\u043e\u0440\u043c\u043e\u043d\u0430\u043b\u043d\u0430 \u0440\u0435\u0433\u0443\u043b\u0430\u0446\u0438\u044f \u043d\u0430 \u0442\u043e\u043b\u0435\u0440\u0430\u043d\u0442\u043d\u043e\u0441\u0442\u0442\u0430 \u043d\u0430 \u043a\u044a\u043c \u043d\u0438\u0441\u043a\u043e\u0442\u0435\u043c\u043f\u0435\u0440\u0430\u0442\u0443\u0440\u0435\u043d \u0441\u0442\u0440\u0435\u0441 \u043f\u0440\u0438 <em>Arabis<\/em><em> alpina<\/em>&#8220; \u0441\u044a\u0432\u043c\u0435\u0441\u0442\u043d\u043e \u0441 \u0418\u043d\u0441\u0442\u0438\u0442\u0443\u0442\u0430 \u043f\u043e \u0435\u043a\u0441\u043f\u0435\u0440\u0438\u043c\u0435\u043d\u0442\u0430\u043b\u043d\u0430 \u0431\u043e\u0442\u0430\u043d\u0438\u043a\u0430, \u0427\u0410\u041d &#8211; \u0440\u044a\u043a\u043e\u0432\u043e\u0434\u0438\u0442\u0435\u043b \u043e\u0442 \u0431\u044a\u043b\u0433\u0430\u0440\u0441\u043a\u0430 \u0441\u0442\u0440\u0430\u043d\u0430<\/p>\n<p style=\"text-align: justify;\">2015 &#8211; \u0414\u043e\u0433\u043e\u0432\u043e\u0440 \u2116 79\/09.07.2015, \u0441\u043a\u043b\u044e\u0447\u0435\u043d \u043c\u0435\u0436\u0434\u0443 \u0418\u0424\u0420\u0413-\u0411\u0410\u041d \u0438 \u041b\u0435\u0441\u043e\u0442\u0435\u0445\u043d\u0438\u0447\u0435\u0441\u043a\u0438 \u0423\u043d\u0438\u0432\u0440\u0441\u0438\u0442\u0435\u0442 &#8211;\u00a0 \u043e\u0431\u0449\u0435\u0441\u0442\u0432\u0435\u043d\u0430 \u043f\u043e\u0440\u044a\u0447\u043a\u0430, \u043e\u0431\u044f\u0432\u0435\u043d\u0430 \u043e\u0442 \u041b\u0422\u0423 \u043f\u043e \u043f\u0440\u043e\u0435\u043a\u0442 BG-3.3.06-0056 \u201e\u041f\u043e\u0434\u043a\u0440\u0435\u043f\u0430 \u0437\u0430 \u0440\u0430\u0437\u0432\u0438\u0442\u0438\u0435\u0442\u043e \u043d\u0430 \u043c\u043b\u0430\u0434\u0438\u0442\u0435 \u0445\u043e\u0440\u0430 \u0432 \u041b\u0435\u0441\u043e\u0442\u0435\u0445\u043d\u0438\u0447\u0435\u0441\u043a\u0438 \u0443\u043d\u0438\u0432\u0435\u0440\u0441\u0438\u0442\u0435\u0442\u201c \u043e\u0442 \u041e\u043f\u0435\u0440\u0430\u0442\u0438\u0432\u043d\u0430 \u041f\u0440\u043e\u0433\u0440\u0430\u043c\u0430 \u201e\u0420\u0430\u0437\u0432\u0438\u0442\u0438\u0435 \u043d\u0430 \u0447\u043e\u0432\u0435\u0448\u043a\u0438\u0442\u0435 \u0440\u0435\u0441\u0443\u0440\u0441\u0438\u201c &#8211; \u0440\u044a\u043a\u043e\u0432\u043e\u0434\u0438\u0442\u0435\u043b \u043d\u0430 \u043a\u043e\u043b\u0435\u043a\u0442\u0438\u0432\u0430 \u043e\u0442 \u0418\u0424\u0420\u0413<\/p>\n<p style=\"text-align: justify;\">2013 &#8211; \u0414\u043e\u0433\u043e\u0432\u043e\u0440 \u0437\u0430 \u043d\u0430\u0443\u0447\u043d\u043e-\u0442\u0435\u0445\u043d\u0438\u0447\u0435\u0441\u043a\u043e \u043e\u0431\u0441\u043b\u0443\u0436\u0432\u0430\u043d\u0435 \u043c\u0435\u0436\u0434\u0443 \u041b\u0435\u0441\u043e\u0442\u0435\u0445\u043d\u0438\u0447\u0435\u0441\u043a\u0438 \u0423\u043d\u0438\u0432\u0440\u0441\u0438\u0442\u0435\u0442-\u041d\u0430\u0443\u0447\u043d\u043e-\u0438\u0437\u0441\u043b\u0435\u0434\u043e\u0432\u0430\u0442\u0435\u043b\u0441\u043a\u0438 \u0441\u0435\u043a\u0442\u043e\u0440 \u0438 \u0418\u0424\u0420\u0413-\u0411\u0410\u041d \u043d\u0430 \u0442\u0435\u043c\u0430 &#8222;\u041e\u0446\u0435\u043d\u043a\u0430 \u043d\u0430 \u0440\u0438\u0441\u043a\u0430 \u043e\u0442 \u0432\u044a\u0437\u0434\u0435\u0439\u0441\u0442\u0432\u0438\u0435\u0442\u043e \u043d\u0430 \u043e\u0437\u043e\u043d \u0438 \u043c\u0435\u0442\u0435\u043e\u0440\u043e\u043b\u043e\u0433\u0438\u0447\u0435\u043d \u0441\u0442\u0440\u0435\u0441 \u0437\u0430 \u043d\u044f\u043a\u043e\u0438 \u0434\u044a\u0440\u0432\u0435\u0441\u043d\u0438 \u0438 \u0445\u0440\u0430\u0441\u0442\u043e\u0432\u0438 \u0432\u0438\u0434\u043e\u0432\u0435&#8220; &#8211; \u0440\u044a\u043a\u043e\u0432\u043e\u0434\u0438\u0442\u0435\u043b \u043d\u0430 \u043a\u043e\u043b\u0435\u043a\u0442\u0438\u0432\u0430 \u043e\u0442 \u0418\u0424\u0420\u0413<\/p>\n<p style=\"text-align: justify;\">2012-2015 &#8211; \u041f\u0440\u043e\u0435\u043a\u0442 BG051PO001-3.3.06-0025 \u043f\u043e \u041e\u043f\u0435\u0440\u0430\u0442\u0438\u0432\u043d\u0430 \u043f\u0440\u043e\u0433\u0440\u0430\u043c\u0430 \u201e\u0420\u0430\u0437\u0432\u0438\u0442\u0438\u0435 \u043d\u0430 \u0447\u043e\u0432\u0435\u0448\u043a\u0438\u0442\u0435 \u0440\u0435\u0441\u0443\u0440\u0441\u0438\u201d \u201e\u041f\u043e\u0434\u043a\u0440\u0435\u043f\u0430 \u0437\u0430 \u0438\u0437\u0433\u0440\u0430\u0436\u0434\u0430\u043d\u0435 \u0438 \u0440\u0430\u0437\u0432\u0438\u0442\u0438\u0435 \u043d\u0430 \u043c\u043b\u0430\u0434 \u043a\u043e\u043d\u043a\u0443\u0440\u0435\u043d\u0442\u043d\u043e\u0441\u043f\u043e\u0441\u043e\u0431\u0435\u043d \u043d\u0430\u0443\u0447\u0435\u043d \u043f\u043e\u0442\u0435\u043d\u0446\u0438\u0430\u043b \u0432 \u043e\u0431\u043b\u0430\u0441\u0442\u0442\u0430 \u043d\u0430 \u0444\u0438\u0437\u0438\u043e\u043b\u043e\u0433\u0438\u044f\u0442\u0430, \u0444\u0438\u0442\u043e\u0445\u0438\u043c\u0438\u044f\u0442\u0430, \u0433\u0435\u043d\u043e\u043c\u0438\u043a\u0430\u0442\u0430, \u043f\u0440\u043e\u0442\u0435\u043e\u043c\u0438\u043a\u0430\u0442\u0430 \u0438 \u0431\u0438\u043e\u0440\u0430\u0437\u043d\u043e\u043e\u0431\u0440\u0430\u0437\u0438\u0435\u0442\u043e \u043d\u0430 \u0435\u0443\u043a\u0430\u0440\u0438\u043e\u0442\u043d\u0438\u0442\u0435 \u043e\u0440\u0433\u0430\u043d\u0438\u0437\u043c\u0438\u201d &#8211; \u043e\u0431\u0443\u0447\u0438\u0442\u0435\u043b<\/p>\n<p style=\"text-align: justify;\">2010-2015 &#8211; \u041f\u0440\u043e\u0435\u043a\u0442 \u0414\u0422\u041a 02\/1 \u0444\u0438\u043d\u0430\u043d\u0441\u0438\u0440\u0430\u043d \u043e\u0442 \u0424\u041d\u0418-\u041c\u041e\u041d, \u043d\u0430 \u0442\u0435\u043c\u0430: \u201c\u041e\u0446\u0435\u043d\u043a\u0430 \u043d\u0430 \u0438\u043d\u0434\u0438\u043a\u0430\u0442\u043e\u0440\u0438 \u0437\u0430 \u043f\u043e\u0447\u0432\u0435\u043d\u0438\u044f \u043c\u043e\u043d\u0438\u0442\u043e\u0440\u0438\u043d\u0433 \u0438 \u043d\u0430 \u0435\u043a\u043e\u043b\u043e\u0433\u0438\u0447\u043d\u0438\u044f \u0440\u0438\u0441\u043a \u043f\u0440\u0438 \u0440\u0430\u0437\u0440\u0430\u0431\u043e\u0442\u0432\u0430\u043d\u0435 \u043d\u0430 \u043f\u0440\u043e\u0433\u0440\u0430\u043c\u0438 \u0437\u0430 \u0443\u0441\u0442\u043e\u0439\u0447\u0438\u0432\u043e \u0443\u043f\u0440\u0430\u0432\u043b\u0435\u043d\u0438\u0435 \u043d\u0430 \u0437\u0430\u043c\u044a\u0440\u0441\u0435\u043d\u0438 \u0438 \u043f\u043e\u0434\u043b\u043e\u0436\u0435\u043d\u0438 \u043d\u0430 \u0430\u043d\u0442\u0440\u043e\u043f\u043e\u0433\u0435\u043d\u0435\u043d \u043d\u0430\u0442\u0438\u0441\u043a \u0437\u043e\u043d\u0438\u201d\u2013 \u0443\u0447\u0430\u0441\u0442\u043d\u0438\u043a \u0432 \u043f\u0440\u043e\u0435\u043a\u0442\u0430<\/p>\n<h3>\u0418\u0437\u0431\u0440\u0430\u043d\u0438 \u043f\u0443\u0431\u043b\u0438\u043a\u0430\u0446\u0438\u0438<\/h3>\n<p style=\"text-align: justify;\">Ananieva K, Gesheva E, Mishev K, Stanilova M, 2020. Antioxidant capacity of two endemic <i>Verbascum<\/i> species. C. R. Acad. Bulg. Sci., 73(6): 809-815<\/p>\n<p style=\"text-align: justify;\">Doncheva S, Ananieva K, Stefanov D, Vassilev A, Gesheva E, Dinev N., 2018. Photosynthetic electron transport and antioxidant defense capacity of sunflower plants under combined heavy metal stress. GPP, 8(1-2): 3-23<\/p>\n<p style=\"text-align: justify;\">Kadinov G, Ananieva K, Gesheva E, Doncheva-Boneva M, Doncheva S, Bezlova D., 2017. Visible foliar injury and response of antioxidant defense system in beech (<em>Fagus sylvatica<\/em> L.) to acute ozone exposure under controlled conditions. Genetics and Plant Physiol, 7(1-2): 34-48<\/p>\n<p style=\"text-align: justify;\">Stefanov D, Ananieva K, Gesheva E, Dinev N, Nikova I, Vasilev A, Doncheva S., 2014. PTOX-dependent electron flow is involved in photosynthetic electron transport protection against heavy metal toxicity in sunflower leaves. Compt. Rend. Acad. Bulg. Sci, 67(7): 931-936<\/p>\n<p style=\"text-align: justify;\">Kolaksazov M, Laporte F, Ananieva K, Dobrev P, Herzog M, Ananiev E., 2013. Effect of chilling and freezing stresses on jasmonate content in <em>Arabis alpina.<\/em> Bulg J Agric Sci, 19: 15-17<\/p>\n<p style=\"text-align: justify;\">Ananieva K, Ananiev E, Doncheva S, Stefanov D, Mishev K, Kam\u00ednek M, Motyka V, Dobrev P, Malbeck J., 2011. Local induction of senescence by darkness in <em>Cucurbita<\/em><em> pepo<\/em> (zucchini) cotyledons or the primary leaf induces opposite effects in the adjacent illuminated organ. Plant Growth Regul, 65: 459-471<\/p>\n<p style=\"text-align: justify;\">Ananieva K, Ananiev ED, Mishev K, Georgieva K, Tzvetkova N, van Staden J., 2008. Changes in photosynthetic capacity and polypeptide patterns during natural senescence and rejuvenation of <em>Cucurbita pepo<\/em> L. (zucchini) cotyledons. Plant Growth Regul, 54: 23-29<\/p>\n<p style=\"text-align: justify;\">Ananieva K, Ananiev ED, Doncheva S, Georgieva K, Tzvetkova N, Kam\u00ednek M, Motyka V, Dobrev P, Gajdo\u0161ov\u00e1 S, Malbeck J., 2008. Senescence progression in a single darkened cotyledon depends on the light status of the other cotyledon in <em>Cucurbita<\/em><em> pepo<\/em> (zucchini) seedlings: potential involvement of cytokinins and cytokinin oxidase\/dehydrogenase activity. Physiol Plant, 134 (4): 609-623<\/p>\n<p style=\"text-align: justify;\">Ananieva K, Ananiev ED, Mishev K, Georgieva K, Malbeck J, Kaminek M, van Staden J., 2007. Methyl jasmonate is a more effective senescence-promoting factor in <em>Cucurbita<\/em><em> pepo<\/em> (zucchini) cotyledons when compared with darkness at the early stage of senescence. Journal of Plant Physiol, 164: 1179-1187<\/p>\n<p style=\"text-align: justify;\">Ananieva K, Stirk W, Kaminek M, van Staden J., 2005. Some biochemical properties of cytokinin oxidase in <em>Cucurbita<\/em><em> pepo<\/em> (zucchini) leaves. South African Journal of Botany, 71(2): 253-256<\/p>\n<p style=\"text-align: justify;\">Ananieva K, Malbeck J, Kaminek M, van Staden J., 2004. Changes in endogenous cytokinin levels in cotyledons of <em>Cucurbita pepo<\/em> (zucchini) during natural and dark-induces senescence. Physiol Plant, 122: 133-142<\/p>\n<h2><\/h2>\n<h6 style=\"text-align: right;\"><a class=\"_ps2id\" href=\"#top\" data-ps2id-offset=\"300\">[ Top ]<\/a><\/h6>\n","protected":false},"excerpt":{"rendered":"<p>\u0414\u043e\u0446\u0435\u043d\u0442 \u0434-\u0440 \u041a\u0430\u043b\u0438\u043d\u0430 \u0410\u043d\u0430\u043d\u0438\u0435\u0432\u0430 \u0411\u043b\u043e\u043a 21, \u043e\u0444\u0438\u0441 208 \u0422\u0435\u043b.: +359-2-9793650 \u0415-mail:\u00a0kalivanova@yahoo.com \u041e\u0411\u041b\u0410\u0421\u0422 \u041d\u0410 \u041d\u0410\u0423\u0427\u041d\u0418 \u0418\u0417\u0421\u041b\u0415\u0414\u0412\u0410\u041d\u0418\u042f \u0425\u043e\u0440\u043c\u043e\u043d\u0430\u043b\u043d\u0430 \u0440\u0435\u0433\u0443\u043b\u0430\u0446\u0438\u044f \u043d\u0430 \u0444\u0438\u0437\u0438\u043e\u043b\u043e\u0433\u0438\u0447\u043d\u0438\u0442\u0435 \u043f\u0440\u043e\u0446\u0435\u0441\u0438 \u0432 \u0440\u0430\u0441\u0442\u0435\u043d\u0438\u044f\u0442\u0430, \u043c\u0435\u0442\u0430\u0431\u043e\u043b\u0438\u0437\u044a\u043c \u043d\u0430 \u0446\u0438\u0442\u043e\u043a\u0438\u043d\u0438\u043d\u0438,\u00a0 \u0440\u0435\u0433\u0443\u043b\u0430\u0446\u0438\u044f \u043d\u0430 \u0435\u0441\u0442\u0435\u0441\u0442\u0432\u0435\u043d\u043e\u0442\u043e \u0438 \u0441\u0442\u0440\u0435\u0441-\u0438\u043d\u0434\u0443\u0446\u0438\u0440\u0430\u043d\u043e \u0441\u0442\u0430\u0440\u0435\u0435\u043d\u0435,\u00a0 \u043c\u0435\u0442\u0430\u0431\u043e\u043b\u0438\u0437\u044a\u043c \u043d\u0430 \u0440\u0435\u0437\u0435\u0440\u0432\u043d\u0438 \u0438 \u0441\u0442\u0440\u0435\u0441-\u0438\u043d\u0434\u0443\u0446\u0438\u0440\u0430\u043d\u0438 \u0431\u0435\u043b\u0442\u044a\u0446\u0438, \u043c\u0435\u0445\u0430\u043d\u0438\u0437\u043c\u0438 \u043d\u0430 \u0430\u0434\u0430\u043f\u0442\u0430\u0446\u0438\u044f \u043a\u044a\u043c \u0430\u0431\u0438\u043e\u0442\u0438\u0447\u0435\u043d \u0441\u0442\u0440\u0435\u0441. \u041e\u0431\u0440\u0430\u0437\u043e\u0432\u0430\u043d\u0438\u0435 1999 \u0433. &#8211; \u0414\u043e\u043a\u0442\u043e\u0440 &#8211; \u0418\u043d\u0441\u0442\u0438\u0442\u0443\u0442 \u043f\u043e \u0444\u0438\u0437\u0438\u043e\u043b\u043e\u0433\u0438\u044f \u043d\u0430 \u0440\u0430\u0441\u0442\u0435\u043d\u0438\u044f\u0442\u0430 \u201e\u0410\u043a\u0430\u0434. [&hellip;]<\/p>\n","protected":false},"author":1,"featured_media":0,"parent":71,"menu_order":2,"comment_status":"closed","ping_status":"open","template":"","meta":{"footnotes":""},"_links":{"self":[{"href":"http:\/\/www.bio21.bas.bg\/ippg\/bg\/index.php?rest_route=\/wp\/v2\/pages\/92"}],"collection":[{"href":"http:\/\/www.bio21.bas.bg\/ippg\/bg\/index.php?rest_route=\/wp\/v2\/pages"}],"about":[{"href":"http:\/\/www.bio21.bas.bg\/ippg\/bg\/index.php?rest_route=\/wp\/v2\/types\/page"}],"author":[{"embeddable":true,"href":"http:\/\/www.bio21.bas.bg\/ippg\/bg\/index.php?rest_route=\/wp\/v2\/users\/1"}],"replies":[{"embeddable":true,"href":"http:\/\/www.bio21.bas.bg\/ippg\/bg\/index.php?rest_route=%2Fwp%2Fv2%2Fcomments&post=92"}],"version-history":[{"count":37,"href":"http:\/\/www.bio21.bas.bg\/ippg\/bg\/index.php?rest_route=\/wp\/v2\/pages\/92\/revisions"}],"predecessor-version":[{"id":12939,"href":"http:\/\/www.bio21.bas.bg\/ippg\/bg\/index.php?rest_route=\/wp\/v2\/pages\/92\/revisions\/12939"}],"up":[{"embeddable":true,"href":"http:\/\/www.bio21.bas.bg\/ippg\/bg\/index.php?rest_route=\/wp\/v2\/pages\/71"}],"wp:attachment":[{"href":"http:\/\/www.bio21.bas.bg\/ippg\/bg\/index.php?rest_route=%2Fwp%2Fv2%2Fmedia&parent=92"}],"curies":[{"name":"wp","href":"https:\/\/api.w.org\/{rel}","templated":true}]}}