{"id":9755,"date":"2020-02-03T12:35:31","date_gmt":"2020-02-03T10:35:31","guid":{"rendered":"http:\/\/www.bio21.bas.bg\/ippg\/bg\/?page_id=9755"},"modified":"2022-11-24T20:33:50","modified_gmt":"2022-11-24T18:33:50","slug":"%d0%ba%d0%be%d0%bd%d1%81%d1%82%d0%b0%d0%bd%d1%82%d0%b8%d0%bd%d0%b0-%d0%ba%d0%be%d1%87%d0%b5%d0%b2%d0%b0","status":"publish","type":"page","link":"http:\/\/www.bio21.bas.bg\/ippg\/bg\/?page_id=9755","title":{"rendered":"\u041a\u043e\u043d\u0441\u0442\u0430\u043d\u0442\u0438\u043d\u0430 \u041a\u043e\u0447\u0435\u0432\u0430"},"content":{"rendered":"<table border=\"0\" width=\"640\" cellspacing=\"0\" cellpadding=\"0\">\n<tbody>\n<tr>\n<td width=\"120\"><img loading=\"lazy\" decoding=\"async\" class=\"aligncenter wp-image-7219 size-full\" style=\"border: 1px solid grey; border-radius: 9px; box-shadow: 1px 1px 3px #717070;\" src=\"http:\/\/www.bio21.bas.bg\/ippg\/bg\/wp-content\/uploads\/2011\/03\/Kocheva-K.jpg\" alt=\"\" width=\"92\" height=\"113\" \/><\/td>\n<td style=\"text-align: center;\">\n<h5>\u0414\u043e\u0446\u0435\u043d\u0442 \u0434-\u0440 \u041a\u043e\u043d\u0441\u0442\u0430\u043d\u0442\u0438\u043d\u0430 \u041a\u043e\u0447\u0435\u0432\u0430<\/h5>\n<p>\u0411\u043b\u043e\u043a 25<br \/>\n\u041e\u0444\u0438\u0441 321, \u041b\u0430\u0431\u043e\u0440\u0430\u0442\u043e\u0440\u0438\u044f 320<br \/>\n\u0422\u0435\u043b.: +359 2 979 3674<br \/>\n\u0415-mail: <a href=\"mailto:konstvk@abv.bg\">konstvk@abv.bg<\/a><\/td>\n<td rowspan=\"2\" width=\"126\"><a href=\"https:\/\/www.mdpi.com\/journal\/agronomy\/special_issues\/2RM83HC243\" target=\"_blank\" rel=\"noopener noreferrer\"><img loading=\"lazy\" decoding=\"async\" class=\"aligncenter wp-image-11599\" style=\"border: 1px solid grey; border-radius: 9px; box-shadow: 1px 1px 3px #717070;\" src=\"http:\/\/www.bio21.bas.bg\/ippg\/bg\/wp-content\/uploads\/2022\/11\/2RM83HC243_vertical_light_mod.png\" alt=\"\" width=\"120\" height=\"320\" \/><\/a><\/td>\n<\/tr>\n<tr>\n<td colspan=\"2\">\n<h3>\u041e\u0431\u043b\u0430\u0441\u0442 \u043d\u0430 \u043d\u0430\u0443\u0447\u043d\u0438 \u0438\u0437\u0441\u043b\u0435\u0434\u0432\u0430\u043d\u0438\u044f<\/h3>\n<p>\u041c\u0438\u043d\u0435\u0440\u0430\u043b\u043d\u043e \u0445\u0440\u0430\u043d\u0435\u043d\u0435 \u0438 \u0432\u043e\u0434\u0435\u043d \u0440\u0435\u0436\u0438\u043c, \u043c\u0435\u0442\u0430\u0431\u043e\u043b\u0438\u0442\u043d\u0438 \u043f\u0440\u043e\u043c\u0435\u043d\u0438 \u0432 \u0443\u0441\u043b\u043e\u0432\u0438\u044f \u043d\u0430 \u0432\u043e\u0434\u0435\u043d \u0441\u0442\u0440\u0435\u0441, \u043e\u0441\u043c\u043e\u0442\u0438\u0447\u043d\u043e \u043f\u0440\u0438\u0441\u043f\u043e\u0441\u043e\u0431\u044f\u0432\u0430\u043d\u0435, \u043c\u0435\u043c\u0431\u0440\u0430\u043d\u043d\u0430 \u0441\u0442\u0430\u0431\u0438\u043b\u043d\u043e\u0441\u0442, \u0430\u0437\u043e\u0442\u043d\u0430 \u0435\u0444\u0435\u043a\u0442\u0438\u0432\u043d\u043e\u0441\u0442.<\/p>\n<h3>\u041e\u0431\u0440\u0430\u0437\u043e\u0432\u0430\u043d\u0438\u0435<\/h3>\n<ul>\n<li style=\"text-align: justify;\">2006 \u2013 \u0434\u043e\u043a\u0442\u043e\u0440, \u0418\u0424\u0420\u0413 \u0411\u0410\u041d<\/li>\n<li style=\"text-align: justify;\">1999 \u2013 \u041c\u0430\u0433\u0438\u0441\u0442\u044a\u0440, \u0421\u0423, \u0411\u0424<\/li>\n<\/ul>\n<\/td>\n<\/tr>\n<\/tbody>\n<\/table>\n<h3>\u0410\u043a\u0430\u0434\u0435\u043c\u0438\u0447\u043d\u0438 \u0434\u043b\u044a\u0436\u043d\u043e\u0441\u0442\u0438<\/h3>\n<ul>\n<li style=\"text-align: justify;\">\u0414\u043e\u0446. \u2013 2016 \u2013 \u0434\u043e \u0441\u0435\u0433\u0430, \u0418\u0424\u0420\u0413 \u0411\u0410\u041d<\/li>\n<li style=\"text-align: justify;\">\u0413\u043b. \u0430\u0441. \u2013 2006-2016, \u0418\u0424\u0420 \u0411\u0410\u041d<\/li>\n<\/ul>\n<h3>\u0423\u0447\u0430\u0441\u0442\u0438\u0435 \u0432\u044a\u0432 \u0424\u0438\u043d\u0430\u043d\u0441\u0438\u0440\u0430\u043d\u0438 \u041d\u0430\u0443\u0447\u043d\u0438 \u041f\u0440\u043e\u0435\u043a\u0442\u0438<\/h3>\n<ul>\n<li style=\"text-align: justify;\">\u0426\u044f\u043b\u043e\u0441\u0442\u0435\u043d \u0433\u0435\u043d\u043e\u043c\u0435\u043d \u0441\u043a\u0440\u0438\u043d\u0438\u0433 \u0438 \u0430\u0441\u043e\u0446\u0438\u0430\u0442\u0438\u0432\u043d\u043e \u043a\u0430\u0440\u0442\u0438\u0440\u0430\u043d\u0435 \u043d\u0430 \u043a\u043e\u043c\u043f\u043e\u043d\u0435\u043d\u0442\u0438\u0442\u0435 \u043d\u0430 \u0434\u043e\u0431\u0438\u0432\u0430 \u0438 \u0441\u044a\u0434\u044a\u0440\u0436\u0430\u043d\u0438\u0435\u0442\u043e \u043d\u0430 \u043f\u0440\u043e\u0442\u0435\u0438\u043d \u0438 \u043e\u0431\u0449 \u0430\u0437\u043e\u0442 \u0432 \u0437\u044a\u0440\u043d\u043e\u0442\u043e \u043f\u0440\u0438 \u0431\u044a\u043b\u0433\u0430\u0440\u0441\u043a\u0438 \u0441\u043e\u0440\u0442\u043e\u0432\u0435 \u043e\u0431\u0438\u043a\u043d\u043e\u0432\u0435\u043d\u0430 \u043f\u0448\u0435\u043d\u0438\u0446\u0430.<\/li>\n<li style=\"text-align: justify;\">\u041e\u0446\u0435\u043d\u043a\u0430 \u043d\u0430 \u0440\u0435\u0430\u043a\u0446\u0438\u044f\u0442\u0430 \u043a\u044a\u043c \u0437\u0430\u0441\u0443\u0448\u0430\u0432\u0430\u043d\u0435 \u0438 \u0430\u0437\u043e\u0442\u0435\u043d \u0434\u0435\u0444\u0438\u0446\u0438\u0442 \u043d\u0430 \u0431\u0430\u0437\u0430\u0442\u0430 \u043d\u0430 \u0438\u0437\u0443\u0447\u0430\u0432\u0430\u043d\u0435 \u0432\u0440\u044a\u0437\u043a\u0430\u0442\u0430 \u043c\u0435\u0436\u0434\u0443 \u0444\u043e\u0442\u043e\u0441\u0438\u043d\u0442\u0435\u0437\u0430 \u0438 \u0430\u0437\u043e\u0442\u0435\u043d \u043e\u0431\u043c\u0435\u043d \u043d\u0430 \u0441\u043e\u0440\u0442\u043e\u0432\u0435 \u043e\u0431\u0438\u043a\u043d\u043e\u0432\u0435\u043d\u0430 \u043f\u0448\u0435\u043d\u0438\u0446\u0430 \u043e\u0442 \u0431\u044a\u043b\u0433\u0430\u0440\u0441\u043a\u0430 \u0438 \u0441\u043b\u043e\u0432\u0430\u0448\u043a\u0430 \u0441\u0435\u043b\u0435\u043a\u0446\u0438\u044f \u0414\u041d\u0422\u0421\/\u0421\u043b\u043e\u0432\u0430\u043a\u0438\u044f 01\/4 (2016-2018) \u2116 SL01\/19.<\/li>\n<\/ul>\n<h3>\u041f\u0443\u0431\u043b\u0438\u043a\u0430\u0446\u0438\u043e\u043d\u043d\u0430 \u0434\u0435\u0439\u043d\u043e\u0441\u0442<\/h3>\n<p style=\"text-align: justify;\">\u041d\u0430\u0443\u0447\u043d\u0438 \u043f\u0443\u0431\u043b\u0438\u043a\u0430\u0446\u0438\u0438 \u2013 44, \u0441 \u0438\u043c\u043f\u0430\u043a\u0442 \u0444\u0430\u043a\u0442\u043e\u0440 \u2013 19, \u043e\u0431\u0449 \u0438\u043c\u043f\u0430\u043a\u0442 \u0444\u0430\u043a\u0442\u043e\u0440 \u2013 25.<\/p>\n<h3>\u0418\u0437\u0431\u0440\u0430\u043d\u0438 \u043f\u0443\u0431\u043b\u0438\u043a\u0430\u0446\u0438\u0438<\/h3>\n<p style=\"text-align: justify;\">Brestic M, Zivcak M, Hauptvogel P, Misheva S, Kocheva K, Yang X, Li X, Allakhverdiev SI (2018) Wheat plant selection for high yields entailed improvement of leaf anatomical and biochemical traits including tolerance to non-optimal temperature conditions, Photosynth\u0435sis Research 136: 245-255.<\/p>\n<p style=\"text-align: justify;\">Mihailova G, Kocheva K, Goltsev V, Kalaji HM, Georgieva K (2018) Application of a diffusion model to measure ion leakage of resurrection plant leaves undergoing desiccation, Plant Physiology and Biochemistry: 185-192.<\/p>\n<p style=\"text-align: justify;\">Kocheva KV, Georgiev GI, Kochev VK, Ol\u0161ovsk\u00e1 K, Bresti\u010d M (2015) Application of impedance spectroscopy and conductometry for assessment of varietal differences in heat, Cereal Research Communications, 43(4): 579-590.<\/p>\n<p style=\"text-align: justify;\">Kocheva KV, Landjeva SP, Georgiev GI (2014) Variation in ion leakage parameters of two wheat genotypes with different Rht-B1 alleles in response to drought, Journal of Biosciences 39 (5): 753-759.<\/p>\n<p style=\"text-align: justify;\">Kocheva K, Nenova V, Karceva T, Petrov P, Georgiev GI, Borner A, Landjeva S (2014) Changes in water status, membrane stability and antioxidant capacity of wheat seedlings carrying different Rht-B1 dwarfing alleles under drought stress, Journal of Agronomy and Crop Science, 200(2): 83-91.<\/p>\n<p style=\"text-align: justify;\">Kocheva KV, Georgiev GI, Kochev VK (2014) An improvement of the diffusion model for assessment of drought stress in plant tissues, Physiologia Plantarum, 150(1): 88-94.<br \/>\nChipilski RR, Kocheva KV, Nenova VR, Georgiev GI (2012) Physiological responses of two wheat cultivars to soil drought. Z Naturforsch C 67:181-186.<\/p>\n<p style=\"text-align: justify;\">Landjeva S, Kocheva K, Karceva T, Sepsi A, Moln\u00e1r I, Schneider A (2012) Molecular cytogenetic identification of a wheat-Aegilops geniculata Roth spontaneous chromosome substitution and its effects on the growth and physiological responses of seedlings to osmotic stress. Plant Breeding 131(1): 81-7.<\/p>\n<p style=\"text-align: justify;\">Kocheva KV, Georgiev GI, Kochev VK (2005) A diffusion approach to the electrolyte leakage from plant tissues, Physiologia Plantarum, 125(1): 1-9.<\/p>\n<p style=\"text-align: justify;\">Kocheva K, Lambrev P, Georgiev G, Goltsev V, Karabaliev M (2004) Evaluation of chlorophyll fluorescence and membrane injury in the leaves of barley cultivars under osmotic stress, Bioelectrochemistry, 63: 121-124.<\/p>\n<h2><\/h2>\n<p><a href=\"https:\/\/www.mdpi.com\/journal\/agronomy\/special_issues\/2RM83HC243\" target=\"_blank\" rel=\"noopener noreferrer\"><img loading=\"lazy\" decoding=\"async\" class=\"aligncenter wp-image-11593\" style=\"border: 1px solid grey; border-radius: 9px; box-shadow: 1px 1px 3px #717070;\" src=\"http:\/\/www.bio21.bas.bg\/ippg\/bg\/wp-content\/uploads\/2022\/11\/2RM83HC243_horizontal_light_mod.png\" alt=\"\" width=\"500\" height=\"237\" \/><\/a><\/p>\n<h2><\/h2>\n<h6 style=\"text-align: right;\"><a class=\"_ps2id\" href=\"#top\" data-ps2id-offset=\"300\">[ Top ]<\/a><\/h6>\n","protected":false},"excerpt":{"rendered":"<p>\u0414\u043e\u0446\u0435\u043d\u0442 \u0434-\u0440 \u041a\u043e\u043d\u0441\u0442\u0430\u043d\u0442\u0438\u043d\u0430 \u041a\u043e\u0447\u0435\u0432\u0430 \u0411\u043b\u043e\u043a 25 \u041e\u0444\u0438\u0441 321, \u041b\u0430\u0431\u043e\u0440\u0430\u0442\u043e\u0440\u0438\u044f 320 \u0422\u0435\u043b.: +359 2 979 3674 \u0415-mail: konstvk@abv.bg \u041e\u0431\u043b\u0430\u0441\u0442 \u043d\u0430 \u043d\u0430\u0443\u0447\u043d\u0438 \u0438\u0437\u0441\u043b\u0435\u0434\u0432\u0430\u043d\u0438\u044f \u041c\u0438\u043d\u0435\u0440\u0430\u043b\u043d\u043e \u0445\u0440\u0430\u043d\u0435\u043d\u0435 \u0438 \u0432\u043e\u0434\u0435\u043d \u0440\u0435\u0436\u0438\u043c, \u043c\u0435\u0442\u0430\u0431\u043e\u043b\u0438\u0442\u043d\u0438 \u043f\u0440\u043e\u043c\u0435\u043d\u0438 \u0432 \u0443\u0441\u043b\u043e\u0432\u0438\u044f \u043d\u0430 \u0432\u043e\u0434\u0435\u043d \u0441\u0442\u0440\u0435\u0441, \u043e\u0441\u043c\u043e\u0442\u0438\u0447\u043d\u043e \u043f\u0440\u0438\u0441\u043f\u043e\u0441\u043e\u0431\u044f\u0432\u0430\u043d\u0435, \u043c\u0435\u043c\u0431\u0440\u0430\u043d\u043d\u0430 \u0441\u0442\u0430\u0431\u0438\u043b\u043d\u043e\u0441\u0442, \u0430\u0437\u043e\u0442\u043d\u0430 \u0435\u0444\u0435\u043a\u0442\u0438\u0432\u043d\u043e\u0441\u0442. \u041e\u0431\u0440\u0430\u0437\u043e\u0432\u0430\u043d\u0438\u0435 2006 \u2013 \u0434\u043e\u043a\u0442\u043e\u0440, \u0418\u0424\u0420\u0413 \u0411\u0410\u041d 1999 \u2013 \u041c\u0430\u0433\u0438\u0441\u0442\u044a\u0440, \u0421\u0423, \u0411\u0424 \u0410\u043a\u0430\u0434\u0435\u043c\u0438\u0447\u043d\u0438 \u0434\u043b\u044a\u0436\u043d\u043e\u0441\u0442\u0438 \u0414\u043e\u0446. \u2013 2016 [&hellip;]<\/p>\n","protected":false},"author":2,"featured_media":0,"parent":46,"menu_order":0,"comment_status":"closed","ping_status":"closed","template":"","meta":{"footnotes":""},"_links":{"self":[{"href":"http:\/\/www.bio21.bas.bg\/ippg\/bg\/index.php?rest_route=\/wp\/v2\/pages\/9755"}],"collection":[{"href":"http:\/\/www.bio21.bas.bg\/ippg\/bg\/index.php?rest_route=\/wp\/v2\/pages"}],"about":[{"href":"http:\/\/www.bio21.bas.bg\/ippg\/bg\/index.php?rest_route=\/wp\/v2\/types\/page"}],"author":[{"embeddable":true,"href":"http:\/\/www.bio21.bas.bg\/ippg\/bg\/index.php?rest_route=\/wp\/v2\/users\/2"}],"replies":[{"embeddable":true,"href":"http:\/\/www.bio21.bas.bg\/ippg\/bg\/index.php?rest_route=%2Fwp%2Fv2%2Fcomments&post=9755"}],"version-history":[{"count":11,"href":"http:\/\/www.bio21.bas.bg\/ippg\/bg\/index.php?rest_route=\/wp\/v2\/pages\/9755\/revisions"}],"predecessor-version":[{"id":11594,"href":"http:\/\/www.bio21.bas.bg\/ippg\/bg\/index.php?rest_route=\/wp\/v2\/pages\/9755\/revisions\/11594"}],"up":[{"embeddable":true,"href":"http:\/\/www.bio21.bas.bg\/ippg\/bg\/index.php?rest_route=\/wp\/v2\/pages\/46"}],"wp:attachment":[{"href":"http:\/\/www.bio21.bas.bg\/ippg\/bg\/index.php?rest_route=%2Fwp%2Fv2%2Fmedia&parent=9755"}],"curies":[{"name":"wp","href":"https:\/\/api.w.org\/{rel}","templated":true}]}}