{"id":9918,"date":"2020-02-06T09:59:47","date_gmt":"2020-02-06T07:59:47","guid":{"rendered":"http:\/\/www.bio21.bas.bg\/ippg\/bg\/?page_id=9918"},"modified":"2026-01-26T13:05:06","modified_gmt":"2026-01-26T11:05:06","slug":"%d0%b3%d0%b5%d0%be%d1%80%d0%b3%d0%b8-%d0%b1%d0%be%d0%bd%d1%87%d0%b5%d0%b2","status":"publish","type":"page","link":"http:\/\/www.bio21.bas.bg\/ippg\/bg\/?page_id=9918","title":{"rendered":"\u0413\u0435\u043e\u0440\u0433\u0438 \u0411\u043e\u043d\u0447\u0435\u0432"},"content":{"rendered":"<table width=\"550\" cellspacing=\"0\" cellpadding=\"0\">\n<tbody>\n<tr>\n<td><img loading=\"lazy\" decoding=\"async\" class=\"aligncenter wp-image-14003 size-medium\" style=\"border: 1px solid grey; border-radius: 9px; box-shadow: 1px 1px 3px #717070;\" src=\"http:\/\/www.bio21.bas.bg\/ippg\/bg\/wp-content\/uploads\/2026\/01\/Bonchev-Georgi-1-300x293.jpg\" alt=\"\" width=\"300\" height=\"293\" srcset=\"http:\/\/www.bio21.bas.bg\/ippg\/bg\/wp-content\/uploads\/2026\/01\/Bonchev-Georgi-1-300x293.jpg 300w, http:\/\/www.bio21.bas.bg\/ippg\/bg\/wp-content\/uploads\/2026\/01\/Bonchev-Georgi-1-150x146.jpg 150w, http:\/\/www.bio21.bas.bg\/ippg\/bg\/wp-content\/uploads\/2026\/01\/Bonchev-Georgi-1.jpg 544w\" sizes=\"(max-width: 300px) 100vw, 300px\" \/><\/td>\n<td style=\"text-align: center;\" width=\"310\">\n<h5>\u0414\u043e\u0446\u0435\u043d\u0442 \u0434-\u0440 \u0413\u0435\u043e\u0440\u0433\u0438 \u0411\u043e\u043d\u0447\u0435\u0432<\/h5>\n<p>\u0411\u043b\u043e\u043a 21<br \/>\nO\u0444\u0438\u0441 106, \u043b\u0430\u0431. 211, 221<br \/>\n\u0422\u0435\u043b.: +359 (2) 979 2678; +359 2 8722678<br \/>\n\u0415-mail: <a href=\"mailto:bonchevg@mail.bg\">bonchevg@mail.bg<\/a><\/p>\n<p>Scopus Author ID: <a href=\"https:\/\/www.scopus.com\/authid\/detail.uri?authorId=6505600938\" target=\"_blank\" rel=\"noopener noreferrer\">6505600938<\/a><br \/>\nORCID: <a href=\"http:\/\/orcid.org\/0000-0002-6059-8003\" target=\"_blank\" rel=\"noopener noreferrer\">0000-0002-6059-8003<\/a><br \/>\nResearch Gate: <a href=\"https:\/\/www.researchgate.net\/profile\/Georgi_Bonchev\" target=\"_blank\" rel=\"noopener noreferrer\">Georgi Bonchev<\/a><\/td>\n<\/tr>\n<\/tbody>\n<\/table>\n<p><strong>\u0414\u0430\u0442\u0430 \u043d\u0430 \u0440\u0430\u0436\u0434\u0430\u043d\u0435: 1971<\/strong><br \/>\n<strong>\u041c\u044f\u0441\u0442\u043e \u043d\u0430 \u0440\u0430\u0436\u0434\u0430\u043d\u0435: \u0421\u043e\u0444\u0438\u044f, \u0411\u044a\u043b\u0433\u0430\u0440\u0438\u044f<\/strong><\/p>\n<h3 style=\"text-align: left;\">\u041d\u0430\u0443\u0447\u043d\u0438 \u0438\u043d\u0442\u0435\u0440\u0435\u0441\u0438<\/h3>\n<p style=\"text-align: justify;\">\u041c\u043e\u043b\u0435\u043a\u0443\u043b\u044f\u0440\u043d\u0430 \u0433\u0435\u043d\u0435\u0442\u0438\u043a\u0430 \u043d\u0430 \u0440\u0430\u0441\u0442\u0435\u043d\u0438\u044f\u0442\u0430, \u043f\u043e\u0434\u0432\u0438\u0436\u043d\u0438 \u0433\u0435\u043d\u0435\u0442\u0438\u0447\u043d\u0438 \u0435\u043b\u0435\u043c\u0435\u043d\u0442\u0438, \u043f\u043e\u043f\u0443\u043b\u0430\u0446\u0438\u043e\u043d\u043d\u0430 \u0433\u0435\u043d\u0435\u0442\u0438\u043a\u0430 \u0438 \u0435\u0432\u043e\u043b\u044e\u0446\u0438\u044f, \u0440\u0430\u0437\u0440\u0430\u0431\u043e\u0442\u0432\u0430\u043d\u0435 \u0438 \u043f\u0440\u0438\u043b\u0430\u0433\u0430\u043d\u0435 \u043d\u0430 \u0414\u041d\u041a \u043c\u043e\u043b\u0435\u043a\u0443\u043b\u044f\u0440\u043d\u0438 \u043c\u0430\u0440\u043a\u0435\u0440\u0438 \u0437\u0430 \u043e\u0446\u0435\u043d\u043a\u0430 \u043d\u0430 \u0435\u0441\u0442\u0435\u0441\u0442\u0432\u0435\u043d\u043e\u0442\u043e \u0438 \u0441\u0442\u0440\u0435\u0441-\u0438\u043d\u0434\u0443\u0446\u0438\u0440\u0430\u043d\u043e \u0433\u0435\u043d\u0435\u0442\u0438\u0447\u043d\u043e \u0440\u0430\u0437\u043d\u043e\u043e\u0431\u0440\u0430\u0437\u0438\u0435 \u043f\u0440\u0438 \u0440\u0430\u0441\u0442\u0435\u043d\u0438\u044f\u0442\u0430.<\/p>\n<h3>\u041e\u0431\u0440\u0430\u0437\u043e\u0432\u0430\u043d\u0438\u0435 \u0438 \u0430\u043a\u0430\u0434\u0435\u043c\u0438\u0447\u043d\u0438 \u0434\u043b\u044a\u0436\u043d\u043e\u0441\u0442\u0438<\/h3>\n<ul>\n<li style=\"text-align: justify;\">2017-\u043f\u0440\u043e\u0434\u044a\u043b\u0436\u0430\u0432\u0430 \u0418\u0414 \u0440\u044a\u043a\u043e\u0432\u043e\u0434\u0438\u0442\u0435\u043b \u0433\u0440\u0443\u043f\u0430, <em>\u041b\u0430\u0431\u043e\u0440\u0430\u0442\u043e\u0440\u0438\u044f \u201e\u0413\u0435\u043d\u043e\u043c\u043d\u0430 \u0434\u0438\u043d\u0430\u043c\u0438\u043a\u0430 \u0438 \u0441\u0442\u0430\u0431\u0438\u043b\u043d\u043e\u0441\u0442\u201c<\/em>, \u0418\u0424\u0420\u0413-\u0411\u0410\u041d<\/li>\n<li style=\"text-align: justify;\">2015-\u043f\u0440\u043e\u0434\u044a\u043b\u0436\u0430\u0432\u0430 \u0413\u043b\u0430\u0432\u0435\u043d \u0430\u0441\u0438\u0441\u0442\u0435\u043d\u0442, \u0418\u0424\u0420\u0413-\u0411\u0410\u041d<\/li>\n<li style=\"text-align: justify;\">2012-2013 \u041f\u043e\u0441\u0442-\u0434\u043e\u043a\u0442\u043e\u0440\u0430\u043d\u0442\u0441\u043a\u043e \u043e\u0431\u0443\u0447\u0435\u043d\u0438\u0435, \u0441\u0442\u0438\u043f\u0435\u043d\u0434\u0438\u0430\u043d\u0442 \u043d\u0430 Sciex, \u043f\u0440\u043e\u0433\u0440\u0430\u043c\u0430 \u043d\u0430 \u0428\u0432\u0435\u0439\u0446\u0430\u0440\u0441\u043a\u043e\u0442\u043e \u043f\u0440\u0430\u0432\u0438\u0442\u0435\u043b\u0441\u0442\u0432\u043e, \u041b\u0430\u0431\u043e\u0440\u0430\u0442\u043e\u0440\u0438\u044f \u043f\u043e \u0435\u0432\u043e\u043b\u044e\u0446\u0438\u043e\u043d\u043d\u0430 \u0431\u043e\u0442\u0430\u043d\u0438\u043a\u0430, \u0423\u043d\u0438\u0432\u0435\u0440\u0441\u0438\u0442\u0435\u0442 \u0432 \u041d\u044e\u0448\u0430\u0442\u0435\u043b, \u0433\u0440. \u041d\u044e\u0448\u0430\u0442\u0435\u043b, \u0428\u0432\u0435\u0439\u0446\u0430\u0440\u0438\u044f<\/li>\n<li style=\"text-align: justify;\">2011 \u0414\u043e\u043a\u0442\u043e\u0440 \u043f\u043e \u0433\u0435\u043d\u0435\u0442\u0438\u043a\u0430, \u0418\u0424\u0420\u0413-\u0411\u0410\u041d<\/li>\n<li style=\"text-align: justify;\">1999-2011 \u0410\u0441\u0438\u0441\u0442\u0435\u043d\u0442, \u0418\u043d\u0441\u0442\u0438\u0442\u0443\u0442 \u043f\u043e \u0433\u0435\u043d\u0435\u0442\u0438\u043a\u0430,\u0411\u0410\u041d<\/li>\n<li style=\"text-align: justify;\">1993-1995 \u041c\u0430\u0433\u0438\u0441\u0442\u044a\u0440, \u0411\u0438\u043e\u043b\u043e\u0433\u0438\u0447\u0435\u0441\u043a\u0438 \u0444\u0430\u043a\u0443\u043b\u0442\u0435\u0442, \u0421\u043e\u0444\u0438\u0439\u0441\u043a\u0438 \u0443\u043d\u0438\u0432\u0435\u0440\u0441\u0438\u0442\u0435\u0442, \u0411\u0438\u043e\u0442\u0435\u0445\u043d\u043e\u043b\u043e\u0433\u0438\u0447\u043d\u0438 \u043f\u0440\u043e\u0446\u0435\u0441\u0438 \u0438 \u0430\u043f\u0430\u0440\u0430\u0442\u0438 \u0441\u044a\u0441 \u0441\u043f\u0435\u0446\u0438\u0430\u043b\u0438\u0437\u0430\u0446\u0438\u044f \u0413\u0435\u043d\u043d\u043e \u0438 \u043a\u043b\u0435\u0442\u044a\u0447\u043d\u043e \u0438\u043d\u0436\u0435\u043d\u0435\u0440\u0441\u0442\u0432\u043e<\/li>\n<li style=\"text-align: justify;\">1990-1992 \u0414\u044a\u0440\u0436\u0430\u0432\u0435\u043d \u0443\u043d\u0438\u0432\u0435\u0440\u0441\u0438\u0442\u0435\u0442 \u043d\u0430 \u0421\u0430\u043d\u043a\u0442 \u041f\u0435\u0442\u0435\u0440\u0431\u0443\u0440\u0433, \u041a\u0430\u0442\u0435\u0434\u0440\u0430 \u0420\u0430\u0441\u0442\u0438\u0442\u0435\u043b\u043d\u0430 \u0433\u0435\u043d\u0435\u0442\u0438\u043a\u0430<\/li>\n<\/ul>\n<h3>\u0421\u043f\u0435\u0446\u0438\u0430\u043b\u0438\u0437\u0430\u0446\u0438\u0438<\/h3>\n<ul>\n<li style=\"text-align: justify;\">\u0441\u0435\u043f\u0442. 2018-\u044e\u043d\u0438 2019 \u0421\u0442\u0438\u043f\u0435\u043d\u0434\u0438\u0430\u043d\u0442 \u043f\u043e \u043f\u0440\u043e\u0433\u0440\u0430\u043c\u0430 \u043d\u0430 \u041c\u0438\u043d\u0438\u0441\u0442\u0435\u0440\u0441\u0442\u0432\u043e\u0442\u043e \u043d\u0430 \u043e\u0431\u0440\u0430\u0437\u043e\u0432\u0430\u043d\u0438\u0435\u0442\u043e \u0438 \u043d\u0430\u0443\u043a\u0430\u0442\u0430 \u0437\u0430 \u043e\u0431\u0443\u0447\u0435\u043d\u0438\u0435, \u0441\u043f\u0435\u0446\u0438\u0430\u043b\u0438\u0437\u0430\u0446\u0438\u0438 \u0438 \u043d\u0430\u0443\u0447\u043d\u0438 \u0438\u0437\u0441\u043b\u0435\u0434\u0432\u0430\u043d\u0438\u044f \u0432 \u0447\u0443\u0436\u0431\u0438\u043d\u0430, \u0423\u043d\u0438\u0432\u0435\u0440\u0441\u0438\u0442\u0435\u0442 \u041a\u043e\u043c\u0435\u043d\u0438\u0443\u0441, \u0433\u0440. \u0411\u0440\u0430\u0442\u0438\u0441\u043b\u0430\u0432\u0430, \u0421\u043b\u043e\u0432\u0430\u043a\u0438\u044f<\/li>\n<li style=\"text-align: justify;\">2014, 2017 \u0421\u0442\u0438\u043f\u0435\u043d\u0434\u0438\u0430\u043d\u0442 \u043f\u043e \u041d\u0430\u0446\u0438\u043e\u043d\u0430\u043b\u043d\u0430\u0442\u0430 \u0441\u0442\u0438\u043f\u0435\u043d\u0434\u0438\u0430\u043b\u043d\u0430 \u043f\u0440\u043e\u0433\u0440\u0430\u043c\u0430 \u043d\u0430 \u0421\u043b\u043e\u0432\u0430\u043a\u0438\u044f, \u0423\u043d\u0438\u0432\u0435\u0440\u0441\u0438\u0442\u0435\u0442 \u041a\u043e\u043c\u0435\u043d\u0438\u0443\u0441, \u0433\u0440. \u0411\u0440\u0430\u0442\u0438\u0441\u043b\u0430\u0432\u0430, \u0421\u043b\u043e\u0432\u0430\u043a\u0438\u044f<\/li>\n<li style=\"text-align: justify;\">\u0441\u0435\u043f\u0442. 2012-\u0430\u0432\u0433\u0443\u0441\u0442 2013 \u041f\u043e\u0441\u0442-\u0434\u043e\u043a\u0442\u043e\u0440\u0430\u043d\u0442\u0441\u043a\u043e \u043e\u0431\u0443\u0447\u0435\u043d\u0438\u0435, \u0441\u0442\u0438\u043f\u0435\u043d\u0434\u0438\u0430\u043d\u0442 \u043d\u0430 Sciex, \u043f\u0440\u043e\u0433\u0440\u0430\u043c\u0430 \u043d\u0430 \u0428\u0432\u0435\u0439\u0446\u0430\u0440\u0441\u043a\u043e\u0442\u043e \u043f\u0440\u0430\u0432\u0438\u0442\u0435\u043b\u0441\u0442\u0432\u043e, \u041b\u0430\u0431\u043e\u0440\u0430\u0442\u043e\u0440\u0438\u044f \u043f\u043e \u0435\u0432\u043e\u043b\u044e\u0446\u0438\u043e\u043d\u043d\u0430 \u0431\u043e\u0442\u0430\u043d\u0438\u043a\u0430, \u0423\u043d\u0438\u0432\u0435\u0440\u0441\u0438\u0442\u0435\u0442 \u0432 \u041d\u044e\u0448\u0430\u0442\u0435\u043b, \u0433\u0440. \u041d\u044e\u0448\u0430\u0442\u0435\u043b, \u0428\u0432\u0435\u0439\u0446\u0430\u0440\u0438\u044f<\/li>\n<li style=\"text-align: justify;\">\u0441\u0435\u043f\u0442. 2015-\u0424\u0435\u0432. 2016 \u0421\u0442\u0438\u043f\u0435\u043d\u0434\u0438\u044f \u041c\u0430\u0440\u0438-\u041a\u044e\u0440\u0438, \u0423\u043d\u0438\u0432\u0435\u0440\u0441\u0438\u0442\u0435\u0442 \u0432 \u0421\u044a\u0441\u0435\u043a\u0441, \u0433\u0440. \u0411\u0440\u0430\u0439\u0442\u044a\u043d, \u0412\u0435\u043b\u0438\u043a\u043e\u0431\u0440\u0438\u0442\u0430\u043d\u0438\u044f<\/li>\n<\/ul>\n<h3>\u0423\u0447\u0430\u0441\u0442\u0438\u0435 \u0432 \u043f\u0440\u043e\u0435\u043a\u0442\u0438<\/h3>\n<ul>\n<li style=\"text-align: justify;\">2019-2023 \u041f\u0440\u043e\u0435\u043a\u0442 \u0437\u0430 \u0441\u044a\u0442\u0440\u0443\u0434\u043d\u0438\u0447\u0435\u0441\u0442\u0432\u043e \u043c\u0435\u0436\u0434\u0443 \u0411\u044a\u043b\u0433\u0430\u0440\u0438\u044f \u0438 \u0422\u0443\u0440\u0446\u0438\u044f: \u201eDetermination of nuclear DNA content and ploidy level of wild sunflower species and their interspecific hybrids utilizing flow cytometry and their evaluation based on some yield traits\u201c, \u0418\u0424\u0420\u0413 \u043f\u0430\u0440\u0442\u043d\u044c\u043e\u0440<\/li>\n<li style=\"text-align: justify;\">2019-2023 \u041d\u0430\u0446\u0438\u043e\u043d\u0430\u043b\u043d\u0430 \u043d\u0430\u0443\u0447\u043d\u0430 \u043f\u0440\u043e\u0433\u0440\u0430\u043c\u0430 \u201eO\u043f\u0430\u0437\u0432\u0430\u043d\u0435 \u043d\u0430 \u043e\u043a\u043e\u043b\u043d\u0430\u0442\u0430 \u0441\u0440\u0435\u0434\u0430 \u0438 \u043d\u0430\u043c\u0430\u043b\u044f\u0432\u0430\u043d\u0435 \u043d\u0430 \u0440\u0438\u0441\u043a\u0430 \u043e\u0442 \u043d\u0435\u0431\u043b\u0430\u0433\u043e\u043f\u0440\u0438\u044f\u0442\u043d\u0438 \u044f\u0432\u043b\u0435\u043d\u0438\u044f \u0438 \u043f\u0440\u0438\u0440\u043e\u0434\u043d\u0438 \u0431\u0435\u0434\u0441\u0442\u0432\u0438\u044f\u201c, \u0420\u041f.I.7 \u0417\u0430\u0434\u0430\u0447\u0430 5 \u2013 \u0413\u0435\u043d\u0435\u0442\u0438\u0447\u043d\u0438, \u0435\u043f\u0438\u0433\u0435\u043d\u0435\u0442\u0438\u0447\u043d\u0438 \u0438 \u0444\u0438\u0437\u0438\u043e\u043b\u043e\u0433\u043e-\u0431\u0438\u043e\u0445\u0438\u043c\u0438\u0447\u043d\u0438 \u043e\u0441\u043d\u043e\u0432\u0438 \u043d\u0430 \u0443\u0441\u0442\u043e\u0439\u0447\u0438\u0432\u043e\u0441\u0442\u0442\u0430 \u043d\u0430 \u0440\u0430\u0441\u0442\u0435\u043d\u0438\u044f\u0442\u0430 \u043a\u044a\u043c \u043d\u0435\u0431\u043b\u0430\u0433\u043e\u043f\u0440\u0438\u044f\u0442\u043d\u0438 \u0443\u0441\u043b\u043e\u0432\u0438\u044f \u043d\u0430 \u043e\u043a\u043e\u043b\u043d\u0430\u0442\u0430 \u0441\u0440\u0435\u0434\u0430, \u041a\u043e\u043e\u0440\u0434\u0438\u043d\u0430\u0442\u043e\u0440 \u0418\u0424\u0420\u0413-\u0411\u0410\u041d<\/li>\n<li style=\"text-align: justify;\">2016-2018 \u041d\u0430\u0446\u0438\u043e\u043d\u0430\u043b\u0435\u0442 \u043f\u0440\u043e\u0435\u043a\u0442 \u0422\u041a, \u0418\u0410\u0415\u0410, \u0412\u0438\u0435\u043d\u0430, \u0410\u0432\u0441\u0442\u0440\u0438\u044f, BUL 5\/014 \u201cScreening of cereal germplasm stress response and adaptation potential by advanced nuclear, omics and physiological approaches\u201d<\/li>\n<li style=\"text-align: justify;\">\u0430\u043f\u0440\u0438\u043b-\u044e\u043d\u0438 2018 \u041f\u0440\u043e\u0435\u043a\u0442 BG05M2OP001-2.002-0001, \u0421\u0442\u0443\u0434\u0435\u043d\u0442\u0441\u043a\u0438 \u043f\u0440\u0430\u043a\u0442\u0438\u043a\u0438 \u2013 \u0424\u0430\u0437\u04301 \u041e\u043f\u0435\u0440\u0430\u0442\u0438\u0432\u043d\u0430 \u043f\u0440\u043e\u0433\u0440\u0430\u043c\u0430 \u201c \u041d\u0430\u0443\u043a\u0430 \u0438 \u043e\u0431\u0440\u0430\u0437\u043e\u0432\u0430\u043d\u0438\u0435 \u0437\u0430 \u0438\u043d\u0442\u0435\u043b\u0438\u0433\u0435\u043d\u0442\u0435\u043d \u0440\u0430\u0441\u0442\u0435\u0436 2014-2020\u201d, \u043c\u0435\u043d\u0442\u043e\u0440 \u043d\u0430 \u0441\u0442\u0443\u0434\u0435\u043d\u0442\u0438<\/li>\n<li style=\"text-align: justify;\">2012-2015 \u041f\u0440\u043e\u0435\u043a\u0442 BG051PO001-3.3.06-0025, \u041e\u043f\u0435\u0440\u0430\u0442\u0438\u0432\u043d\u0430 \u043f\u0440\u043e\u0433\u0440\u0430\u043c\u0430 \u201e\u0420\u0430\u0437\u0432\u0438\u0442\u0438\u0435 \u043d\u0430 \u0447\u043e\u0432\u0435\u0448\u043a\u0438\u0442\u0435 \u0440\u0435\u0441\u0443\u0440\u0441\u0438\u201d \u201e\u041f\u043e\u0434\u043a\u0440\u0435\u043f\u0430 \u0437\u0430 \u0438\u0437\u0433\u0440\u0430\u0436\u0434\u0430\u043d\u0435 \u0438 \u0440\u0430\u0437\u0432\u0438\u0442\u0438\u0435 \u043d\u0430 \u043c\u043b\u0430\u0434 \u043a\u043e\u043d\u043a\u0443\u0440\u0435\u043d\u0442\u043d\u043e\u0441\u043f\u043e\u0441\u043e\u0431\u0435\u043d \u043d\u0430\u0443\u0447\u0435\u043d \u043f\u043e\u0442\u0435\u043d\u0446\u0438\u0430\u043b \u0432 \u043e\u0431\u043b\u0430\u0441\u0442\u0442\u0430 \u043d\u0430 \u0444\u0438\u0437\u0438\u043e\u043b\u043e\u0433\u0438\u044f\u0442\u0430, \u0444\u0438\u0442\u043e\u0445\u0438\u043c\u0438\u044f\u0442\u0430, \u0433\u0435\u043d\u043e\u043c\u0438\u043a\u0430\u0442\u0430, \u043f\u0440\u043e\u0442\u0435\u043e\u043c\u0438\u043a\u0430\u0442\u0430 \u0438 \u0431\u0438\u043e\u0440\u0430\u0437\u043d\u043e\u043e\u0431\u0440\u0430\u0437\u0438\u0435\u0442\u043e \u043d\u0430 \u0435\u0443\u043a\u0430\u0440\u0438\u043e\u0442\u043d\u0438\u0442\u0435 \u043e\u0440\u0433\u0430\u043d\u0438\u0437\u043c\u0438\u201d, \u0438\u0437\u043f\u044a\u043b\u043d\u0438\u0442\u0435\u043b \u043d\u0430\u0443\u0447\u043d\u0438 \u0438\u0437\u0441\u043b\u0435\u0434\u0432\u0430\u043d\u0438\u044f<\/li>\n<\/ul>\n<h3>\u0414\u0440\u0443\u0433\u0438 \u0434\u0435\u0439\u043d\u043e\u0441\u0442\u0438<\/h3>\n<p style=\"text-align: justify;\">\u0423\u0447\u0430\u0441\u0442\u0438\u0435 \u0432 \u043e\u0431\u0443\u0447\u0435\u043d\u0438\u044f\/\u043e\u0440\u0433\u0430\u043d\u0438\u0437\u0438\u0440\u0430\u043d\u0435 \u0438 \u043f\u0440\u043e\u043c\u043e\u0442\u0438\u0440\u0430\u043d\u0435 \u043d\u0430 \u0434\u0435\u0439\u043d\u043e\u0441\u0442\u0438 \u0437\u0430 \u043f\u0440\u0438\u043b\u0430\u0433\u0430\u043d\u0435 \u043d\u0430 \u043f\u0440\u0438\u043d\u0446\u0438\u043f\u0438\u0442\u0435 \u043d\u0430 \u041e\u0442\u0433\u043e\u0432\u043e\u0440\u043d\u0438 \u0438\u0437\u0441\u043b\u0435\u0434\u0432\u0430\u043d\u0438\u044f \u0438 \u0418\u043d\u043e\u0432\u0430\u0446\u0438\u0438 (\u041e\u0418\u0418) \u2013 \u0437\u0430 \u043e\u0442\u0432\u043e\u0440\u0435\u043d\u0438 \u043a\u044a\u043c \u043e\u0431\u0449\u0435\u0441\u0442\u0432\u043e\u0442\u043e \u043d\u0430\u0443\u043a\u0430 \u0438 \u043e\u0431\u0443\u0447\u0435\u043d\u0438\u0435, \u0435\u0442\u0438\u0447\u043d\u0438 \u043d\u043e\u0440\u043c\u0438 \u0432 \u043d\u0430\u0443\u0447\u043d\u0438\u0442\u0435 \u0438\u0437\u0441\u043b\u0435\u0434\u0432\u0430\u043d\u0438\u044f.<\/p>\n<p style=\"text-align: justify;\">\u0423\u0447\u0430\u0441\u0442\u0438\u0435 \u0432 \u0440\u0430\u0431\u043e\u0442\u043d\u0438 1\u0432\u0430, 2\u0440\u0430 \u0438 3\u0442\u0430 \u0440\u0430\u0431\u043e\u0442\u043d\u0438 \u0441\u0440\u0435\u0449\u0438 Social Labs on Responsible Research and Innovations (RRI), \u041c\u0430\u0434\u0440\u0438\u0434 (\u043c\u0430\u0440\u0442 2018), \u041f\u0440\u0430\u0433\u0430 (\u041d\u043e\u0435\u043c\u0432\u0440\u0438 2018) \u0438 \u041d\u043e\u0432\u0438 \u0421\u0430\u0434 (\u043e\u043a\u0442\u043e\u043c\u0432\u0440\u0438 2019), \u0441 \u043e\u0440\u0433\u0430\u043d\u0438\u0437\u0430\u0442\u043e\u0440 \u041d&amp;\u0418 \u0446\u0435\u043d\u0442\u044a\u0440 Tecnalia<\/p>\n<h3>\u0418\u0437\u0431\u0440\u0430\u043d\u0438 \u043f\u0443\u0431\u043b\u0438\u043a\u0430\u0446\u0438\u0438<\/h3>\n<p style=\"text-align: justify;\"><strong>Bonchev G.<\/strong>, Du\u0161insk\u00fd R., Hauptvogel H., Gaplovsk\u00e1-Kysel\u00e1 K., \u0160vec M. (2019) On the diversity and origin of the barley complex agriocrithon inferred by iPBS transposon markers. Genetic Resources and Crop Evolution, 66, 7, Kluwer Academic Publishers<\/p>\n<p style=\"text-align: justify;\"><strong>Bonchev G.<\/strong>, Vassilevska-Ivanova R. (2019) Fingerprinting the genetic variation and intergeneric hybrid dynamics in the family Asteraceae (genera Helianthus, Echinaceae, Tagetes and Verbesina) using iPBS markers. Biologia, Springer, (Online)<\/p>\n<p style=\"text-align: justify;\"><strong>Bonchev G<\/strong>, Y. Willi (2018) Accumulation of transposable elements in selfing populations of Arabidopsis lyrata supports the ectopic recombination model of transposon evolution, New Phytologist, 219, 767-778<\/p>\n<p style=\"text-align: justify;\"><strong>Bonchev G.<\/strong>, Dusinsk\u00fd R., Hauptvogel P., \u0160vec M. (2017) Patterns of evolutionary trajectories and domestication history within the genus Hordeum assessed by REMAP markers, Journal of Molecular Evolution, 84, 116-128<\/p>\n<p style=\"text-align: justify;\"><strong>Bonchev G.<\/strong> Parisod C. (2013) Transposable elements and microevolutionary changes in natural populations, Molecular Ecology Resources, 13, 765-775<\/p>\n<p style=\"text-align: justify;\"><strong>Bonchev<\/strong><strong> G<\/strong>., L. Stoilov, Z. Angelova, S. Georgiev (2012) Genomic diversity of Ac-like transposable elements in sphaerococcum mutant forms of common wheat (T. aestivum L.) and triticale (X Triticosecale Witt.), \u00a0Journal of Applied Genetics, 53(1), 9-17<\/p>\n<p style=\"text-align: justify;\"><strong>Bonchev<\/strong><strong> G<\/strong>., S. Pearce, S. Georgiev (2010) Retrotransposons and ethyle methanesulphonate induced genetic diversity in sphaerococcum mutant forms of hexaploid wheat and Triticale, Central European Journal of Biology , 5(6), 765-776<\/p>\n<h2><\/h2>\n<h6 style=\"text-align: right;\"><a class=\"_ps2id\" href=\"#top\" data-ps2id-offset=\"300\">[ Top ]<\/a><\/h6>\n","protected":false},"excerpt":{"rendered":"<p>\u0414\u043e\u0446\u0435\u043d\u0442 \u0434-\u0440 \u0413\u0435\u043e\u0440\u0433\u0438 \u0411\u043e\u043d\u0447\u0435\u0432 \u0411\u043b\u043e\u043a 21 O\u0444\u0438\u0441 106, \u043b\u0430\u0431. 211, 221 \u0422\u0435\u043b.: +359 (2) 979 2678; +359 2 8722678 \u0415-mail: bonchevg@mail.bg Scopus Author ID: 6505600938 ORCID: 0000-0002-6059-8003 Research Gate: Georgi Bonchev \u0414\u0430\u0442\u0430 \u043d\u0430 \u0440\u0430\u0436\u0434\u0430\u043d\u0435: 1971 \u041c\u044f\u0441\u0442\u043e \u043d\u0430 \u0440\u0430\u0436\u0434\u0430\u043d\u0435: \u0421\u043e\u0444\u0438\u044f, \u0411\u044a\u043b\u0433\u0430\u0440\u0438\u044f \u041d\u0430\u0443\u0447\u043d\u0438 \u0438\u043d\u0442\u0435\u0440\u0435\u0441\u0438 \u041c\u043e\u043b\u0435\u043a\u0443\u043b\u044f\u0440\u043d\u0430 \u0433\u0435\u043d\u0435\u0442\u0438\u043a\u0430 \u043d\u0430 \u0440\u0430\u0441\u0442\u0435\u043d\u0438\u044f\u0442\u0430, \u043f\u043e\u0434\u0432\u0438\u0436\u043d\u0438 \u0433\u0435\u043d\u0435\u0442\u0438\u0447\u043d\u0438 \u0435\u043b\u0435\u043c\u0435\u043d\u0442\u0438, \u043f\u043e\u043f\u0443\u043b\u0430\u0446\u0438\u043e\u043d\u043d\u0430 \u0433\u0435\u043d\u0435\u0442\u0438\u043a\u0430 \u0438 \u0435\u0432\u043e\u043b\u044e\u0446\u0438\u044f, \u0440\u0430\u0437\u0440\u0430\u0431\u043e\u0442\u0432\u0430\u043d\u0435 \u0438 [&hellip;]<\/p>\n","protected":false},"author":2,"featured_media":0,"parent":50,"menu_order":0,"comment_status":"closed","ping_status":"closed","template":"","meta":{"footnotes":""},"_links":{"self":[{"href":"http:\/\/www.bio21.bas.bg\/ippg\/bg\/index.php?rest_route=\/wp\/v2\/pages\/9918"}],"collection":[{"href":"http:\/\/www.bio21.bas.bg\/ippg\/bg\/index.php?rest_route=\/wp\/v2\/pages"}],"about":[{"href":"http:\/\/www.bio21.bas.bg\/ippg\/bg\/index.php?rest_route=\/wp\/v2\/types\/page"}],"author":[{"embeddable":true,"href":"http:\/\/www.bio21.bas.bg\/ippg\/bg\/index.php?rest_route=\/wp\/v2\/users\/2"}],"replies":[{"embeddable":true,"href":"http:\/\/www.bio21.bas.bg\/ippg\/bg\/index.php?rest_route=%2Fwp%2Fv2%2Fcomments&post=9918"}],"version-history":[{"count":13,"href":"http:\/\/www.bio21.bas.bg\/ippg\/bg\/index.php?rest_route=\/wp\/v2\/pages\/9918\/revisions"}],"predecessor-version":[{"id":9920,"href":"http:\/\/www.bio21.bas.bg\/ippg\/bg\/index.php?rest_route=\/wp\/v2\/pages\/9918\/revisions\/9920"}],"up":[{"embeddable":true,"href":"http:\/\/www.bio21.bas.bg\/ippg\/bg\/index.php?rest_route=\/wp\/v2\/pages\/50"}],"wp:attachment":[{"href":"http:\/\/www.bio21.bas.bg\/ippg\/bg\/index.php?rest_route=%2Fwp%2Fv2%2Fmedia&parent=9918"}],"curies":[{"name":"wp","href":"https:\/\/api.w.org\/{rel}","templated":true}]}}