{"id":175,"date":"2012-03-29T14:41:54","date_gmt":"2012-03-29T11:41:54","guid":{"rendered":"http:\/\/www.bio21.bas.bg\/ippg\/en\/?page_id=175"},"modified":"2012-03-29T14:41:54","modified_gmt":"2012-03-29T11:41:54","slug":"gapp-vol-xxxiv-no-3-4-2008","status":"publish","type":"page","link":"http:\/\/www.bio21.bas.bg\/ippg\/en\/?page_id=175","title":{"rendered":"GAPP &#8211; Vol. XXXIV, No 3-4, 2008"},"content":{"rendered":"<h6>Table of Content<\/h6>\n<table border=\"0\" cellspacing=\"1\" cellpadding=\"5\" width=\"590\" align=\"center\">\n<tbody>\n<tr>\n<td valign=\"top\" style=\"text-align: center;\" width=\"80%\"><strong><span style=\"color: #000080;\">General and Applied Plant Physiology &#8211; Volume XXXIV, No 3-4, 2008<\/span><\/strong><\/p>\n<p><em>Special Issue (Part II) <\/em><br \/>\nProceedings of the International Conference<br \/>\n&#8216;Responses of Plants to Environmental Stresses&#8217; &#8216;PISA&#8217;-08<br \/>\n<em>12-18 May 2008, Elena, Bulgaria<\/em><\/td>\n<td valign=\"top\" style=\"text-align: center;\" width=\"8%\"><strong><span style=\"color: #000080;\">Pages<\/span><\/strong><\/td>\n<td valign=\"top\" style=\"text-align: center;\" width=\"10%\"><strong><span style=\"color: #000080;\">Full text<\/span><\/strong><\/td>\n<\/tr>\n<tr>\n<td valign=\"top\" ><strong>Volume content<\/strong><\/td>\n<td valign=\"top\" style=\"text-align: center;\">&#8211;<\/td>\n<td valign=\"top\" style=\"text-align: center;\"><a href=\"http:\/\/www.bio21.bas.bg\/ippg\/bg\/wp-content\/uploads\/2011\/06\/08_pisa_3-4_content.pdf\">PDF<\/a><\/td>\n<\/tr>\n<tr>\n<td valign=\"top\" ><strong>Popova L., L. Maslenkova, R. Yordanova, A. Krantev, G. Szalai, T. Janda<\/strong> &#8211; SALICYLIC ACID PROTECTS PHOTOSYNTHESIS AGAINST CADMIUM TOXICITY IN PEA PLANTS<\/td>\n<td valign=\"top\" style=\"text-align: center;\">133-148<\/td>\n<td valign=\"top\" style=\"text-align: center;\"><a href=\"http:\/\/www.bio21.bas.bg\/ippg\/bg\/wp-content\/uploads\/2011\/06\/08_pisa_3-4_133-148.pdf\">PDF<\/a><br \/>\n482<\/td>\n<\/tr>\n<tr>\n<td valign=\"top\" ><strong>Ivanova A., A. Krantev, Zh. Stoynova, L. Popova<\/strong> &#8211; CADMIUM-INDUCED CHANGES IN MAIZE LEAVES AND THE PROTECTIVE ROLE OF SALICYLIC ACID<\/td>\n<td valign=\"top\" style=\"text-align: center;\">149-158<\/td>\n<td valign=\"top\" style=\"text-align: center;\"><a href=\"http:\/\/www.bio21.bas.bg\/ippg\/bg\/wp-content\/uploads\/2011\/06\/08_pisa_3-4_149-158.pdf\">PDF<\/a><br \/>\n390<\/td>\n<\/tr>\n<tr>\n<td valign=\"top\" ><strong>Zagorchev L., S. Petrova, M. Odjakova<\/strong> &#8211; ARABINOGALACTAN PROTEINS IN SALT-ADAPTED SUSPENSION CULTURES OF <em>DACTYLIS GLOMERATA<\/em> L.<\/td>\n<td valign=\"top\" style=\"text-align: center;\">159-168<\/td>\n<td valign=\"top\" style=\"text-align: center;\"><a href=\"http:\/\/www.bio21.bas.bg\/ippg\/bg\/wp-content\/uploads\/2011\/06\/08_pisa_3-4_159-168.pdf\">PDF<\/a><br \/>\n366<\/td>\n<\/tr>\n<tr>\n<td valign=\"top\" ><strong>Mert H.H., Y. Dogan, S. Baslar, H. Aydin, N. Yorek<\/strong> &#8211; THE EFFECT OF NaCl ON SOME PARAMETERS INFLUENCING THE SOIL\u2013PLANT INTERACTIONS IN <em>SALICORNIA HERBACEA<\/em><\/td>\n<td valign=\"top\" style=\"text-align: center;\">169-176<\/td>\n<td valign=\"top\" style=\"text-align: center;\"><a href=\"http:\/\/www.bio21.bas.bg\/ippg\/bg\/wp-content\/uploads\/2011\/06\/08_pisa_3-4_169-176.pdf\">PDF<\/a><br \/>\n382<\/td>\n<\/tr>\n<tr>\n<td valign=\"top\" ><strong>Kaymakanova M., N. Stoeva<\/strong> &#8211; PHYSIOLOGICAL REACTION OF BEAN PLANTS (<em>PHASEOLUS VULG.<\/em> L.) TO SALT STRESS<\/td>\n<td valign=\"top\" style=\"text-align: center;\">177-188<\/td>\n<td valign=\"top\" style=\"text-align: center;\"><a href=\"http:\/\/www.bio21.bas.bg\/ippg\/bg\/wp-content\/uploads\/2011\/06\/08_pisa_3-4_177-188.pdf\">PDF<\/a><br \/>\n534<\/td>\n<\/tr>\n<tr>\n<td valign=\"top\" ><strong>Nenova V.<\/strong> &#8211; GROWTH AND MINERAL CONCENTRATIONS OF PEA PLANTS UNDER DIFFERENT SALINITY LEVELS AND IRON SUPPLY<\/td>\n<td valign=\"top\" style=\"text-align: center;\">189-202<\/td>\n<td valign=\"top\" style=\"text-align: center;\"><a href=\"http:\/\/www.bio21.bas.bg\/ippg\/bg\/wp-content\/uploads\/2011\/06\/08_pisa_3-4_189-202.pdf\">PDF<\/a><br \/>\n764<\/td>\n<\/tr>\n<tr>\n<td valign=\"top\" ><strong>Aktas L.Y., H. Akca, N. Altun, P. Battal<\/strong> &#8211; PHYTOHORMONE LEVELS OF DROUGHT-ACCLIMATED LAUREL SEEDLINGS IN SEMIARID CONDITIONS<\/td>\n<td valign=\"top\" style=\"text-align: center;\">203-214<\/td>\n<td valign=\"top\" style=\"text-align: center;\"><a href=\"http:\/\/www.bio21.bas.bg\/ippg\/bg\/wp-content\/uploads\/2011\/06\/08_pisa_3-4_203-214.pdf\">PDF<\/a><br \/>\n448<\/td>\n<\/tr>\n<tr>\n<td valign=\"top\" ><strong>Janmohammadi M., P. Moradi Dezfuli, F. Sharifzadeh<\/strong> &#8211; SEED INVIGORATION TECHNIQUES TO IMPROVE GERMINATION AND EARLY GROWTH OF INBRED LINE OF MAIZE UNDER SALINITY AND DROUGHT STRESS<\/td>\n<td valign=\"top\" style=\"text-align: center;\">215-226<\/td>\n<td valign=\"top\" style=\"text-align: center;\"><a href=\"http:\/\/www.bio21.bas.bg\/ippg\/bg\/wp-content\/uploads\/2011\/06\/08_pisa_3-4_215-226.pdf\">PDF<\/a><br \/>\n502<\/td>\n<\/tr>\n<tr>\n<td valign=\"top\" ><strong>Klymchuk D., T. Vorobyova, O. Sivash, S. Jadko<\/strong> &#8211; EFFECTS OF WATER DEFICIT ON THE WATER RELATIONS OF <em>ALISMA PLANTAGO-AQUATICA<\/em> L. UNDER NATURAL ENVIRONMENT<\/td>\n<td valign=\"top\" style=\"text-align: center;\">227-238<\/td>\n<td valign=\"top\" style=\"text-align: center;\"><a href=\"http:\/\/www.bio21.bas.bg\/ippg\/bg\/wp-content\/uploads\/2011\/06\/08_pisa_3-4_227-238.pdf\">PDF<\/a><br \/>\n388<\/td>\n<\/tr>\n<tr>\n<td valign=\"top\" ><strong>Kosturkova G., R. Todorova, G. Sakthivelu, M. K. Akitha Devi, P. Giridhar, T. Rajasekaran, G. A. Ravishankar<\/strong> &#8211; RESPONSE OF BULGARIAN AND INDIAN SOYBEAN GENOTYPES TO DROUGHT AND WATER DEFICIENCY IN FIELD AND LABORATORY CONDITIONS<\/td>\n<td valign=\"top\" style=\"text-align: center;\">239-250<\/td>\n<td valign=\"top\" style=\"text-align: center;\"><a href=\"http:\/\/www.bio21.bas.bg\/ippg\/bg\/wp-content\/uploads\/2011\/06\/08_pisa_3-4_239-250.pdf\">PDF<\/a><br \/>\n646<\/td>\n<\/tr>\n<tr>\n<td valign=\"top\" ><strong>Kolupaev Yu.Ye., Yu.V. Karpets, I.V. Kosakivska<\/strong> &#8211; THE IMPORTANCE OF REACTIVE OXYGEN SPECIES IN THE INDUCTION OF PLANT RESISTANCE TO HEAT STRESS<\/td>\n<td valign=\"top\" style=\"text-align: center;\">251-266<\/td>\n<td valign=\"top\" style=\"text-align: center;\"><a href=\"http:\/\/www.bio21.bas.bg\/ippg\/bg\/wp-content\/uploads\/2011\/06\/08_pisa_3-4_251-266.pdf\">PDF<\/a><br \/>\n683<\/td>\n<\/tr>\n<tr>\n<td valign=\"top\" ><strong>\u00c7i\u00e7ek N., H. \u00c7ak\u0131rlar<\/strong> &#8211; CHANGES IN SOME ANTIOXIDANT ENZYME ACTIVITIES IN SIX SOYBEAN CULTIVARS IN RESPONSE TO LONG-TERM SALINITY AT TWO DIFFERENT TEMPERATURES<\/td>\n<td valign=\"top\" style=\"text-align: center;\">267-280<\/td>\n<td valign=\"top\" style=\"text-align: center;\"><a href=\"http:\/\/www.bio21.bas.bg\/ippg\/bg\/wp-content\/uploads\/2011\/06\/08_pisa_3-4_267-280.pdf\">PDF<\/a><br \/>\n464<\/td>\n<\/tr>\n<tr>\n<td valign=\"top\" ><strong>Apostolova P., R. Yordanova, L. Popova<\/strong> &#8211; RESPONSE OF ANTIOXIDATIVE DEFENCE SYSTEM TO LOW TEMPERATURE STRESS IN TWO WHEAT CULTIVARS<\/td>\n<td valign=\"top\" style=\"text-align: center;\">281-294<\/td>\n<td valign=\"top\" style=\"text-align: center;\"><a href=\"http:\/\/www.bio21.bas.bg\/ippg\/bg\/wp-content\/uploads\/2011\/06\/08_pisa_3-4_281-294.pdf\">PDF<\/a><br \/>\n483<\/td>\n<\/tr>\n<tr>\n<td valign=\"top\" ><strong>Boycheva S., N. Babalakova<\/strong> &#8211; DOES CHELATED COPPER AMELIORATE THE GREENING OF IRON-DEFICIENT CUCUMBER PLANTS THROUGH NITRIC OXIDE SIGNALING? COMPARISON WITH CHEMICAL FORMS OF ZINC<\/td>\n<td valign=\"top\" style=\"text-align: center;\">295-308<\/td>\n<td valign=\"top\" style=\"text-align: center;\"><a href=\"http:\/\/www.bio21.bas.bg\/ippg\/bg\/wp-content\/uploads\/2011\/06\/08_pisa_3-4_295-308.pdf\">PDF<\/a><br \/>\n438<\/td>\n<\/tr>\n<tr>\n<td valign=\"top\" ><strong>Geneva M., I. Stancheva, M. Sichanova, M. Boychinova, G. Georgiev, M. Dolezal<\/strong> &#8211; IMPROVEMENT OF MILK THISTLE (<em>SILYBUM MARIANUM<\/em> L.) SEED YIELD AND QUALITY WITH FOLIAR FERTILIZATION AND GROWTH EFFECTOR MD 148\/II<\/td>\n<td valign=\"top\" style=\"text-align: center;\">309-318<\/td>\n<td valign=\"top\" style=\"text-align: center;\"><a href=\"http:\/\/www.bio21.bas.bg\/ippg\/bg\/wp-content\/uploads\/2011\/06\/08_pisa_3-4_309-318.pdf\">PDF<\/a><br \/>\n476<\/td>\n<\/tr>\n<tr>\n<td valign=\"top\" ><strong>Stancheva I., M. Geneva, E. Djonova, N. Kaloyanova, M. Sichanova, M. Boychinova, G. Georgiev<\/strong> &#8211; RESPONSE OF ALFALFA (<em>MEDICAGO SATIVA<\/em> L) GROWTH AT LOW ACCESSIBLE PHOSPHORUS SOURCE TO THE DUAL INOCULATION WITH MYCORRHIZAL FUNGI AND NITROGEN FIXING BACTERIA<\/td>\n<td valign=\"top\" style=\"text-align: center;\">319-326<\/td>\n<td valign=\"top\" style=\"text-align: center;\"><a href=\"http:\/\/www.bio21.bas.bg\/ippg\/bg\/wp-content\/uploads\/2011\/06\/08_pisa_3-4_319-326.pdf\">PDF<\/a><br \/>\n502<\/td>\n<\/tr>\n<tr>\n<td valign=\"top\" ><strong>Hristozkova M., M. Geneva, I. Stancheva<\/strong> &#8211; EFFECTS OF SINORHIZOBIUM MELILOTI STRAINS (1021 AND NitR) ON NITROGEN ASSIMILATION OF ALFALFA PLANTS UNDER CONDITIONS OF MINERAL ELEMENTS SHORTAGE<\/td>\n<td valign=\"top\" style=\"text-align: center;\">327-338<\/td>\n<td valign=\"top\" style=\"text-align: center;\"><a href=\"http:\/\/www.bio21.bas.bg\/ippg\/bg\/wp-content\/uploads\/2011\/06\/08_pisa_3-4_327-338.pdf\">PDF<\/a><br \/>\n467<\/td>\n<\/tr>\n<tr>\n<td valign=\"top\" ><strong>Ivanova J., T. Toncheva-Panova, G. Chernev, B. Samuneva<\/strong> &#8211; EFFECT OF Ag<sup>+<\/sup>, Cu<sup>2+<\/sup> AND Zn<sup>2+<\/sup> CONTAINING HYBRID NANOMATRIXES ON THE GREEN ALGAE <em>CHLORELLA KEISSLERI<\/em><\/td>\n<td valign=\"top\" style=\"text-align: center;\">339-346<\/td>\n<td valign=\"top\" style=\"text-align: center;\"><a href=\"http:\/\/www.bio21.bas.bg\/ippg\/bg\/wp-content\/uploads\/2011\/06\/08_pisa_3-4_339-346.pdf\">PDF<\/a><br \/>\n430<\/td>\n<\/tr>\n<tr>\n<td valign=\"top\" ><strong>Gacheva G., P. Pilarski<\/strong> &#8211; THE RESISTANCE OF A NEW STRAIN <em>CHLORELLA SP.<\/em> R-06\/2, ISOLATED FROM AN EXTREME HABITAT TO ENVIRONMENTAL STRESS FACTORS<\/td>\n<td valign=\"top\" style=\"text-align: center;\">347-360<\/td>\n<td valign=\"top\" style=\"text-align: center;\"><a href=\"http:\/\/www.bio21.bas.bg\/ippg\/bg\/wp-content\/uploads\/2011\/06\/08_pisa_3-4_347-360.pdf\">PDF<\/a><br \/>\n572<\/td>\n<\/tr>\n<tr>\n<td valign=\"top\" ><strong>Nedeva D., I. Pouneva, T.Toncheva-Panova<\/strong> &#8211; PROFILES OF ANTIOXIDANT ISOENZYMES IN THE PATHOSYSTEM <em>SCENEDESMUS\u2013PHLYCTIDIUM<\/em> AFTER TREATMENT WITH PLANT GROWTH REGULATORS<\/td>\n<td valign=\"top\" style=\"text-align: center;\">361-376<\/td>\n<td valign=\"top\" style=\"text-align: center;\"><a href=\"http:\/\/www.bio21.bas.bg\/ippg\/bg\/wp-content\/uploads\/2011\/06\/08_pisa_3-4_361-376.pdf\">PDF<\/a><br \/>\n812<\/td>\n<\/tr>\n<tr>\n<td valign=\"top\" ><strong>Katerova Z., E. Prinsen<\/strong> &#8211; ALTERATIONS IN INDOLEACETIC ACID, ABSCISIC ACID AND AMINOCYCLOPROPANE CARBOXYLIC ACID IN PEA PLANTS AFTER PROLONGED INFLUENCE OF LOW LEVELS ULTRAVIOLET-B AND ULTRAVIOLET-C RADIATIONS<\/td>\n<td valign=\"top\" style=\"text-align: center;\">377-388<\/td>\n<td valign=\"top\" style=\"text-align: center;\"><a href=\"http:\/\/www.bio21.bas.bg\/ippg\/bg\/wp-content\/uploads\/2011\/06\/08_pisa_3-4_377-388.pdf\">PDF<\/a><br \/>\n389<\/td>\n<\/tr>\n<tr>\n<td valign=\"top\" ><strong>Dinev N., M. Banov, I. Nikova<\/strong> &#8211; MONITORING AND RISK ASSESSMENT OF CONTAMINATED SOILS<\/td>\n<td valign=\"top\" style=\"text-align: center;\">389-396<\/td>\n<td valign=\"top\" style=\"text-align: center;\"><a href=\"http:\/\/www.bio21.bas.bg\/ippg\/bg\/wp-content\/uploads\/2011\/06\/08_pisa_3-4_389-396.pdf\">PDF<\/a><br \/>\n430<\/td>\n<\/tr>\n<tr>\n<td valign=\"top\" ><strong>Dinev N., I. Nikova, R. Sechkova, M. Banov<\/strong> &#8211; REMEDIATION STRATEGIES FOR ACID AND CONTAMINATED SOILS<\/td>\n<td valign=\"top\" style=\"text-align: center;\">397-404<\/td>\n<td valign=\"top\" style=\"text-align: center;\"><a href=\"http:\/\/www.bio21.bas.bg\/ippg\/bg\/wp-content\/uploads\/2011\/06\/08_pisa_3-4_397-404.pdf\">PDF<\/a><br \/>\n448<\/td>\n<\/tr>\n<tr>\n<td valign=\"top\" ><strong>Kosakivska I., D. Klymchuk, V. Negretzky, D. Bluma, A. Ustinova<\/strong> &#8211; STRESS PROTEINS AND ULTRASTRUCTURAL CHARACTERISTICS OF LEAF CELLS OF PLANTS WITH DIFFERENT TYPES OF ECOLOGICAL STRATEGIES<\/td>\n<td valign=\"top\" style=\"text-align: center;\">405-418<\/td>\n<td valign=\"top\" style=\"text-align: center;\"><a href=\"http:\/\/www.bio21.bas.bg\/ippg\/bg\/wp-content\/uploads\/2011\/06\/08_pisa_3-4_405-418.pdf\">PDF<\/a><br \/>\n503<\/td>\n<\/tr>\n<\/tbody>\n<\/table>\n","protected":false},"excerpt":{"rendered":"<p>Table of Content General and Applied Plant Physiology &#8211; Volume XXXIV, No 3-4, 2008 Special Issue (Part II) Proceedings of the International Conference &#8216;Responses of Plants to Environmental Stresses&#8217; &#8216;PISA&#8217;-08 12-18 May 2008, Elena, Bulgaria Pages Full text Volume content &#8211; PDF Popova L., L. Maslenkova, R. Yordanova, A. Krantev, G. Szalai, T. Janda &#8211; [&hellip;]<\/p>\n","protected":false},"author":2,"featured_media":0,"parent":80,"menu_order":6,"comment_status":"closed","ping_status":"closed","template":"","meta":{"footnotes":""},"_links":{"self":[{"href":"http:\/\/www.bio21.bas.bg\/ippg\/en\/index.php?rest_route=\/wp\/v2\/pages\/175"}],"collection":[{"href":"http:\/\/www.bio21.bas.bg\/ippg\/en\/index.php?rest_route=\/wp\/v2\/pages"}],"about":[{"href":"http:\/\/www.bio21.bas.bg\/ippg\/en\/index.php?rest_route=\/wp\/v2\/types\/page"}],"author":[{"embeddable":true,"href":"http:\/\/www.bio21.bas.bg\/ippg\/en\/index.php?rest_route=\/wp\/v2\/users\/2"}],"replies":[{"embeddable":true,"href":"http:\/\/www.bio21.bas.bg\/ippg\/en\/index.php?rest_route=%2Fwp%2Fv2%2Fcomments&post=175"}],"version-history":[{"count":1,"href":"http:\/\/www.bio21.bas.bg\/ippg\/en\/index.php?rest_route=\/wp\/v2\/pages\/175\/revisions"}],"predecessor-version":[{"id":176,"href":"http:\/\/www.bio21.bas.bg\/ippg\/en\/index.php?rest_route=\/wp\/v2\/pages\/175\/revisions\/176"}],"up":[{"embeddable":true,"href":"http:\/\/www.bio21.bas.bg\/ippg\/en\/index.php?rest_route=\/wp\/v2\/pages\/80"}],"wp:attachment":[{"href":"http:\/\/www.bio21.bas.bg\/ippg\/en\/index.php?rest_route=%2Fwp%2Fv2%2Fmedia&parent=175"}],"curies":[{"name":"wp","href":"https:\/\/api.w.org\/{rel}","templated":true}]}}