{"id":2071,"date":"2020-02-03T11:50:14","date_gmt":"2020-02-03T09:50:14","guid":{"rendered":"http:\/\/www.bio21.bas.bg\/ippg\/en\/?page_id=2071"},"modified":"2020-02-04T10:36:16","modified_gmt":"2020-02-04T08:36:16","slug":"svetlana-misheva","status":"publish","type":"page","link":"http:\/\/www.bio21.bas.bg\/ippg\/en\/?page_id=2071","title":{"rendered":"Svetlana Misheva"},"content":{"rendered":"<table border=\"0\" width=\"550\" cellspacing=\"0\" cellpadding=\"0\">\n<tbody>\n<tr>\n<td width=\"310\"><img loading=\"lazy\" decoding=\"async\" class=\"aligncenter wp-image-9748\" style=\"border: 1px solid grey; border-radius: 9px; box-shadow: 1px 1px 3px #717070;\" src=\"http:\/\/www.bio21.bas.bg\/ippg\/bg\/wp-content\/uploads\/2020\/02\/misheva-s.jpg\" alt=\"\" width=\"187\" height=\"250\" \/><\/td>\n<td style=\"text-align: center;\" width=\"310\">\n<h5>Professor Svetlana Misheva, PhD<\/h5>\n<p>(also known as Svetlana Landjeva)<\/p>\n<p>Building 25<br \/>\nOffice 319; Lab 320<br \/>\nPhone: +359 2 979 3677; +359 2 979 3674<br \/>\n\u0415-mail: <a href=\"mailto:s_misheva@bio21.bas.bg\">s_misheva@bio21.bas.bg<\/a>; <a href=\"mailto:slandjeva@gmail.com\">slandjeva@gmail.com<\/a><\/td>\n<\/tr>\n<\/tbody>\n<\/table>\n<h3>Current activities<\/h3>\n<p style=\"text-align: justify;\">Dr. Svetlana Misheva is a plant geneticist. Currently, she is head of the Research group \u201cGenetic resources, mineral nutrition and stress tolerance in cereals\u201d, Laboratory \u201cPlant-Soil Interactions\u201d at the Institute of Plant Physiology and Genetics. Her goal is to contribute to the understanding of genetic and physiological determinants of plant abiotic and biotic stress tolerance, and nitrogen use efficiency in cereals. Svetlana works in collaboration with plant physiologists, biophysicists, cytologists, phytopathologists, entomologists and breeders to:<\/p>\n<ul>\n<li style=\"text-align: justify;\">evaluate wheat genetic diversity;<\/li>\n<li style=\"text-align: justify;\">get knowledge about the genetic control of important agronomic traits, and biotic and abiotic stress resistance in wheat.<\/li>\n<\/ul>\n<h3>Academic qualifications<\/h3>\n<ul>\n<li style=\"text-align: justify;\">MSc in Molecular and Functional Biology, major in Genetics \u2013 Sofia University, Sofia, Bulgaria \u2013 1986.<\/li>\n<li style=\"text-align: justify;\">PhD in Genetics \u2013 Institute of Genetics, Bulgarian Academy of Sciences, Bulgaria \u2013 2000.<\/li>\n<\/ul>\n<h3>Training<\/h3>\n<ul>\n<li style=\"text-align: justify;\">Molecular Marker Applications to Plant Breeding \u2013 CYMMYT, Mexico, 1996.<\/li>\n<li style=\"text-align: justify;\">Molecular cytogenetic methods (FISH, GISH) in plants \u2013 Agricultural Research Institute, Martonv\u00e1s\u00e1r, Hungary, 2007.<\/li>\n<\/ul>\n<h3>Work experience<\/h3>\n<ul>\n<li style=\"text-align: justify;\">1988 \u2013 2008 Research associate &#8211; Institute of Genetics, Bulgarian Academy of Sciences .<\/li>\n<li style=\"text-align: justify;\">2008 \u2013 2018 Senior research associate (docent) &#8211; Institute of Genetics, Institute of Plant Physiology and Genetics, Bulgarian Academy of Sciences.<\/li>\n<li style=\"text-align: justify;\">2018 \u2013 prsent Professor &#8211; Institute of Plant Physiology and Genetics, Bulgarian Academy of Sciences.<\/li>\n<li style=\"text-align: justify;\">2006 &#8211; 2009 Visiting scientist &#8211; Leibniz-Institut f\u00fcr Pflanzengenetik und Kulturpflanzenforschung (IPK), Gatersleben, Germany.<\/li>\n<\/ul>\n<h3>Membership<\/h3>\n<ul>\n<li style=\"text-align: justify;\">2005 \u2013 present member of EWAC (European Cereal Genetics Co-operative).<\/li>\n<li style=\"text-align: justify;\">2008 \u2013 2009 member of EUCARPIA (European Association for Research on Plant Breeding).<\/li>\n<\/ul>\n<h3>Current projects<\/h3>\n<ul>\n<li style=\"text-align: justify;\">Genome wide association study of grain yield, grain protein content and grain nitrogen concentration in Bulgarian bread wheat germplasm &#8211; Grant KP-06-N31\/17 (Bulgarian NSF) (principal investigator).<\/li>\n<li style=\"text-align: justify;\">Evaluation of drought stress response based on the investigation of the relationship between photosynthesis and nitrogen metabolism of modern Bulgarian and Slovak bread wheat varieties \u2013 bilateral project with Slovak University of Agriculture in Nitra \u2013 Grant DNTS\/Slovakia-01\/4 (Bulgarian NSF) (principal investigator).<\/li>\n<li style=\"text-align: justify;\">Role of bio-active substances in the stress responses of crop plants: Effects on photosynthesis and their interaction with plant hormones bilateral co-operation with Hungarian Academy of Sciences (participant).<\/li>\n<\/ul>\n<h3>Colaborations<\/h3>\n<ul>\n<li style=\"text-align: left;\">IPK, Gatersleben, Germany (Dr. Andreas B\u00f6rner).<\/li>\n<li style=\"text-align: left;\">Institute of Cytology and Genetics, Russian Academy of Sciences, Novosibirsk, Russia (Dr. Tatyana Pshenichnikova).<\/li>\n<li style=\"text-align: left;\">Agricultural Institute, Centre for Agricultural Research, Hungarian Academy of Sciences, Martonv\u00e1s\u00e1r, Hungary (Prof. Tibor Janda).<\/li>\n<li style=\"text-align: left;\">Slovak University of Agriculture in Nitra, Slovakia (Prof. Marian Brestic).<\/li>\n<li style=\"text-align: left;\">N.I. Vavilov All-Russian Research Institute of Plant Genetic Resources, St Petersburg, Russia (Prof. Elena Khlestkina).<\/li>\n<li style=\"text-align: left;\">Lochow-Petkus, Einbeck, Germany (Dr. Viktor Korzun).<\/li>\n<\/ul>\n<h3>Other interests<\/h3>\n<p>Gorgeous sons first, but then sports with focus on hiking and trekking, folk dances, good books and music.<\/p>\n<h3>Publication activity<\/h3>\n<p>Scientific publications: 93. In Journals with IF: 35<\/p>\n<p>Scopus h-index: 10<\/p>\n<p>Citations: 682<\/p>\n<h3>Selected publications<\/h3>\n<p style=\"text-align: justify;\">Chovancek E, Zivcak M, Botyanszka L, Hauptvogel P, Yang X, <strong>Misheva S<\/strong>, Hussain S, and Brestic M (2019) Transient heat wave may affect the photosynthetic capacity of susceptible wheat genotypes due to insufficient photosystem I photoprotection. Plants, Special Issue &#8220;Molecular Mechanisms and Genetics of Plant Resistance to Abiotic Stress&#8221;, MDPI, 8, 282<\/p>\n<p style=\"text-align: justify;\">P\u00e1l M, Ivanovska B, Ol\u00e1h T, Tajti J, \u00c1ron Hamow K, Szalai G, Khalil R, Vankov\u00e1 R, Dobrev P, <strong>Misheva SP<\/strong>, and Janda T (2019) Role of polyamines in plant growth regulation of Rht wheat mutants. Plant Physiology and Biochemistry 137: 189\u2013202<\/p>\n<p style=\"text-align: justify;\">Kartseva T, B\u00f6rner A, and <strong>Misheva S<\/strong> (2018) Wheat semi-dwarfing genes affect plant response to drought-induced oxidative stress in a genotype dependent manner. Genetics and Plant Physiology, 8(1\u20132):38\u201350<\/p>\n<p style=\"text-align: justify;\">Shchukina LV, Pshenichnikova TA, Khlestkina EK, <strong>Misheva S<\/strong>, Kartseva T, Abugalieva A, and B\u00f6rner A (2018) Chromosomal location and mapping of quantitative trait loci determining technological parameters of grain and flour in strong-flour bread wheat cultivar Saratovskaya 29. Cereal Research Communications, 46, 4: 628-638<\/p>\n<p style=\"text-align: justify;\">Brestic M, Zivcak M, Hauptvogel P, <strong>Misheva S<\/strong>, Kocheva K, Yang X, Li X, and Allakhverdiev SI (2018) Wheat plant selection for high yields entailed improvement of leaf anatomical and biochemical traits including tolerance to non-optimal temperature conditions. Photosynthesis Research 136, 245\u2013255<\/p>\n<p style=\"text-align: justify;\">Jusovic M, Velitchkova MY, <strong>Misheva SP<\/strong>, B\u00f6rner A, Apostolova EL, and Dobrikova AG (2018) Photosynthetic responses of a wheat mutant (Rht-B1c) with altered DELLA proteins to salt stress. Journal of Plant Growth Regulation, 37(2): 645-656<\/p>\n<p style=\"text-align: justify;\">Petrov P, Petrova A, Dimitrov I, Tashev T, Olsovska K, Brestic M, and <strong>Misheva S<\/strong> (2018) Relationships between leaf morpho-anatomy, water status and cell membrane stability in leaves of wheat seedlings subjected to severe soil drought. Journal of Agronomy and Crop Science, 204: 435-441<\/p>\n<p style=\"text-align: justify;\">Dobrikova AG, Yotsova EK, B\u00f6rner A, <strong>Landjeva SP<\/strong>, and Apostolova EL (2017). The wheat mutant DELLA-encoding gene (<em>Rht-B1c<\/em>) affects plant photosynthetic responses to cadmium stress. Plant Physiology and Biochemistry 114: 10-18<\/p>\n<p style=\"text-align: justify;\"><strong>Landjeva S<\/strong>, Koutev V, Tsenov N, Chamurlijski P, Trifonova T, Nenova V, Kartseva V, Kocheva K, Petrov P, and Georgiev G (2016). Productivity and nitrogen use efficiency in bread wheat \u2013 comparative analysis of old and modern Bulgarian cultivars. Scientific Works of the Institute of Agriculture \u2013 Karnobat, Bulgaria, 3(1) 2014: 267-276<\/p>\n<p style=\"text-align: justify;\"><strong>Landjeva S<\/strong>, Ganeva G, Korzun V, Palejev D, Chebotar S, and Kudrjavtsev A (2015). Genetic diversity of old bread wheat germplasm from the Black Sea region evaluated by microsatellites and agronomic traits. Plant Genetic Resources: Characterization and Utilization 13: 119-130<\/p>\n<p style=\"text-align: justify;\">Pshenichnikova TA, Khlestkina EK, <strong>Landjeva S<\/strong>, Kartseva T, B\u00f6rner A, Simonov AV, Shchukina LV, and Morozova EV (2015). Genetic dissection of earliness by analysis of a recombinant chromosome substitution double haploid mapping population of bread wheat (<em>Triticum aestivum<\/em>) in different geographic regions. Euphytica 206: 191-202<\/p>\n<p style=\"text-align: justify;\">Ganeva G, <strong>Landjeva S<\/strong>, Belchev I, and Koleva L (2014). Characterization of two wheat doubled haploid populations for resistance to common bunt and its association with agronomic traits. Cereal Research Communications 42: 484\u2013494; RG <strong>IF 2014 &#8211; 0.82<\/strong><\/p>\n<p style=\"text-align: justify;\">Kocheva K, Nenova V, Karceva T, Petrov P, Georgiev GI, B\u00f6rner A, and <strong>Landjeva S<\/strong> (2014). Changes in water status, membrane stability and antioxidant capacity of wheat seedlings carrying different <em>Rht-B1<\/em> dwarfing alleles under drought stress. Journal of Agronomy and Crop Science 200: 83-91<\/p>\n<p style=\"text-align: justify;\">Nenova V, Kocheva K, Petrov P, Georgiev G, Karceva T, B\u00f6rner A, and <strong>Landjeva S<\/strong> (2014). Wheat <em>Rht-B1<\/em> dwarfs exhibit better photosynthetic response to water deficit at seedling stage compared to the wild type. Journal of Agronomy and Crop Science 200: 434-443<\/p>\n<p style=\"text-align: justify;\">Kocheva KV, <strong>Landjeva SP<\/strong>, and Georgiev GI (2014). Variation in ion leakage parameters of two wheat genotypes with different <em>Rht-B1<\/em> alleles in response to drought. Journal of Biosciences 39: 753-759<\/p>\n<p style=\"text-align: justify;\"><strong>Landjeva S<\/strong>, B\u00f6rner A, Pshenichnikova T, Khlestkina E, Kartseva T, and Lohwasser U (2014). The genetic approach to physiological studies in bread wheat. Genetics and Plant Physiology 4(1\u20132): 68\u201379<\/p>\n<p style=\"text-align: justify;\">B\u00f6rner A, <strong>Landjeva S<\/strong>, Nagel M, Rehman Arif MA, Allam M, Agacka M, Doroszewska T, and Lohwasser U (2014). Plant genetic resources for food and agriculture (PGRFA) \u2013 maintenance and research. Genetics and Plant Physiology 4(1\u20132): 13-21<\/p>\n<p style=\"text-align: justify;\">Ganeva G, Petrova T, <strong>Landjeva S<\/strong>, Todorovska E, Kolev S, Galiba G, Szira F, and B\u00e1lint A (2013). Frost tolerance in winter wheat (<em>Triticum aestivum<\/em>) cultivars: differential effects of chromosome 5A and association with microsatellite alleles. Biologia Plantarum 57: 184-188<\/p>\n<p style=\"text-align: justify;\"><strong>Landjeva S<\/strong>, Kocheva K, Karceva T, Sepsi A, Moln\u00e1r I, Schneider A, Ganeva G, Georgiev G, and Moln\u00e1r-L\u00e1ng M (2012) Molecular cytogenetic identification of a wheat-Aegilops geniculata Roth spontaneous chromosome substitution and its effects on the growth and physiological responses of seedlings to osmotic stress. Plant Breed 131: 81-87<\/p>\n<p style=\"text-align: justify;\"><strong>Landjeva S<\/strong>, Karceva T, Korzun V, and Ganeva G (2011) Seedling growth under osmotic stress and agronomic traits in Bulgarian semi-dwarf wheat \u2013 comparison of genotypes with Rht8 and\/or Rht-B1 genes. Crop &amp; Pasture Sci 62 (12): 1017-1025<\/p>\n<p style=\"text-align: justify;\">Melnikova NV, Ganeva GD, Popova ZG, <strong>Landjeva S<\/strong> and Kudryavtsev AM (2010) Gliadins of Bulgarian durum wheat (Triticum durum Desf.) landraces: genetic diversity and geographical distribution. Genet Resour Crop Evol 57:587-595<\/p>\n<p style=\"text-align: justify;\">Ganeva G, Korzun V, <strong>Landjeva S<\/strong>, Popova Z, and Hristov N (2010) Genetic diversity assessment of Bulgarian durum wheat (Triticum durum Desf.) landraces and modern cultivars using microsatellite markers. Genet Resour Crop Evol 57:273-285<\/p>\n<p style=\"text-align: justify;\"><strong>Landjeva S<\/strong>, Lohwasser U, and B\u00f6rner A (2010) Genetic mapping within the wheat D genome reveals QTL for germination, seed vigour and longevity, and early seedling growth. Euphytica 171:129-143<\/p>\n<p style=\"text-align: justify;\">Nagel M, Vogel H, <strong>Landjeva S<\/strong>, Buck-Sorlin G, Lohwasser U, Scholz U, and B\u00f6rner A (2009) Seed conservation in ex situ genebanks &#8211; genetic studies on longevity in barley. Euphytica 170: 5-14<\/p>\n<p style=\"text-align: justify;\">Nenova V, Merakchiyska M, Ganeva G, Zozikova E and <strong>Landjeva S<\/strong> (2009) Physiological responses of wheat (Triticum aestivum L.) &#8211; Aegilops sharonensis introgression lines to excess copper. J Agron Crop Sci 195:197-203<\/p>\n<p style=\"text-align: justify;\">Kocheva KV, Kartseva \u0422, <strong>Landjeva S<\/strong> and Georgiev G (2009) Physiological response of wheat seedlings to mild and severe osmotic stress. Cereal Res Commun 37: 199-208<\/p>\n<p style=\"text-align: justify;\">Ganeva G, Petrova T, Law CN, Landjeva S and Sayers L (2008) Plant survival after freezing in wheat \u2018Cappelle Desprez\u2019 (\u2018Bezostaya 1\u2019) intervarietal chromosome substitution lines. Plant Breed 127:121\u2013124<\/p>\n<p style=\"text-align: justify;\"><strong>Landjeva S<\/strong>, Neumann K, Lohwasser U and B\u00f6rner A (2008) Molecular mapping of genomic regions associated with growth response to osmotic stress in wheat seedlings. Biol Plant 52: 259-266<\/p>\n<p style=\"text-align: justify;\"><strong>Landjeva S<\/strong>, Korzun V, Stoimenova E, Truberg B, Ganeva G and B\u00f6rner A (2008) The contribution of the gibberellin-insensitive semi-dwarfing (Rht) genes to genetic variation in wheat seedling growth in response to osmotic stress. J Agric Sci 146:275-286<\/p>\n<p style=\"text-align: justify;\"><strong>Landjeva S<\/strong>, Korzun V and B\u00f6rner A (2007) Molecular markers: actual and potential contributions to wheat genome characterization and breeding. Euphytica 156:271\u2013296<\/p>\n<p style=\"text-align: justify;\"><strong>Landjeva S<\/strong>, Korzun V and Ganeva G (2006) Evaluation of genetic diversity among Bulgarian winter wheat (Triticum aestivum L.) varieties during the period 1925-2003 using microsatellites. Genet Resour Crop Evol 53:1605-1614<\/p>\n<p style=\"text-align: justify;\"><strong>Landjeva S<\/strong>, Korzun V, Tsanev V, Vladova R and Ganeva G (2006) Distribution of the wheat-rye translocation 1RS.1BL among bread wheat varieties of Bulgaria. Plant Breed 125: 102-104<\/p>\n<p style=\"text-align: justify;\">Ganeva G, Korzun V, <strong>Landjeva S<\/strong>, Tsenov N and Atanasova M (2005) Identification, distribution and effects on agronomic traits of the semi-dwarfing Rht alleles in Bulgarian bread wheat cultivars. Euphytica 145: 305-315<\/p>\n<h2><\/h2>\n<h6 style=\"text-align: right;\"><a class=\"_ps2id\" href=\"#top\" data-ps2id-offset=\"300\">[ Top ]<\/a><\/h6>\n","protected":false},"excerpt":{"rendered":"<p>Professor Svetlana Misheva, PhD (also known as Svetlana Landjeva) Building 25 Office 319; Lab 320 Phone: +359 2 979 3677; +359 2 979 3674 \u0415-mail: s_misheva@bio21.bas.bg; slandjeva@gmail.com Current activities Dr. Svetlana Misheva is a plant geneticist. Currently, she is head of the Research group \u201cGenetic resources, mineral nutrition and stress tolerance in cereals\u201d, Laboratory \u201cPlant-Soil [&hellip;]<\/p>\n","protected":false},"author":2,"featured_media":0,"parent":0,"menu_order":0,"comment_status":"closed","ping_status":"closed","template":"","meta":{"footnotes":""},"_links":{"self":[{"href":"http:\/\/www.bio21.bas.bg\/ippg\/en\/index.php?rest_route=\/wp\/v2\/pages\/2071"}],"collection":[{"href":"http:\/\/www.bio21.bas.bg\/ippg\/en\/index.php?rest_route=\/wp\/v2\/pages"}],"about":[{"href":"http:\/\/www.bio21.bas.bg\/ippg\/en\/index.php?rest_route=\/wp\/v2\/types\/page"}],"author":[{"embeddable":true,"href":"http:\/\/www.bio21.bas.bg\/ippg\/en\/index.php?rest_route=\/wp\/v2\/users\/2"}],"replies":[{"embeddable":true,"href":"http:\/\/www.bio21.bas.bg\/ippg\/en\/index.php?rest_route=%2Fwp%2Fv2%2Fcomments&post=2071"}],"version-history":[{"count":11,"href":"http:\/\/www.bio21.bas.bg\/ippg\/en\/index.php?rest_route=\/wp\/v2\/pages\/2071\/revisions"}],"predecessor-version":[{"id":2143,"href":"http:\/\/www.bio21.bas.bg\/ippg\/en\/index.php?rest_route=\/wp\/v2\/pages\/2071\/revisions\/2143"}],"wp:attachment":[{"href":"http:\/\/www.bio21.bas.bg\/ippg\/en\/index.php?rest_route=%2Fwp%2Fv2%2Fmedia&parent=2071"}],"curies":[{"name":"wp","href":"https:\/\/api.w.org\/{rel}","templated":true}]}}