{"id":2080,"date":"2020-02-03T12:38:46","date_gmt":"2020-02-03T10:38:46","guid":{"rendered":"http:\/\/www.bio21.bas.bg\/ippg\/en\/?page_id=2080"},"modified":"2020-02-04T10:36:40","modified_gmt":"2020-02-04T08:36:40","slug":"konstantina-kocheva","status":"publish","type":"page","link":"http:\/\/www.bio21.bas.bg\/ippg\/en\/?page_id=2080","title":{"rendered":"Konstantina Kocheva"},"content":{"rendered":"<table border=\"0\" width=\"550\" cellspacing=\"0\" cellpadding=\"0\">\n<tbody>\n<tr>\n<td width=\"310\"><img loading=\"lazy\" decoding=\"async\" class=\"aligncenter wp-image-7219 size-full\" style=\"border: 1px solid grey; border-radius: 9px; box-shadow: 1px 1px 3px #717070;\" src=\"http:\/\/www.bio21.bas.bg\/ippg\/bg\/wp-content\/uploads\/2011\/03\/Kocheva-K.jpg\" alt=\"\" width=\"92\" height=\"113\" \/><\/td>\n<td style=\"text-align: center;\" width=\"310\">\n<h5>Associate Professor Konstantina Kocheva, PhD<\/h5>\n<p>Building 25<br \/>\nOffice 321, Lab 320<br \/>\nPhone: +359 2 979 3674<br \/>\n\u0415-mail: <a href=\"mailto:konstvk@abv.bg\">konstvk@abv.bg<\/a><\/td>\n<\/tr>\n<\/tbody>\n<\/table>\n<h3>Major Fields of Scientific Research<\/h3>\n<p style=\"text-align: justify;\">Mineral nutrition and water relations, metabolic changes under water stress, osmotic adjustment, cell membrane stability, nitrogen use efficiency.<\/p>\n<h3>Education<\/h3>\n<ul>\n<li style=\"text-align: justify;\">2006 \u2013 PhD in Plant Physiology<\/li>\n<li style=\"text-align: justify;\">1999 \u2013 MSC in Cell Biology, Sofia University, Faculty of Biology <\/li>\n<\/ul>\n<h3>Academic positions<\/h3>\n<ul>\n<li style=\"text-align: justify;\">2016 &#8211; Continuing &#8211; Associate Professor, Institute of Plant Physiology and Genetics, Bulgarian Academy of Sciences<\/li>\n<li style=\"text-align: justify;\">2006-2015 &#8211; Assistant Professor, Acad. M. Popov Institute of Plant Physiology, Bulgarian Academy of Sciences<\/li>\n<\/ul>\n<h3>Participation in Recent Projects<\/h3>\n<ul>\n<li style=\"text-align: justify;\">1.\tGenome wide association study of grain yield, grain protein content and grain nitrogen concentration in Bulgarian bread wheat germplasm &#8211; Grant KP-06-N31\/17  (Bulgarian NSF).<\/li>\n<li style=\"text-align: justify;\">2.\tEvaluation of drought stress response based on the investigation of the relationship between photosynthesis and nitrogen metabolism of modern Bulgarian and Slovak bread wheat varieties \u2013 bilateral project with Slovak University of Agriculture in Nitra \u2013 Grant DNTS\/Slovakia-01\/4 (Bulgarian NSF).<\/li>\n<\/ul>\n<h3>Publication activity<\/h3>\n<p style=\"text-align: justify;\">Scientific publications \u2013 44, including 19 in Journals with IF \u2013 19, total IF &#8211; 25.<\/p>\n<h3>Selected publications<\/h3>\n<p style=\"text-align: justify;\">Brestic M, Zivcak M, Hauptvogel P, Misheva S, Kocheva K, Yang X, Li X, Allakhverdiev SI (2018) Wheat plant selection for high yields entailed improvement of leaf anatomical and biochemical traits including tolerance to non-optimal temperature conditions, Photosynth\u0435sis Research 136: 245-255.<\/p>\n<p style=\"text-align: justify;\">Mihailova G, Kocheva K, Goltsev V, Kalaji HM, Georgieva K (2018) Application of a diffusion model to measure ion leakage of resurrection plant leaves undergoing desiccation, Plant Physiology and Biochemistry: 185-192.<\/p>\n<p style=\"text-align: justify;\">Kocheva KV, Georgiev GI, Kochev VK, Ol\u0161ovsk\u00e1 K, Bresti\u010d M (2015) Application of impedance spectroscopy and conductometry for assessment of varietal differences in heat, Cereal Research Communications, 43(4): 579-590.<\/p>\n<p style=\"text-align: justify;\">Kocheva KV, Landjeva SP, Georgiev GI (2014) Variation in ion leakage parameters of two wheat genotypes with different Rht-B1 alleles in response to drought, Journal of Biosciences 39 (5): 753-759.<\/p>\n<p style=\"text-align: justify;\">Kocheva K, Nenova V, Karceva T, Petrov P, Georgiev GI, Borner A, Landjeva S (2014) Changes in water status, membrane stability and antioxidant capacity of wheat seedlings carrying different Rht-B1 dwarfing alleles under drought stress, Journal of Agronomy and Crop Science, 200(2): 83-91.<\/p>\n<p style=\"text-align: justify;\">Kocheva KV, Georgiev GI, Kochev VK (2014) An improvement of the diffusion model for assessment of drought stress in plant tissues, Physiologia Plantarum, 150(1): 88-94.<br \/>\nChipilski RR, Kocheva KV, Nenova VR, Georgiev GI (2012) Physiological responses of two wheat cultivars to soil drought. Z Naturforsch C 67:181-186.<\/p>\n<p style=\"text-align: justify;\">Landjeva S, Kocheva K, Karceva T, Sepsi A, Moln\u00e1r I, Schneider A (2012) Molecular cytogenetic identification of a wheat-Aegilops geniculata Roth spontaneous chromosome substitution and its effects on the growth and physiological responses of seedlings to osmotic stress. Plant Breeding 131(1): 81-7.<\/p>\n<p style=\"text-align: justify;\">Kocheva KV, Georgiev GI, Kochev VK (2005) A diffusion approach to the electrolyte leakage from plant tissues, Physiologia Plantarum, 125(1): 1-9.<\/p>\n<p style=\"text-align: justify;\">Kocheva K, Lambrev P, Georgiev G, Goltsev V, Karabaliev M (2004) Evaluation of chlorophyll fluorescence and membrane injury in the leaves of barley cultivars under osmotic stress, Bioelectrochemistry, 63: 121-124.<\/p>\n<h2><\/h2>\n<h6 style=\"text-align: right;\"><a class=\"_ps2id\" href=\"#top\" data-ps2id-offset=\"300\">[ Top ]<\/a><\/h6>\n","protected":false},"excerpt":{"rendered":"<p>Associate Professor Konstantina Kocheva, PhD Building 25 Office 321, Lab 320 Phone: +359 2 979 3674 \u0415-mail: konstvk@abv.bg Major Fields of Scientific Research Mineral nutrition and water relations, metabolic changes under water stress, osmotic adjustment, cell membrane stability, nitrogen use efficiency. Education 2006 \u2013 PhD in Plant Physiology 1999 \u2013 MSC in Cell Biology, Sofia [&hellip;]<\/p>\n","protected":false},"author":2,"featured_media":0,"parent":223,"menu_order":0,"comment_status":"closed","ping_status":"closed","template":"","meta":{"footnotes":""},"_links":{"self":[{"href":"http:\/\/www.bio21.bas.bg\/ippg\/en\/index.php?rest_route=\/wp\/v2\/pages\/2080"}],"collection":[{"href":"http:\/\/www.bio21.bas.bg\/ippg\/en\/index.php?rest_route=\/wp\/v2\/pages"}],"about":[{"href":"http:\/\/www.bio21.bas.bg\/ippg\/en\/index.php?rest_route=\/wp\/v2\/types\/page"}],"author":[{"embeddable":true,"href":"http:\/\/www.bio21.bas.bg\/ippg\/en\/index.php?rest_route=\/wp\/v2\/users\/2"}],"replies":[{"embeddable":true,"href":"http:\/\/www.bio21.bas.bg\/ippg\/en\/index.php?rest_route=%2Fwp%2Fv2%2Fcomments&post=2080"}],"version-history":[{"count":4,"href":"http:\/\/www.bio21.bas.bg\/ippg\/en\/index.php?rest_route=\/wp\/v2\/pages\/2080\/revisions"}],"predecessor-version":[{"id":2082,"href":"http:\/\/www.bio21.bas.bg\/ippg\/en\/index.php?rest_route=\/wp\/v2\/pages\/2080\/revisions\/2082"}],"up":[{"embeddable":true,"href":"http:\/\/www.bio21.bas.bg\/ippg\/en\/index.php?rest_route=\/wp\/v2\/pages\/223"}],"wp:attachment":[{"href":"http:\/\/www.bio21.bas.bg\/ippg\/en\/index.php?rest_route=%2Fwp%2Fv2%2Fmedia&parent=2080"}],"curies":[{"name":"wp","href":"https:\/\/api.w.org\/{rel}","templated":true}]}}