{"id":214,"date":"2012-03-29T16:07:01","date_gmt":"2012-03-29T13:07:01","guid":{"rendered":"http:\/\/www.bio21.bas.bg\/ippg\/en\/?page_id=214"},"modified":"2022-11-18T11:31:09","modified_gmt":"2022-11-18T09:31:09","slug":"scientific-secretary-doc-dr-ira-stancheva","status":"publish","type":"page","link":"http:\/\/www.bio21.bas.bg\/ippg\/en\/?page_id=214","title":{"rendered":"Scientific Secretary &#8211; Assoc. Prof. Dr. Kalina Ananieva"},"content":{"rendered":"<table border=\"0\" width=\"550\" cellspacing=\"0\" cellpadding=\"0\">\n<tbody>\n<tr>\n<td valign=\"top\" width=\"40%\"><img loading=\"lazy\" decoding=\"async\" class=\"alignnone size-full wp-image-1843\" style=\"border: 1px solid grey; border-radius: 9px; box-shadow: 1px 1px 3px #717070;\" src=\"http:\/\/www.bio21.bas.bg\/ippg\/bg\/wp-content\/uploads\/2020\/06\/ananieva-k.jpg\" alt=\"\" width=\"250\" height=\"250\" \/><\/td>\n<td style=\"text-align: center;\" width=\"60%\">\n<h5>Associate Professor Kalina Ananieva, PhD<\/h5>\n<p>Phone: 02-979-3650<br \/>\nBuilding 21, Office #208<\/p>\n<p>\u0415-mail:<br \/>\n<a href=\"mailto:kalivanova@yahoo.com\">kalivanova@yahoo.com<\/a><\/td>\n<\/tr>\n<\/tbody>\n<\/table>\n<h3>Major fields of scientific research<\/h3>\n<p style=\"text-align: justify;\">Hormonal regulation of plant senescence, metabolism of cytokinins, regulation of natural and stress-induced senescence, metabolism of reserve and stress-induced proteins, abiotic stress.<\/p>\n<h3>Education<\/h3>\n<ul>\n<li style=\"text-align: justify;\">1999 &#8211; PhD in plant physiology, Acad. M. Popov Institute of Plant Physiology, Bulgarian Academy of Sciences<\/li>\n<li style=\"text-align: justify;\">1983 &#8211; MSc in plant physiology and biochemistry, St. Kliment Ohridski University of Sofia, Faculty of Biology<\/li>\n<\/ul>\n<h3>Academic positions<\/h3>\n<ul>\n<li style=\"text-align: justify;\">2012- continuing &#8211; Associate Professor, Institute of Plant Physiology and Genetics, Bulgarian Academy of Sciences<\/li>\n<li style=\"text-align: justify;\">2002-2011 &#8211; Assistant Professor, Acad. M. Popov Institute of Plant Physiology, Bulgarian Academy of Sciences<\/li>\n<\/ul>\n<h3>Organization and Management Experience<\/h3>\n<ul>\n<li style=\"text-align: justify;\">2018- continuing &#8211; Scientific Secretary of the Institute of Plant Physiology and Genetics, BAS<\/li>\n<li style=\"text-align: justify;\">2014-continuing &#8211; Member of the Scientific Council of the Institute of Plant Physiology and Genetics, BAS<\/li>\n<li style=\"text-align: justify;\">2014-2018 &#8211; Chair of the General Assembly of Scientists of the Institute of Plant Physiology and Genetics, BAS<\/li>\n<li style=\"text-align: justify;\">2014 &#8211; Member of the Attestation Commission of the Institute of Plant Physiology and Genetics, BAS<\/li>\n<\/ul>\n<h3>Specializations abroad and international collaborations<\/h3>\n<ul>\n<li style=\"text-align: justify;\">May 2002-May 2003 &#8211; postdoctoral fellow, Research Centre for Plant Growth and Development, University of KwaZulu-Natal Pietermaritzburg, Republic of South Africa, supervisor &#8211; Prof. Johannes van Staden<\/li>\n<li style=\"text-align: justify;\">2006-2010; 2014-2016 &#8211; Laboratory of hormonal regulations in plants, Institute of Experimental Botany, Czech Academy of Sciences, Prague, Czech Republic (bilateral cooperation)<\/li>\n<\/ul>\n<h3>Editorial Boards<\/h3>\n<ul>\n<li style=\"text-align: justify;\">2013 -continuing &#8211; member of the Editorial board of<em> South African Journal of Botany<\/em><\/li>\n<li style=\"text-align: justify;\">2012 &#8211; 2019- member of the Editorial board of <em>Genetics and Plant Physiology<\/em><\/li>\n<li style=\"text-align: justify;\">2011-continuing &#8211; member of the Editorial board of <em>Plant Growth Regulation<\/em><\/li>\n<\/ul>\n<h3>Membership in scientific societies<\/h3>\n<ul>\n<li style=\"text-align: justify;\">Union of Scientists in Bulgaria, section <em>Plant Physiology and Biochemistry<\/em><\/li>\n<li style=\"text-align: justify;\">Federation of European Societies of Plant Biology (FESPB)<\/li>\n<\/ul>\n<h3>Projects in the last ten years<\/h3>\n<p style=\"text-align: justify;\">2019-2022 \u2013 Project KP-06-N36\/1 \u201cOptimization of the composition and activity of plant hydrolysates for maintaining soil fertility in conditions of sustainable agriculture\u201d, research grant from the National Science Fund, Bulgarian Ministry of Education and Science &#8211; team member<\/p>\n<p style=\"text-align: justify;\">2018-2021 \u2013 Project \u041aP-06-\u041ePR03\/18 \u201cAlgal toxins &#8211; a new risk factor for the quality of life and health of people in Bulgaria\u201d, research grant from the National Science Fund, Bulgarian Ministry of Education and Science &#8211; team member<\/p>\n<p style=\"text-align: justify;\">2014-2018 &#8211; DFNI-B02\/18 &#8220;Model species of the genera <em>Verbascum<\/em> (Scrophulariaceae), <em>Centaurea<\/em> (Asteraceae), <em>Glaucium<\/em> (Papaveraceae) &#8211; genetic diversity of the Bulgarian populations, metabolomics and physiological state of wild, <em>in vitro<\/em> propagated and <em>ex vitro <\/em>adapted plants&#8221;, research grant from the National Science Fund, Bulgarian Ministry of Education and Science- project coordinator from IPPG<\/p>\n<p style=\"text-align: justify;\">2014-2016 &#8211; Joint research project within the frames of the bilateral cooperation between \u00a0Bulgarian Academy of Sciences and Czech Academy of Sciences &#8211; &#8220;Hormonal regulation of tolerance to chilling and freezing stress in <em>Arabis alpina<\/em>&#8221; &#8211; project coordinator from BAS<\/p>\n<p style=\"text-align: justify;\">2012-2015 &#8211; Project BG051PO001-3.3.06-0025, Human Resources Development Operational Programme \u201dSupport for training and development of young competitive experts in the field of physiology, phytochemistry, genomics, proteomics and biodiversity of eukaryotic organisms\u201d<em> &#8211; <\/em><em>mentor<\/em><\/p>\n<p style=\"text-align: justify;\">2010-2015 &#8211; DTK-02\/1 &#8220;Assessment of indicators for soil monitoring and ecological risk in elaboration of programs for sustainable management of areas with contaminated soils or subjected to human impact&#8221;,\u00a0 research grant from the National Science Fund, Bulgarian Ministry of Education and Science &#8211; team member<\/p>\n<p style=\"text-align: justify;\">2006-2010 &#8211;\u00a0 Joint research project within the frames of the bilateral cooperation between \u00a0Bulgarian Academy of Sciences and Czech Academy of Sciences &#8211; &#8220;Metabolism of cytokinins and regulation of gene expression during induced senescence and recovery in cotyledons of <em>Cucurbita pepo <\/em>(zucchini)&#8221; &#8211; project coordinator from BAS<\/p>\n<p style=\"text-align: justify;\">2004-2008 &#8211; K1403 &#8220;Mechanisms of senescence regulation in intact cotyledons of (<em>Cucurbita pepo<\/em> zucchini)\u201d &#8211; research grant from the National Science Fund, Bulgarian Ministry of Education and Science &#8211; project leader<\/p>\n<h3>Selected publications<\/h3>\n<p style=\"text-align: justify;\">Ananieva K, Gesheva E, Mishev K, Stanilova M, 2020. Antioxidant capacity of two endemic <i>Verbascum<\/i> species. C. R. Acad. Bulg. Sci., 73(6): 809-815<\/p>\n<p style=\"text-align: justify;\">Doncheva S, Ananieva K, Stefanov D, Vassilev A, Gesheva E, Dinev N., 2018. Photosynthetic electron transport and antioxidant defense capacity of sunflower plants under combined heavy metal stress. GPP, 8(1-2): 3-23<\/p>\n<p style=\"text-align: justify;\">Kadinov G, Ananieva K, Gesheva E, Doncheva-Boneva M, Doncheva S, Bezlova D., 2017. Visible foliar injury and response of antioxidant defense system in beech (<em>Fagus sylvatica<\/em> L.) to acute ozone exposure under controlled conditions. Genetics and Plant Physiol, 7(1-2): 34-48<\/p>\n<p style=\"text-align: justify;\">Stefanov D, Ananieva K, Gesheva E, Dinev N, Nikova I, Vasilev A, Doncheva S., 2014. PTOX-dependent electron flow is involved in photosynthetic electron transport protection against heavy metal toxicity in sunflower leaves. Compt. Rend. Acad. Bulg. Sci, 67(7): 931-936<\/p>\n<p style=\"text-align: justify;\">Kolaksazov M, Laporte F, Ananieva K, Dobrev P, Herzog M, Ananiev E., 2013. Effect of chilling and freezing stresses on jasmonate content in <em>Arabis alpina.<\/em> Bulg J Agric Sci, 19: 15-17<\/p>\n<p style=\"text-align: justify;\">Ananieva K, Ananiev E, Doncheva S, Stefanov D, Mishev K, Kam\u00ednek M, Motyka V, Dobrev P, Malbeck J., 2011. Local induction of senescence by darkness in <em>Cucurbita<\/em><em> pepo<\/em> (zucchini) cotyledons or the primary leaf induces opposite effects in the adjacent illuminated organ. Plant Growth Regul, 65: 459-471<\/p>\n<p style=\"text-align: justify;\">Ananieva K, Ananiev ED, Mishev K, Georgieva K, Tzvetkova N, van Staden J., 2008. Changes in photosynthetic capacity and polypeptide patterns during natural senescence and rejuvenation of <em>Cucurbita pepo<\/em> L. (zucchini) cotyledons. Plant Growth Regul, 54: 23-29<\/p>\n<p style=\"text-align: justify;\">Ananieva K, Ananiev ED, Doncheva S, Georgieva K, Tzvetkova N, Kam\u00ednek M, Motyka V, Dobrev P, Gajdo\u0161ov\u00e1 S, Malbeck J., 2008. Senescence progression in a single darkened cotyledon depends on the light status of the other cotyledon in <em>Cucurbita<\/em><em> pepo<\/em> (zucchini) seedlings: potential involvement of cytokinins and cytokinin oxidase\/dehydrogenase activity. Physiol Plant, 134 (4): 609-623<\/p>\n<p style=\"text-align: justify;\">Ananieva K, Ananiev ED, Mishev K, Georgieva K, Malbeck J, Kaminek M, van Staden J., 2007. Methyl jasmonate is a more effective senescence-promoting factor in <em>Cucurbita<\/em><em> pepo<\/em> (zucchini) cotyledons when compared with darkness at the early stage of senescence. Journal of Plant Physiol, 164: 1179-1187<\/p>\n<p style=\"text-align: justify;\">Ananieva K, Stirk W, Kaminek M, van Staden J., 2005. Some biochemical properties of cytokinin oxidase in <em>Cucurbita<\/em><em> pepo<\/em> (zucchini) leaves. South African Journal of Botany, 71(2): 253-256<\/p>\n<p style=\"text-align: justify;\">Ananieva K, Malbeck J, Kaminek M, van Staden J., 2004. Changes in endogenous cytokinin levels in cotyledons of <em>Cucurbita pepo<\/em> (zucchini) during natural and dark-induces senescence. Physiol Plant, 122: 133-142<\/p>\n<h2><\/h2>\n<h6 style=\"text-align: right;\"><a class=\"_ps2id\" href=\"#top\" data-ps2id-offset=\"300\">[ Top ]<\/a><\/h6>\n","protected":false},"excerpt":{"rendered":"<p>Associate Professor Kalina Ananieva, PhD Phone: 02-979-3650 Building 21, Office #208 \u0415-mail: kalivanova@yahoo.com Major fields of scientific research Hormonal regulation of plant senescence, metabolism of cytokinins, regulation of natural and stress-induced senescence, metabolism of reserve and stress-induced proteins, abiotic stress. Education 1999 &#8211; PhD in plant physiology, Acad. M. Popov Institute of Plant Physiology, Bulgarian [&hellip;]<\/p>\n","protected":false},"author":2,"featured_media":0,"parent":63,"menu_order":2,"comment_status":"closed","ping_status":"closed","template":"","meta":{"footnotes":""},"_links":{"self":[{"href":"http:\/\/www.bio21.bas.bg\/ippg\/en\/index.php?rest_route=\/wp\/v2\/pages\/214"}],"collection":[{"href":"http:\/\/www.bio21.bas.bg\/ippg\/en\/index.php?rest_route=\/wp\/v2\/pages"}],"about":[{"href":"http:\/\/www.bio21.bas.bg\/ippg\/en\/index.php?rest_route=\/wp\/v2\/types\/page"}],"author":[{"embeddable":true,"href":"http:\/\/www.bio21.bas.bg\/ippg\/en\/index.php?rest_route=\/wp\/v2\/users\/2"}],"replies":[{"embeddable":true,"href":"http:\/\/www.bio21.bas.bg\/ippg\/en\/index.php?rest_route=%2Fwp%2Fv2%2Fcomments&post=214"}],"version-history":[{"count":19,"href":"http:\/\/www.bio21.bas.bg\/ippg\/en\/index.php?rest_route=\/wp\/v2\/pages\/214\/revisions"}],"predecessor-version":[{"id":2831,"href":"http:\/\/www.bio21.bas.bg\/ippg\/en\/index.php?rest_route=\/wp\/v2\/pages\/214\/revisions\/2831"}],"up":[{"embeddable":true,"href":"http:\/\/www.bio21.bas.bg\/ippg\/en\/index.php?rest_route=\/wp\/v2\/pages\/63"}],"wp:attachment":[{"href":"http:\/\/www.bio21.bas.bg\/ippg\/en\/index.php?rest_route=%2Fwp%2Fv2%2Fmedia&parent=214"}],"curies":[{"name":"wp","href":"https:\/\/api.w.org\/{rel}","templated":true}]}}