{"id":2257,"date":"2020-02-28T09:41:32","date_gmt":"2020-02-28T07:41:32","guid":{"rendered":"http:\/\/www.bio21.bas.bg\/ippg\/en\/?page_id=2257"},"modified":"2026-01-28T15:40:37","modified_gmt":"2026-01-28T13:40:37","slug":"irina-vaseva","status":"publish","type":"page","link":"http:\/\/www.bio21.bas.bg\/ippg\/en\/?page_id=2257","title":{"rendered":"Irina Vaseva"},"content":{"rendered":"<table width=\"550\" cellspacing=\"0\" cellpadding=\"0\">\n<tbody>\n<tr>\n<td><img loading=\"lazy\" decoding=\"async\" class=\"aligncenter wp-image-10055\" style=\"border: 1px solid grey; border-radius: 9px; box-shadow: 1px 1px 3px #717070;\" src=\"http:\/\/www.bio21.bas.bg\/ippg\/bg\/wp-content\/uploads\/2020\/02\/vaseva-i.jpg\" alt=\"\" width=\"214\" height=\"250\" \/><\/td>\n<td style=\"text-align: center;\" width=\"310\">\n<h5>Associate Professor Irina Vaseva, PhD<\/h5>\n<p>Building 21, Office 222; Lab 121<br \/>\nPhone: +359-2-9792602; +359-2-979-2691<br \/>\n\u0415-mail: <a href=\"mailto:vaseva@bio21.bas.bg\">vaseva@bio21.bas.bg<\/a>;<br \/>\n<a href=\"mailto:irinavaseva@gmail.com\">irinavaseva@gmail.com<\/a><\/p>\n<p>ORCID: <a href=\"http:\/\/orcid.org\/0000-0003-3117-7274\" target=\"_blank\" rel=\"noopener noreferrer\">0000-0003-3117-7274<\/a><br \/>\nSCOPUS Author ID: <a href=\"https:\/\/www.scopus.com\/authid\/detail.uri?authorId=23487270100\" target=\"_blank\" rel=\"noopener noreferrer\">23487270100<\/a><\/td>\n<\/tr>\n<\/tbody>\n<\/table>\n<h3 style=\"text-align: left;\">RESEARCH INTERESTS<\/h3>\n<p style=\"text-align: justify;\">Plant hormones, ethylene, cytokinins, cell type specificity of hormonal signaling and crosstalk, dehydrins, expression of stress-inducible proteins.<\/p>\n<h3>EDUCATION AND ACADEMIC DEGREES<\/h3>\n<ul>\n<li style=\"text-align: justify;\">1997, MSc, Sofia University St. Kliment Ohridski, Faculty of Biology, Sofia, Bulgaria<\/li>\n<li style=\"text-align: justify;\">2007, PhD, Acad. M. Popov Institute of Plant Physiology, Bulgarian Academy of Sciences (BAS), Sofia, Bulgaria<\/li>\n<\/ul>\n<h3>PROFESSIONAL BACKGROUND<\/h3>\n<ul>\n<li>2018\u2013 continuing: Associate Professor, IPPG-BAS<\/li>\n<li>2010 \u2013 2018: Assistant Professor, IPPG \u2013 BAS<\/li>\n<li>2005 \u2013 2009: Assistant researcher, Acad. M. Popov Institute of Plant Physiology \u2013 BAS<\/li>\n<li>2000 \u2013 2005: PhD Student, Acad. M. Popov Institute of Plant Physiology \u2013 BAS<\/li>\n<li>1999 (May-December): Researcher, Acad. M. Popov Institute of Plant Physiology \u2013 BAS<\/li>\n<\/ul>\n<h3>PROFESSIONAL TRAINING<\/h3>\n<ul>\n<li style=\"text-align: justify;\"><em>July 2014 \u2013 June 2017<\/em>: Post-Doctoral position, Ghent University, Department of Biology, Functional Plant Biology Group, Prof. Dominique Van Der Straeten lab, Gent, Belgium<\/li>\n<li style=\"text-align: justify;\"><em>August 2012 \u2013 July 2013<\/em>: Sciex Post-Doctoral Fellowship, Universit\u00e4t Bern, Institut f\u00fcr Pflanzenwissenschaften, Urs Feller lab, Bern, Switzerland<\/li>\n<li style=\"text-align: justify;\"><em>February 2009 \u2013 August 2010<\/em>: Post-Doctoral position, Ghent University, Department of Physiology, Hormonal Signaling and Bioimaging Unit, Prof. Dominique Van Der Straeten lab, Gent, Belgium<\/li>\n<li style=\"text-align: justify;\"><em>June 2002 \u2013 May 2003<\/em>: Marie Curie Fellowship for PhD students, National Institute of Agricultural Botany (NIAB), Molecular Research Group, Cambridge, United Kingdom<\/li>\n<\/ul>\n<h3>PROJECTS IN THE LAST TEN YEARS<\/h3>\n<table cellspacing=\"0\" cellpadding=\"0\">\n<tbody>\n<tr>\n<td valign=\"top\" width=\"15%\">2024 \u2013 2027<\/td>\n<td style=\"text-align: justify;\" width=\"85%\">Research grant from National Science Fund (NSF), Bulgarian Ministry of Education and Science \u041a\u041f-06-\u041d71\/12 \u2013 10.07.2024 \u201cCell-type specificity of ethylene signaling in response to drought (ETIDRO)\u201d, <em>Project <\/em><em>leader<\/em><\/td>\n<\/tr>\n<tr>\n<td valign=\"top\" width=\"15%\">2022 \u2013 2025<\/td>\n<td style=\"text-align: justify;\" width=\"85%\">Research grant from National Science Fund (NSF), Bulgarian Ministry of Education and Science <em>\u041a\u041f-06-\u041d66\/7 <\/em>\u201cComparative analysis of the physiological effects of melatonin on Bulgarian wheat varieties with different drought resistance\u201d, <em>Project <\/em><em>participant<\/em><\/td>\n<\/tr>\n<tr>\n<td valign=\"top\" width=\"15%\">2022 \u2013 2024<\/td>\n<td style=\"text-align: justify;\" width=\"85%\"><em>Project<\/em> HormOnDrought: Physiological and molecular mechanisms of phytohormones-mediated drought stress tolerance, 2022-2024, Joint Research Project between the Bulgarian Academy of Sciences and the Lithuanian Academy of Science <em>Project coordinator<\/em> <em>IPPG-BAS<\/em><\/td>\n<\/tr>\n<tr>\n<td valign=\"top\" width=\"15%\">2020 \u2013 2023<\/td>\n<td style=\"text-align: justify;\" width=\"85%\">Research grant from National Science Fund (NSF), Bulgarian Ministry of Education and Science \u041a\u041f-06-\u041d36\/3 &#8211; 30.09.2020 \u00a0\u201cAssessment of the physiological responses of wheat and triticale to soil drought and waterlogging after routine application of selective herbicide\u201d, <em>Project participant<\/em><\/td>\n<\/tr>\n<tr>\n<td valign=\"top\" width=\"15%\">2020 \u2013 2023<\/td>\n<td style=\"text-align: justify;\" width=\"85%\">Research grant from National Science Fund (NSF), Bulgarian Ministry of Education and Science \u041a\u041f-06-\u041d36\/2 &#8211; 29.09.2020 \u201eLeguminous crops in Bulgaria \u2013 a source of useful additional proteinaceous substances\u201c, <em>Project participant<\/em><\/td>\n<\/tr>\n<tr>\n<td valign=\"top\" width=\"15%\">2018 \u2013 2020<\/td>\n<td style=\"text-align: justify;\" width=\"85%\">Joint Research Project between the Bulgarian Academy of Sciences and Research Foundation \u2013 Flanders (FWO), Belgium (VS.078.18N) \u201cCell type specificity of ethylene signaling in plant responses to abiotic stress\u201d, <em>Project coordinator from BAS<\/em><\/td>\n<\/tr>\n<tr>\n<td valign=\"top\" width=\"15%\">2017 \u2013 2020<\/td>\n<td style=\"text-align: justify;\" width=\"85%\">Research grant from National Science Fund (NSF), Bulgarian Ministry of Education and Science (D\u041d11\/8): Small NudC proteins: effective regulators of development and stress tolerance of\u00a0<em>Arabidopsis thaliana<\/em>,\u00a0<em>Project <\/em><em>participant<\/em><\/td>\n<\/tr>\n<tr>\n<td valign=\"top\" width=\"15%\">2016 \u2013 2019<\/td>\n<td style=\"text-align: justify;\" width=\"85%\">Research grant D\u041d06\/12 from NSF \u2013 Bulgarian Ministry of Education and Science: Study on adaptive mechanisms to drought in Bulgarian winter wheat varieties,<em>Project participant<\/em><\/td>\n<\/tr>\n<tr>\n<td valign=\"top\" width=\"15%\">2013 \u2013 2014<\/td>\n<td style=\"text-align: justify;\" width=\"85%\">Project BG051PO001-3.3.06-0025, Bulgaria\u2019s Human Resources Development operational programme \u201d Support for training and development of young competitive experts in the field of physiology, phytochemistry, genomics, proteomics and biodiversity of eukaryotic organisms\u201d,<em> mentor<\/em><\/td>\n<\/tr>\n<tr>\n<td valign=\"top\" width=\"15%\">2012 \u2013 2013<\/td>\n<td style=\"text-align: justify;\" width=\"85%\">Project 11.113 \u201cIdentification of Dehydrin Types involved in Abiotic Stress Responces in Trifolium repens -IDAST\u201d, SCIEX\u2013NMS<sup>ch<\/sup> (Scientific Exchange Programme between the New Member States of the EU and Switzerland), Universit\u00e4t Bern, Institut f\u00fcr Pflanzenwissenschaften, Prof. Urs Feller lab, Bern, Switzerland,\u00a0<em>principal researcher<\/em><\/td>\n<\/tr>\n<tr>\n<td valign=\"top\" width=\"15%\">2011 \u2013 2013<\/td>\n<td style=\"text-align: justify;\" width=\"85%\">Project \u00a0DNTC 01-12\/13.12.2011 \u201cRegulation of proteolysis under water stress in di- and monocotyledonous plants\u201d (REPRODIMO), <em>Project coordinator and participant<\/em><\/td>\n<\/tr>\n<\/tbody>\n<\/table>\n<h3>PROFESSIONAL MEMBERSHIP<\/h3>\n<ul>\n<li style=\"text-align: justify;\">Union of Scientists in Bulgaria, Subdivision of Plant Physiology and Biochemistry<\/li>\n<li style=\"text-align: justify;\">Federation of European Societies of Plant Biology (FESPB)<\/li>\n<\/ul>\n<h3><strong>PARTICIPATION IN EDITORIAL BOARDS OF SCIENTIFIC JOURNALS<\/strong><\/h3>\n<ul>\n<li>Frontiers in Plant Science (section \u201dPlant Abiotic Stress\u201d and section \u201eCrop and Product Physiology\u201d): Review Editor<\/li>\n<li>Frontiers in\u00a0Sustainable Food Systems (section \u201dAgroecology and Ecosystem Services\u201d)<\/li>\n<\/ul>\n<h3>SELECTED PUBLICATIONS<\/h3>\n<p>Total number of publications: 48<br \/>\nPublications with WoS IF: 36<br \/>\nTotal IF (Web of Science): 99.272<br \/>\nCitations: &gt; 1040 (WoS and Scopus); &gt; 1660 (Google Scholar)<br \/>\nh-index (WoS \u0438 Scopus): 16<\/p>\n<p><strong>Vaseva II<\/strong>, Balzhyk H, Trailova M, Nikolova T, Katerova Z, Galabova S, Todorova D, Sergiev I, Vassileva V. Ethylene Signaling Modulates Dehydrin Expression in <em>Arabidopsis thaliana<\/em> Under Prolonged Dehydration. International Journal of Molecular Sciences. 2025; 26(9):4148. <a href=\"https:\/\/doi.org\/10.3390\/ijms26094148\">https:\/\/doi.org\/10.3390\/ijms26094148<\/a><\/p>\n<p>Petrova S, Stoilova T, Velinov V, <strong>Vaseva II<\/strong>, Simova-Stoilova L. Phenotypic Diversity and Abiotic Stress Tolerance Among <em>Vicia ervilia<\/em> (L.) Willd. Accessions. Plants. 2025; 14(7):1008. <a href=\"https:\/\/doi.org\/10.3390\/plants14071008\">https:\/\/doi.org\/10.3390\/plants14071008<\/a><\/p>\n<p style=\"text-align: justify;\">van Hooren M, van Wijk R, <strong>Vaseva II<\/strong>, Van Der Straeten D, Haring M, Munnik T. 2024. Ectopic expression of distinct PLC genes identifies \u2018compactness\u2019 as a possible architectural shoot strategy to cope with drought stress. Plant and Cell Physiology, 65, 6, 885-903.<\/p>\n<p style=\"text-align: justify;\"><strong>Vaseva II<\/strong>, Sergiev I, Todorova D, Urbutis M, Samuolien\u0117 G, Simova-Stoilova L. 2024. Combined Pretreatment with Bioequivalent Doses of Plant Growth Regulators Alleviates Dehydration Stress in <em>Lactuca sativa<\/em>. Horticulturae, 10, 6, 544.<\/p>\n<p style=\"text-align: justify;\">Urbutis M, <strong>Vaseva II<\/strong>, Simova-Stoilova L, Todorova D, Pukalskas A, Samuoliene G. 2024. Drought Protective Effects of Exogenous ABA and Kinetin on Lettuce: Sugar Content, Antioxidant Enzyme Activity, and Productivity. Plants, 13, 12, 1641.<\/p>\n<p style=\"text-align: justify;\"><strong>Vaseva II<\/strong>, Petrakova M, Blagoeva A, Todorova D. 2023. Divergent cross-adaptation of herbicide-treated wheat and triticale affected by drought or waterlogging. International Journal of Molecular Sciences, 24, 15, 12503.<\/p>\n<p style=\"text-align: justify;\">Jankovska-Bortkevi\u010d E, Jurkonien\u0117 S, Gavelien\u0117 V, \u0160veikauskas V, Mockevi\u010di\u016bt\u0117 R, <strong>Vaseva I<\/strong>, Todorova D, \u017di\u017eyt\u0117-Eidetien\u0117 M, \u0160neideris D, Prakas P. 2023. Dynamics of polyamines, proline, and ethylene metabolism under increasing cold in winter oilseed rape. International Journal of Molecular Sciences, 24, 14, 11402.<\/p>\n<p style=\"text-align: justify;\"><strong>Vaseva II<\/strong>, Simova-Stoilova L, Kostadinova A, Yuperlieva-Mateeva B, Karakicheva T, Vassileva V. 2022. Heat-stress-mitigating effects of a protein-hydrolysate-based biostimulant are linked to changes in Protease, <em>DHN<\/em>, and <em>HSP<\/em> gene expression in maize. Agronomy, 12, 5, 1127.<\/p>\n<p style=\"text-align: justify;\"><strong>Vaseva II<\/strong>, Ivanova K, Simova-Stoilova L. 2022. Bowman-Birk protese inhibitor gene expression in <em>Phaseolus vulgaris<\/em> \u2013 organ specificity and induction under abiotic stresses. Annual of Sofia University \u201cSt. Kliment Ohridski\u201d Faculty of Biology, 107, 4, 61-71.<\/p>\n<p style=\"text-align: justify;\"><strong>Vaseva II<\/strong>, Simova-Stoilova L, Kirova E, Mishev K, Depaepe T, Van Der Straeten D, Vassileva V. 2021. Ethylene signaling in salt-stressed <em>Arabidopsis thaliana<\/em> <em>ein2-1<\/em> and <em>ctr1-1<\/em> mutants \u2013 A dissection of molecular mechanisms involved in acclimation. Plant Physiology and Biochemistry, 167: 999-1010.<\/p>\n<p style=\"text-align: justify;\"><strong>V<\/strong><strong>aseva II<\/strong>, Mishev K, Depaepe T, Vassileva V, Van Der Straeten D. 2021. The Diverse Salt-Stress Response of Arabidopsis <em>ctr1-1<\/em> and <em>ein2-1 <\/em>Ethylene Signaling Mutants Is Linked to Altered Root Auxin Homeostasis. <em>Plants<\/em><em>,<\/em> 10 (3), 452.<\/p>\n<p style=\"text-align: justify;\">Velinov V, <strong>Vasev<\/strong><strong>a <\/strong><strong>I<\/strong><strong>,<\/strong> Zehirov G, Zhiponova M, Georgieva M, Vangheluwe N, Beeckman T, Vassileva V. 2020. Overexpression of the\u00a0NMig1\u00a0Gene Encoding a NudC Domain Protein Enhances Root Growth and Abiotic Stress Tolerance in\u00a0Arabidopsis thaliana. Frontiers in Plant Science, 11, 815.<\/p>\n<p style=\"text-align: justify;\">Vassileva V, <strong>Vaseva I,<\/strong> Dimitrova A. 2019. Expression profiling of DNA methyltransferase genes in wheat genotypes with contrasting drought tolerance. Bulgarian Journal of Agricultural Science, 25, 5, 845-851<\/p>\n<p style=\"text-align: justify;\"><strong>Vaseva II<\/strong>, Qudeimat E, Potuschak T, Du Y, Genschik P, Vandenbussche F, Van Der Straeten D. 2018. The plant hormone ethylene restricts <em>Arabidopsis<\/em> growth via the epidermis. PNAS, 115,17<\/p>\n<p style=\"text-align: justify;\"><strong>Vaseva II<\/strong>, Vandenbussche F, Simon D, Vissenberg K, Van Der Straeten D. 2016. Cell type specificity of plant hormonal signals: case studies and reflections on ethylene. Russian Journal of Plant Physiology, 63 (5): 577-586<\/p>\n<p style=\"text-align: justify;\"><strong>Vaseva II<\/strong>, Zehirov G, Kirova E, Simova-Stoilova L<strong>. <\/strong>2016. Transcript profiling of serine-and cysteine protease inhibitors in <em>Triticum aestivum<\/em> varieties with different drought tolerance. Cereal Research Communications, 44 (1): 79-88<\/p>\n<p style=\"text-align: justify;\">Feller U, <strong>Vaseva II<\/strong>. 2014. Extreme climatic events: impacts of drought and high temperature on physiological processes in agronomically important plants. Frontiers in Environmental Science, doi: 10.3389\/fenvs.2014.00039<\/p>\n<p style=\"text-align: justify;\"><strong>Vaseva I<\/strong>, Anders I, Yuperlieva-Mateeva B, Nenkova R, Kostadinova A, Feller U. 2014. Dehydrin expression as a potential diagnostic tool for cold stress in white clover. Plant Physiology and Biochemistry, 78: 43-48<\/p>\n<p style=\"text-align: justify;\"><strong>Vaseva I,<\/strong> Anders I, Feller U. 2014. Identification of dehydrin subclasses involved in drought response of <em>Trifolium repens<\/em>. Journal of Plant Physiology, 171: 213-224<\/p>\n<p style=\"text-align: justify;\"><strong>Vaseva I,<\/strong> Feller U. 2013. Natural antisense transcripts of <em>Trifolium repens<\/em> dehydrins. Plant Signaling &amp; Behaviour, e27674<\/p>\n<p style=\"text-align: justify;\"><strong>Vaseva I,<\/strong> Akiscan Y, Simova-Stoilova L, Kostadinova A, Nenkova R, Anders I, Feller U, Demirevska K. 2012. \u0410ntioxidant response to drought in red and white clover. Acta Physiologiae Plantarum, 34 (5): 1689-1699<\/p>\n<p style=\"text-align: justify;\">Vandenbussche F, <strong>Vaseva I<\/strong>, Vissenberg K, Van Der Straeten D. 2012. Ethylene in vegetative development: a tale with a riddle. Tansley review. New Phytologist, 194: 895-909<\/p>\n<p style=\"text-align: justify;\"><strong>Vaseva I<\/strong>, Sabotic J, Sustar-Vozlic J, Meglic V, Kidric M, Demirevska K, Simova-Stoilova L. 2011. The Response of Plants to Drought Stress \u2013 The Role of Dehydrins, Chaperones, Proteases and Protease Inhibitors in Maintaining Cellular Protein Function. In: Droughts: New Research, Chapter 11, Editors: Diogo F. Neves and Jo\u00e3o D. Sanz, \u00a92011 Nova Science Publishers, Inc. ISBN: 978-1-62100-769-2<\/p>\n<p style=\"text-align: justify;\"><strong>Vaseva I, <\/strong>Akiscan Y, Demirevska K, Anders I, Feller U. 2011. Drought stress tolerance of red and white clover \u2013 comparative analysis of some chaperonins and dehydrins. Scientia Horticulturae, 130: 653\u2013659<\/p>\n<p style=\"text-align: justify;\">Grigorova B, <strong>Vaseva I<\/strong>, Demirevska K, Feller U. 2011. Combined drought and heat stress in wheat: changes in some heat shock proteins. Biol Plantarum, 55 (1): 105-111<\/p>\n<p style=\"text-align: justify;\">Grigorova B, <strong>Vaseva I<\/strong>, Demirevska K, Feller U. 2011. Comparative study of HSP expression after individually applied and combined drought\/heat stress in wheat plants<em>. Acta Physiologiae Plantarum, <\/em>33 (5): 2041-2049<\/p>\n<p style=\"text-align: justify;\"><strong>Vaseva II<\/strong>, Grigorova BS, Simova-Stoilova LP, Demirevska KN, Feller U. 2010. Abscisic acid and LEA profile changes in winter wheat under progressive drought stress. Plant Biology, 12 (5): 698\u2013707<\/p>\n<p style=\"text-align: justify;\">Simova-Stoilova L,<strong> Vaseva I,<\/strong> Grigorova B, Demirevska K, Feller U. 2010. Proteolytic activity and cysteine protease expression in wheat leaves under severe soil drought and recovery. Plant Physiology and Biochemistry, 48(2-3): 200-206<\/p>\n<p style=\"text-align: justify;\"><strong>Vaseva I<\/strong>, Todorova D, Malbeck J, Travni\u010dkova A, Macha\u010dkova I. 2009. Mild temperature stress modulates cytokinin content and cytokinin oxidase\/ dehydrogenase activity in young pea plants. Acta Agronomica Hungarica, 57(1): 33\u201340<\/p>\n<p style=\"text-align: justify;\">Todorova D, <strong>Vaseva I<\/strong>, Malbeck J, Tr\u00e1vn\u00ed\u010dkov\u00e1 A, Mach\u00e1\u010dkov\u00e1 I, Karanov E. 2007. Cytokinin oxidase\/dehydrogenase activity as a tool in gibberellic acid\/cytokinin cross talk. Biol Plantarum, 51 (3): 579-583<\/p>\n<p style=\"text-align: justify;\">Todorova D, <strong>Vaseva-Gemisheva I<\/strong>, Petrov P, Stoynova-Bakalova E, Alexieva V, Karanov E,, Smith A, Hall M. 2006. Cytokinin oxidase\/dehydrogenase (CKX) activity in wild and ethylene-insensitive mutant <em>eti5<\/em> type of <em>Arabidopsis thaliana<\/em> (L.) Heynh plants and the effect of cytokinin N<sup>1<\/sup>-(2-chloro-4-pyridyl)-N<sup>2<\/sup>-phenylurea on enzymatic activity and leaf morphology. Acta Physiol Plant,\u00a028 (6): 613-617<\/p>\n<p style=\"text-align: justify;\">Todorova D, Genkov T, <strong>Vaseva-Gemisheva I<\/strong>, Alexieva V, Karanov E, Smith A, Hall M. 2005. Effect of temperature stress on the endogenous cytokinin content in <em>Arabidopsis thaliana<\/em> (L.) Heynh plants. Acta Physiol Plant, 27 (1): 13-18<\/p>\n<p style=\"text-align: justify;\"><strong>Vaseva-Gemisheva I<\/strong>, Lee D, Karanov E. 2005. Response of cytokinin oxidase\/dehydrogenase expression and specific activity to drought stress and herbicide treatments in pea leaves<strong>. <\/strong>Plant Growth Regul, 46: 199-208<\/p>\n<p style=\"text-align: justify;\"><strong>Vaseva-Gemisheva I<\/strong>, Sergiev I, Todorova D, Alexieva V, Stanoeva E, Lachkova V, Karanov E. 2005. Antagonistic effects of triazolo[4, 5-d]pyrimidine and pyridylurea derivatives on cytokinin-induced cytokinin oxidase\/dehydrogenase activity in young pea plants. Plant Growth Regul, 46: 193-197<\/p>\n<hr \/>\n<h6 style=\"text-align: right;\"><a class=\"_ps2id\" href=\"#top\" data-ps2id-offset=\"300\">[ Top ]<\/a><\/h6>\n","protected":false},"excerpt":{"rendered":"<p>Associate Professor Irina Vaseva, PhD Building 21, Office 222; Lab 121 Phone: +359-2-9792602; +359-2-979-2691 \u0415-mail: vaseva@bio21.bas.bg; irinavaseva@gmail.com ORCID: 0000-0003-3117-7274 SCOPUS Author ID: 23487270100 RESEARCH INTERESTS Plant hormones, ethylene, cytokinins, cell type specificity of hormonal signaling and crosstalk, dehydrins, expression of stress-inducible proteins. EDUCATION AND ACADEMIC DEGREES 1997, MSc, Sofia University St. Kliment Ohridski, Faculty of [&hellip;]<\/p>\n","protected":false},"author":2,"featured_media":0,"parent":234,"menu_order":0,"comment_status":"closed","ping_status":"closed","template":"","meta":{"footnotes":""},"_links":{"self":[{"href":"http:\/\/www.bio21.bas.bg\/ippg\/en\/index.php?rest_route=\/wp\/v2\/pages\/2257"}],"collection":[{"href":"http:\/\/www.bio21.bas.bg\/ippg\/en\/index.php?rest_route=\/wp\/v2\/pages"}],"about":[{"href":"http:\/\/www.bio21.bas.bg\/ippg\/en\/index.php?rest_route=\/wp\/v2\/types\/page"}],"author":[{"embeddable":true,"href":"http:\/\/www.bio21.bas.bg\/ippg\/en\/index.php?rest_route=\/wp\/v2\/users\/2"}],"replies":[{"embeddable":true,"href":"http:\/\/www.bio21.bas.bg\/ippg\/en\/index.php?rest_route=%2Fwp%2Fv2%2Fcomments&post=2257"}],"version-history":[{"count":11,"href":"http:\/\/www.bio21.bas.bg\/ippg\/en\/index.php?rest_route=\/wp\/v2\/pages\/2257\/revisions"}],"predecessor-version":[{"id":3517,"href":"http:\/\/www.bio21.bas.bg\/ippg\/en\/index.php?rest_route=\/wp\/v2\/pages\/2257\/revisions\/3517"}],"up":[{"embeddable":true,"href":"http:\/\/www.bio21.bas.bg\/ippg\/en\/index.php?rest_route=\/wp\/v2\/pages\/234"}],"wp:attachment":[{"href":"http:\/\/www.bio21.bas.bg\/ippg\/en\/index.php?rest_route=%2Fwp%2Fv2%2Fmedia&parent=2257"}],"curies":[{"name":"wp","href":"https:\/\/api.w.org\/{rel}","templated":true}]}}