{"id":2648,"date":"2022-02-03T09:08:58","date_gmt":"2022-02-03T07:08:58","guid":{"rendered":"http:\/\/www.bio21.bas.bg\/ippg\/en\/?page_id=2648"},"modified":"2026-01-28T14:20:07","modified_gmt":"2026-01-28T12:20:07","slug":"ongoing-research-projects","status":"publish","type":"page","link":"http:\/\/www.bio21.bas.bg\/ippg\/en\/?page_id=2648","title":{"rendered":"Ongoing Research Projects"},"content":{"rendered":"<h5 style=\"text-align: justify;\">National Funding<\/h5>\n<p style=\"text-align: justify;\"><em>\u041a\u041f-06-\u041d71\/12 <\/em><em>\u201c<\/em>Cell-type specificity of ethylene signaling in response to drought (ETIDRO)\u201d (2024-2027). Project Leader: Assoc. Prof. Irina Vaseva (IPPG-BAS).<\/p>\n<p style=\"text-align: justify;\"><em>\u041a\u041f-06-\u041d76\/5 <\/em><em>\u201c<\/em>Biotechnological approaches for targeted accumulation of secondary metabolites in the medicinal plant <em>Arnica montana<\/em> L. and study of the biosynthetic pathway of sesquiterpene lactones\u201c (2024-2027). Project Leader: Assist. Prof. Maria Petkova (IPPG-BAS).<\/p>\n<p style=\"text-align: justify;\"><em>\u041a\u041f-06-\u041d66\/7<\/em> \u201cComparative analysis of the physiological effects of melatonin on Bulgarian wheat varieties with different drought resistance\u201d (2022-2025). Project Leader: Prof. Iskren Sergiev (IPPG-BAS).<\/p>\n<p style=\"text-align: justify;\"><em>\u041a\u041f-06-\u041d36-2 <\/em>\u201eLeguminous crops in Bulgaria \u2013 a source of useful additional proteinaceous substances\u201c (2020-2023). Project Leader: Assoc. Prof. Lyudmila Simova-Stoilova, IPPG-BAS. Partners: Institute of Microbiology \u2013 BAS, Institute of Plant genetic resources \u2013 Agricultural Academy.<\/p>\n<p style=\"text-align: justify;\"><em>\u041a\u041f-06-\u041d41\/6 <\/em>\u201ePotentiating effect of <em>Haberlea<\/em> extract on soybean Bowman-Birk protease inhibitor in breast cancer cell lines\u201d (2020-2023). Project Leader: Assoc. Prof. Diana Zasheva, IBIR \u2013 BAS. Partners: IPPG-BAS, Agrobioinstitute \u2013 Agricultural Academy.<\/p>\n<hr \/>\n<h5 style=\"text-align: justify;\">Bilateral cooperation<\/h5>\n<p style=\"text-align: justify;\">Project <em>IC-HU\/03\/2024-2025<\/em>: Defence mechanisms at root and leaf levels that allow the resurrection plant <em>Haberlea rhodopensis<\/em> to overcome the final stage of desiccation, 2024-2025. Partner: Institute of Plant Biology, Biological Research Centre, E\u00f6tv\u00f6s Lor\u00e1nd Research Network, Szeged, HAS, Hungary. Project Coordinator: Prof. Katya Georgieva (IPPG-BAS).<\/p>\n<hr \/>\n<h5 style=\"text-align: justify;\">International Funding<\/h5>\n<p style=\"text-align: justify;\"><em>Project<\/em><em> CRP\/BGR23-03 <\/em><em>\u201c<\/em>Regulatory determinants of the intracellular trafficking of the brassinosteroid receptor BRI1 and their impact on brassinosteroid-related plant growth traits in optimal and adverse environmental conditions\u201c (2024-2027). Funding: International Centre for Genetic Engineering and Biotechnology (ICGEB). Project Leader: Assoc. Prof. Kiril Mishev (IPPG-BAS).<\/p>\n<p style=\"text-align: justify;\"><em>Project<\/em> <em>CropPrime 101086366<\/em> \u201cStabilizing CROP yield under unfavourable conditions by molecular PRIM(E)ing\u201d (2023-2026). Funding: European Commission &#8211; HORIZON-MSCA-2021-SE-01-01. Project coordinators from IPPG-BAS: Prof. Valya Vassileva and Assoc. Prof. Kiril Mishev<\/p>\n<p style=\"text-align: justify;\"><em>Project<\/em> <em>PROSPER<\/em> 101181400 \u201cPromoting resilient orphan legumes for sustainable agriculture and food security\u201c (2025-2029). Funding: EUROPEAN RESEARCH EXECUTIVE AGENCY (REA), HORIZON-CL6-2024-BIODIV-02. Project coordinator from IPPG-BAS: Prof. Valya Vassileva.<\/p>\n<p style=\"text-align: justify;\"><em>COST Action<\/em> <em>CA24152<\/em>: \u201cEpitranscriptomics and ncRNAs for climate-change-resilient and sustainable crops (EPICROPS) (2025-2029). Project coordinator from IPPG-BAS: Prof. Valya Vassileva.<\/p>\n<h6 style=\"text-align: right;\"><a class=\"_ps2id\" href=\"#top\" data-ps2id-offset=\"300\">[ Top ]<\/a><\/h6>\n","protected":false},"excerpt":{"rendered":"<p>National Funding \u041a\u041f-06-\u041d71\/12 \u201cCell-type specificity of ethylene signaling in response to drought (ETIDRO)\u201d (2024-2027). Project Leader: Assoc. Prof. Irina Vaseva (IPPG-BAS). \u041a\u041f-06-\u041d76\/5 \u201cBiotechnological approaches for targeted accumulation of secondary metabolites in the medicinal plant Arnica montana L. and study of the biosynthetic pathway of sesquiterpene lactones\u201c (2024-2027). Project Leader: Assist. Prof. Maria Petkova (IPPG-BAS). \u041a\u041f-06-\u041d66\/7 [&hellip;]<\/p>\n","protected":false},"author":2,"featured_media":0,"parent":234,"menu_order":0,"comment_status":"closed","ping_status":"closed","template":"","meta":{"footnotes":""},"_links":{"self":[{"href":"http:\/\/www.bio21.bas.bg\/ippg\/en\/index.php?rest_route=\/wp\/v2\/pages\/2648"}],"collection":[{"href":"http:\/\/www.bio21.bas.bg\/ippg\/en\/index.php?rest_route=\/wp\/v2\/pages"}],"about":[{"href":"http:\/\/www.bio21.bas.bg\/ippg\/en\/index.php?rest_route=\/wp\/v2\/types\/page"}],"author":[{"embeddable":true,"href":"http:\/\/www.bio21.bas.bg\/ippg\/en\/index.php?rest_route=\/wp\/v2\/users\/2"}],"replies":[{"embeddable":true,"href":"http:\/\/www.bio21.bas.bg\/ippg\/en\/index.php?rest_route=%2Fwp%2Fv2%2Fcomments&post=2648"}],"version-history":[{"count":9,"href":"http:\/\/www.bio21.bas.bg\/ippg\/en\/index.php?rest_route=\/wp\/v2\/pages\/2648\/revisions"}],"predecessor-version":[{"id":3512,"href":"http:\/\/www.bio21.bas.bg\/ippg\/en\/index.php?rest_route=\/wp\/v2\/pages\/2648\/revisions\/3512"}],"up":[{"embeddable":true,"href":"http:\/\/www.bio21.bas.bg\/ippg\/en\/index.php?rest_route=\/wp\/v2\/pages\/234"}],"wp:attachment":[{"href":"http:\/\/www.bio21.bas.bg\/ippg\/en\/index.php?rest_route=%2Fwp%2Fv2%2Fmedia&parent=2648"}],"curies":[{"name":"wp","href":"https:\/\/api.w.org\/{rel}","templated":true}]}}