{"id":406,"date":"2012-08-14T14:51:23","date_gmt":"2012-08-14T11:51:23","guid":{"rendered":"http:\/\/www.bio21.bas.bg\/ippg\/en\/?page_id=406"},"modified":"2020-02-06T13:38:57","modified_gmt":"2020-02-06T11:38:57","slug":"selected-publications","status":"publish","type":"page","link":"http:\/\/www.bio21.bas.bg\/ippg\/en\/?page_id=406","title":{"rendered":"&#8220;REGULATORS OF PLANT GROWTH AND DEVELOPMENT&#8221; &#8211; Selected Publications"},"content":{"rendered":"<p style=\"text-align: justify;\">Alexieva V, Sergiev I, Mapelli S, Karanov E (2001) The effect of drought and ultraviolet radiation on growth and stress markers in pea and wheat. <em>Plant, Cell &amp; Environ<\/em>., 24, 1337-1344.<\/p>\n<p style=\"text-align: justify;\">Alexieva V, Sergiev I, Todorova D, Karanov E, Smith A, Hall M (2004) Effect of ethylene and its antagonist 1-MCP on the senescence of detached leaves of <em>Arabidopsis thaliana<\/em> (L.) Heynh. <em>Biol. Plant.<\/em>, 48(4), 593-595.<\/p>\n<p style=\"text-align: justify;\">Ananieva E, Alexieva V, Popova L (2002) Treatment with salicylic acid decreases the effects of parquat on photosynthesis. <em>J. Plant Physiol<\/em>., 159, 685-693.<\/p>\n<p style=\"text-align: justify;\">Angelova Y, Petkova S, Popova N, Stefanov B, Iliev L (2002) Influence of ABA and 4PU-30 on the growth, proteolytic activities and protein composition of maize seedlings. <em>Biol. Plant<\/em>., 45(1), 33-37.<\/p>\n<p style=\"text-align: justify;\">Atanasova L (2004) Cytokinins in wheat germ transfer RNA: determination by immunological methods, <em>Physiol. Mol. Biol. Plants<\/em>, 10, 203-208.<\/p>\n<p style=\"text-align: justify;\">Atanasova L, P Dobrev, M Pissarska, J Malbeck, D Pulcheva, L Iliev (2005) Effect of atrazine on major endogenous cytokinin types in maize plants. Compt. Rend. Acad. Bulg. Sci. 58, 10, 1225-1229.<\/p>\n<p style=\"text-align: justify;\">Atanasova L Y (2010) Long-term salinity affects tRNA and rRNA cytokinins in maize (<em>Zea mays<\/em> L.). Compt. Rend. Acad. Bulg. Sci. 63, 12, 1741-1748.<\/p>\n<p style=\"text-align: justify;\">Atanasova L Y (2011) Modified nucleosides in plant transfer RNA. Compt. Rend. Acad. Bulg. Sci., 64, 1, 67-74.<\/p>\n<p style=\"text-align: justify;\">Atanasova L Y (2011) Cytokinin-like nucleosides in major RNA species of maize (<em>Zea mays<\/em> L.) roots. Compt. Rend. Acad. Bulg. Sci. 64, 8, 1123-1130.<\/p>\n<p style=\"text-align: justify;\">Atanasova L, Iliev L (2001) Growth and endogenous cytokinins in tobacco callus as affected by N-(2-chloro-4-pyridil)-N\u2019-phenylurea. <em>Biol. Plant<\/em>., 44, 451-453.<\/p>\n<p style=\"text-align: justify;\">Atanasova L, Pissarska M, Popov G, Georgiev G (2004) Growth and endogenous cytokinins of juniper shoots as affected by high metal concentrations, <em>Biol. Plant.<\/em>, 48(1), 157-159.<\/p>\n<p style=\"text-align: justify;\">Atanasova L, Stefanov D, Yordanov I, Kornova K, Kavardzikov L (2003) Comparative characteristics of growth and photosynthesis of sun and shade leaves from normal and pendulum walnut (<em>Juglans regia<\/em> L.) trees, <em>Photosynthetica<\/em> 41 (2), 289-292.<\/p>\n<p style=\"text-align: justify;\">Bineva Tz, Staneva D, Yonova P, Yordanova I, Stoeva N (2006) Modification of the irradiation effect on oat plants during the vegetation period. <em>J. Environm. Protection and Ecology<\/em>, 7(1), 146-150.<\/p>\n<p style=\"text-align: justify;\">Bogoeva V, Radeva M, Atanasova L, Stoitsova S, Boteva R (2004) Fluorescence analysis of hormone binding activities of wheat germ agglutinin, <em>Biochim. Biophys. Acta<\/em>, 1698, 213-218.<\/p>\n<p style=\"text-align: justify;\">Brankova L, Ivanov S, Alexieva V (2007) The induction of microsomal NADPH:cytochrome P450 and NADH:cytochrome b5 reductases by long-term salt treatment of cotton (<em>Gossypium hirsutum<\/em> L.) and bean (<em>Phaseolus vulgaris<\/em> L.) plants. <em>Plant Physiol. Biochem.<\/em>, 45, 691-695.<\/p>\n<p style=\"text-align: justify;\">Chankova S, Jovtchev G, Gateva S, Yonova P, Mehandjiev A, Shevchenko V (2001) Protecting effect of newly synthesized urea and thiourea derivatives on different test-systems. <em>J. Environm. Protection and Ecology<\/em>, 2(3), 694-703.<\/p>\n<p style=\"text-align: justify;\">Djilianov, D., Ivanov, S., Moyankova, D., Miteva, L., Kirova, E., Alexieva, V., Joudi, M., Peshev, D, Van Den Ende, W. (2011) &#8211; Sugar ratios, glutathione redox status and phenols in the resurrection species Haberlea rhodopensis and the closely related non-resurrection species <em>Chirita eberhardtii<\/em>, <em>Plant Biology<\/em> <strong>13<\/strong>(4), 767-776.<\/p>\n<p style=\"text-align: justify;\">Gateva S, Jovtchev G, Stergios M, Yonova P (2010) The potential of synthetic thiourea compound to reduce the cytotoxic and genotoxic effects of paraquat in <em>Hordeum vulgare<\/em> and cultured human lymphocytes. <em>Environmental Toxicology,<\/em> DOI 10.1002\/tox .20633.<\/p>\n<p style=\"text-align: justify;\">Geneva M, Stancheva I, Boychinova M, Mincheva N, Yonova P (2010) Effects of foliar fertilization and arbuscular mycorrhizal colonization on <em>Salvia officinalis<\/em> L. growth, antioxidant capacity, and essential oil composition. <em>J Sci Food Agric<\/em>, 90, 696-702.<\/p>\n<p style=\"text-align: justify;\">Georgieva M, Yordanova P, Georgieva A, Georgiev G Tz (2008) \u2013 <em>In vitro<\/em> screening of the cytotoxicity of biologically active substances isolated from the saprophyte mushroom <em>Pleurotus osteratus<\/em> (Fr.) Kumm., <em>Plant Science<\/em>, Sofia, Bulgaria, 45, 201-204.<\/p>\n<p style=\"text-align: justify;\">Griga M, G Kosturkova, N Kuchuk, M Ilieva-Stoilova (2001) Biothechnology. Chapter 6 in &#8220;Carbohydrates in Grain Legume Seeds: Improving Nutritional Quality and Agronomic Characteristics&#8221; ed. C. Hedley, CABI Publishing, 145-207.<\/p>\n<p style=\"text-align: justify;\">Hung S, Wang Ch, Ivanov S, Alexieva V, Yu Ch (2007) Repetition of hydrogen peroxide treatment induces a chilling tolerance comparable to cold acclimation in mung bean. <em>Journal of the American Society for Horticultural Science<\/em>, 132, 770-776.<\/p>\n<p style=\"text-align: justify;\">Ivanov S, Alexieva V, Karanov E (2005) Cumulative effect of low and high atrazine concentrations on <em>Arabidopsis thaliana<\/em> (L.) Heynh plants. <em>Russian J. Plant Physiol.,<\/em> 52(2), 213-219.<\/p>\n<p style=\"text-align: justify;\">Ivanov S, Miteva L, Alexieva V, Kurjin Hr, Karanov E (2005) Alterations in some oxidative parameters in susceptible and resistant wheat plants infected with <em>Puccinia<\/em> <em>recondita f.sp. tritici<\/em>. <em>J. Plant Physiol.,<\/em> 162, 275-279.<\/p>\n<p style=\"text-align: justify;\">Ivanov S., Shopova E., Kerchev P., Sergiev I., Miteva L., Polizoev D., Alexieva V. (2012) Long-term impact of sublethal atrazine perturbs the redox homeostasis in pea (<em>Pisum sativum <\/em>L<em>.<\/em>) plants, Protoplasma DOI 10.1007\/s00709-012-0378-6<\/p>\n<p style=\"text-align: justify;\">Katerova Z, Ivanov S, Mapelli S, Alexieva V (2009) Phenols, proline and low-molecular thiol levels in pea (<em>Pisum sativum<\/em>) plants respond differently toward prolonged exposure to ultraviolet-B and ultraviolet-C radiations. <em>Acta Physiol Plant<\/em>, 31(1), 111-117.<\/p>\n<p style=\"text-align: justify;\">Katerova Z, Ivanov S, Prinsen E, Van Onckelen H, Alexieva V, Azmi A (2009) Low doses of ultraviolet-B or ultraviolet-C radiation affect ACC, ABA and IAA levels in young pea plants. <em>Biologia Plantarum<\/em>, 53(2), 365-368.<\/p>\n<p style=\"text-align: justify;\">Katerova Z, Miteva L (2010) Chapter 6: Glutathione and Herbicide Resistance in Plants. <em>In: Ascorbate-Glutathione Pathway and Stress Tolerance in Plants. <\/em>1st Edition. <em>Eds.: Anjum NA; Chan M-T; Shahid U. <\/em>Springer Dordrecht Heidelberg London New York, ISBN: 978-90-481-9403-2, pp 191-207.<\/p>\n<p style=\"text-align: justify;\">Katerova Z, Todorova D (2009) Endogenous polyamines lessen membrane damages in pea plants provoked by enhanced ultraviolet-C radiation. <em>Plant Growth Regulation, <\/em>57(2): 145-152.<\/p>\n<p style=\"text-align: justify;\">Katerova Z., D. Todorova (2011) Effect of Enhanced UV-C Irradiation on the Growth, Malondialdehyde, Hydrogen Peroxide, Free Proline, Polyamines, IAA and IAA-oxidase Activity in Pea Plants (Pisum sativum L.), Compt. Rend. Acad. Bulg. Sci., 64 (11), 1555-1562.<\/p>\n<p style=\"text-align: justify;\">Kosturkova G, G Angelov, M Dimitrova and K Tasheva (2011) Isoperoxidase profiles in soybean <em>in vitro<\/em> cultures under osmotic stress. <em>Scientific publications of University of Agronomical sciences and veterinary medicinal, Biotechnology,<\/em> p. 8 \u2013 15.<\/p>\n<p style=\"text-align: justify;\">Kosturkova G. (2008) Contribution of Bulgarian Women to Plant Biotechnology: Institute of Genetics Case. Chapter IV. Women in Biotechnology. <em>Creating interfaces, Eds. F. Molfino &amp; F. Zucco Springer<\/em>, 107-117<\/p>\n<p style=\"text-align: justify;\">Kosturkova G, R Todorova, G Sakthivelu, M K Akitha Devi, P Giridhar, T Rajasekaran, G A Ravishankar (2008) Response of Bulgarian and Indian soybean genotypes to drought and water deficiency in field and laboratory conditions. <em>Journal of General and Applied Plant Physiology,<\/em> 34, 3-4, 239-250.<\/p>\n<p style=\"text-align: justify;\">Kostukova G, K Tasheva (2010) Women\u2019s Leadership in Plant Biotechnology and Related Sciences. Chapter 7. in \u201cFeminism and Women in Leadership. Ed. V. Nardi, Nova Science Publishers, Inc. New York, 127-146.<\/p>\n<p style=\"text-align: justify;\">Kosturkova G, A Delinick (2007) Development of Plant Model to Study Biological Effects of Nanodilutions. International Electronic Journal BIOAUTOMATION, Vol. 8, S1, 184-192.<\/p>\n<p style=\"text-align: justify;\">Krezhova D, Yanev T, Iliev I, Brankova L, Ivanov S, Alexieva V (2008) Detection of herbicide contamination in plants through changes in leaf spectral reflectance and fluorescence. <em>In: Abiotic Stress and Plant Responses<\/em>, \u0415\u0434\u0441Eds.: NA Khan and S Singh, I. K. International, New Delhi, ISBN 978-81-89866-95-2, pp 217-230.<\/p>\n<p style=\"text-align: justify;\">Krejova D, V Alexieva (2011) Spectral remote sensing technique as a tool for reservation on environment. Proceedings of International Conference 100 Years Bulgarian Soil Science, 16-20 May 2011, Sofia, Part II, 736-740.<\/p>\n<p style=\"text-align: justify;\">Mehandjiev A, Kosturkova G, Vasilev G, Noveva S (2002) Radioprotective effect of novel disubstituted thioureas on pea (Pisum sativum) development. <em>Radiation Biology and Radioecology <\/em>42:649-658.<\/p>\n<p style=\"text-align: justify;\">Miteva L, Ivanov S, Alexieva V (2010) Alterations in glutathione pool and some related enzymes in leaves and roots of Pea plants treated with the herbicide glyphosate. <em>Russian Journal of Plant Physiology<\/em>, 57, (1), 139-145.<\/p>\n<p style=\"text-align: justify;\">Miteva L, Ivanov S, Alexieva V, Karanov E (2004) Effect of atrazine on glutathione levels, glutathione-S-transferase and glutathione reductase activities in pea and wheat plants. <em>Plant<\/em> <em>Protect. Sci<\/em>., 40(1), 16-20.<\/p>\n<p style=\"text-align: justify;\">Moskova I, D Todorova, V Alexieva, I Sergiev (2011) Leaf morphology and histology changes of pea plants treated with hydrogen peroxide and paraquat, Compt. Rend. Acad. Bulg. Sci., 64 (12), 1695-1700.<\/p>\n<p style=\"text-align: justify;\">Moskova I, Todorova D, Alexieva V, Ivanov S, Sergiev I (2009) Effect of exogenous hydrogen peroxide on enzymatic and nonenzymatic antioxidants in leaves of young pea plants treated with paraquat. <em>Plant Growth Regulation<\/em> 57(2), 193-202.<\/p>\n<p style=\"text-align: justify;\">Moskova I, Todorova D, Alexieva V, Sergiev I (2007) Hydrogen peroxide pretreatment alleviates paraquat injuries in pea (<em>Pisum sativum<\/em> L.). <em>Compt. Rend. Acad. Bulg. Sci<\/em>, 60(10), 1101-1106.<\/p>\n<p style=\"text-align: justify;\">Parvanova D, Ivanov S, Konstantinova T, Karanov E, Atanassov A, Tsvetkov T, Alexieva V, Djilianov D (2004) Transgenic tobacco plants accumulating osmolytes show reduced oxidative damage under freezing stress, <em>Plant Physiol. Biochem.<\/em>, 42, 57-63.<\/p>\n<p style=\"text-align: justify;\">Peycheva E, Ivanova E, Ivanov S, Miloshev G.(2011) Improved Procedure for Comet Assay on Active Photosynthetic Cells from Pea Plants, Oxid. Comm. 2: 320-325.<\/p>\n<p style=\"text-align: justify;\">Saktiaveli G, Akita Devi MK, Giridhar P, Rajasekaran T, Ravishankar G, Nikolova MT, Angelov G, Todorova R, Kosturkova G (2008) Isoflavone composition, phenol content, and antioxidant activity of soybean seeds from India and Bulgaria. <em>Journal of Agricultural and Food Chemistry,<\/em> 56, 6, 2090-2095.<\/p>\n<p style=\"text-align: justify;\">Sergiev I, Alexieva V, Ivanov S, Moskova I, Karanov E (2006) The phenilurea cytokinin 4PU-30 protects maize plants against glyphosate action. <em>Pesticide Biochemistry and Physiology<\/em>, 85, 139\u2013146.<\/p>\n<p style=\"text-align: justify;\">Sergiev I, Todorova D, Somleva M, Alexieva V, Karanov E, Stanoeva E, Lachkova V, Smith A, Hall M (2007) Influence of cytokinins and novel cytokinin antagonists on the senescence of detached leaves of <em>Arabidopsis thaliana<\/em> (L.) Heynh. <em>Biologia Plantarum<\/em>, 51(2), 377-380.<\/p>\n<p style=\"text-align: justify;\">Stoilkova G, Yonova P (2007) Protective effect of two synthetic compounds against chlorsulfuron injury in maize (<em>Zea mays<\/em> L.). <em>Acta Agronomica Hungarica<\/em> 55(3), 283-292.<\/p>\n<p style=\"text-align: justify;\">Stoilkova G, Yonova P (2010) Safeners for chlorsulfuron on maize (<em>Zea mays <\/em>L.). <em>Quality Assurance and Safety of Crops &amp; Foods <\/em>2:28-35.<\/p>\n<p style=\"text-align: justify;\">Stoynova-Bakalova E, (2007) Properties of plate meristem of growing epigeal cotyledons in an experimental system. <em>Environmental and Experimental Botany<\/em>, 59, 76-83.<\/p>\n<p style=\"text-align: justify;\">Stoynova-Bakalova E, Petrov P (2006) Control by cytokinins of the cellular behaviour in the plate meristem of zucchini cotyledons. <em>Planta<\/em>, 223(6), 1256-1263.<\/p>\n<p style=\"text-align: justify;\">Stoynova-Bakalova E, Petrov P, Gigova L Baskin T (2008) Effects of methyl jasmonate on cell growth and division of etiolated <em>Cucurbita pepo<\/em> (zucchini) cotyledon. <em>Plant Biology<\/em>, 10(4), 276-284.<\/p>\n<p style=\"text-align: justify;\">Stoynova-Bakalova E, Petrov P, Karanov E (2001) Effects of benzylaminopurine and abscisic acid on distribution of rRNA in the palisade cells of excised <em>Cucurbita pepo<\/em> cotyledons. <em>Biol. Plant<\/em>., 44, 355-360.<\/p>\n<p style=\"text-align: justify;\">Stoynova-Bakalova E, Petrov P, Karanov E, Hall M (2004) Cell division and cell expansion in cotyledons of <em>Arabidopsis<\/em> seedlings. <em>New Phytol<\/em>., 162, 471-479.<\/p>\n<p style=\"text-align: justify;\">Stoynova-Bakalova E, Petrov P, Tsukaya H (2002) Cell division and cell enlargement in isolated Cucurbita cotyledons grown in darkness and in light. <em>J. Plant Res<\/em>., 115, 375-380.<\/p>\n<p style=\"text-align: justify;\">Stoynova-Bakalova E, Toncheva-Panova T (2003) Subcellular adaptation to salinity and irradiance in <em>Dunaliella salina<\/em>. <em>Biol.Plant<\/em>., 47, 233-236.<\/p>\n<p style=\"text-align: justify;\">Tasheva K, G Kosturkova (2012) The role of biotechnology for conservation and biologically active substances production of <em>Rhodiola rosea<\/em> \u2013 endangered medicinal species. <em>The Scientific World Journal<\/em>, vol. 2012, Article ID 274942, 13 pages, doi:10.1100\/2012\/274942.<\/p>\n<p style=\"text-align: justify;\">Tasheva K, G Kosturkova (2010) Bulgarian golden root <em>in vitro<\/em> cultures for micropropagation and reintroduction. <em>Central European Journal of Biology<\/em>, 5(6): pp. 853-863.<\/p>\n<p style=\"text-align: justify;\">Tasheva K, G Kosturkova (2011) <em>Rhodiola rosea<\/em> L. <em>in vitro <\/em>plants morphophysiological and cytological characteristics. R<em>omanian Biotechnological Letters<\/em>, 16 (6): p. 79 &#8211; 85.<\/p>\n<p style=\"text-align: justify;\">Todorova D, Genkov T, Vaseva-Gemisheva I, Alexieva V, Karanov E, Smith A, Hall M (2005) Effect of temperature stress on the endogenous cytokinin content in <em>Arabidopsis<\/em> <em>thaliana<\/em> (L.) Heynh plants. <em>Acta Physiol. Plant.<\/em>, 27(1), 13-18.<\/p>\n<p style=\"text-align: justify;\">Todorova D, Moskova I, Sergiev I, Alexieva V, Mapelli S (2008) Changes in endogenous polyamines and some stress markers content induced by drought, 4PU-30 and abscisic acid in wheat plants. <em>In: Abiotic stress and plant responses<\/em>. Nafees A. Khan, Sarvajeet Singh (Eds.), I. K. International Publishing House Pvt. Ltd., ISBN 978-81-89866-95-2, Chapter 11, pp. 205-215.<\/p>\n<p style=\"text-align: justify;\">Todorova D, Sergiev I, Alexieva V, Karanov E, Smith A, Hall M (2007) Polyamine content in <em>Arabidopsis thaliana<\/em> (L.) Heynh during recovery after low and high temperature treatments. <em>Plant Growth Regulation<\/em>, 51, 185-191.<\/p>\n<p style=\"text-align: justify;\">Todorova D, Vaseva I, Malbeck J, Tr\u00e1vn\u00ed\u010dkov\u00e1 A, Mach\u00e1\u010dkov\u00e1 I, Karanov E (2007) Cytokinin oxidase\/dehydrogenase activity as a tool in gibberellic acid\/cytokinin cross talk. <em>Biol. Plant.<\/em>, 51(3), 579-583.<\/p>\n<p style=\"text-align: justify;\">Todorova D., I. Sergiev, V. Alexieva, (2012) Application of natural and synthetic polyamines as growth regulators to improve the freezing tolerance of winter wheat (<em>Triticum aestivum<\/em> L.). <em>Acta Agronomica Hungarica<\/em>, 60(1), 1-10.<\/p>\n<p style=\"text-align: justify;\">Vaseva-Gemisheva I, Lee D, Alexieva V, Karanov E (2004) Cytokinin oxidase\/dehydrogenase in Pisum sativum plants during vegetative development. Influence of UV-B irradiation and high temperature on enzymatic activity, <em>Plant Growth Regul<\/em>., 42(1), 1-5.<\/p>\n<p style=\"text-align: justify;\">Vaseva-Gemisheva I, Lee D, Karanov E (2005) Response of cytokinin oxidase\/dehydrogenase expression and specific activity to drought stress and herbicide treatments in pea leaves. <em>Plant Growth Regul.<\/em>, 46(3), 199-208.<\/p>\n<p style=\"text-align: justify;\">Vaseva-Gemisheva I, Sergiev I, Todorova D, Alexieva V, Stanoeva E, Lachkova V, Karanov E (2005) Antagonistic effects of triazolo[4,5-d]pyrimidine and pyridylurea derivatives on cytokinin-induced cytokinin oxidase\/dehydrogenase activity in young pea plants. <em>Plant<\/em> <em>Growth Regul.<\/em>, 46(3), 193-197.<\/p>\n<p style=\"text-align: justify;\">Yonova P (2010) Design, Synthesis and Properties of Synthetic Cytokinins. Recent Advances on their Application. <em>General and Applied Plant Physiology<\/em>, 36(3-4), 124-147 (Review).<\/p>\n<p style=\"text-align: justify;\">Yonova P, Stoilkova G (2005) Antisenescence effect of 2-pyridylureas with un- and cyclic- ureido groups. <em>General and Applied Plant Physiology<\/em>, 31(3-4), 197-214.<\/p>\n<p style=\"text-align: justify;\">Yonova P, Stoilkova G (2005) Synthesis and biological activity of urea and thiourea derivatives from 2-aminoheterocyclic compounds. <em>J. Plant Growth Regul.<\/em>, 23, 280-291.<\/p>\n<p style=\"text-align: justify;\">Yonova P, Stoilkova G (2005) Synthesis and plant growth regulating activity of pyridyl-imidazolidinone compounds. <em>Compt. rend. Acad. bulg. Sci<\/em>., 58(5), 595-600.<\/p>\n<p style=\"text-align: justify;\">Yordanova R, Alexieva V, Popova L (2003) Influence of root oxygen deficiency on photosynthesis and antioxidants in barley plants. <em>Russ<\/em><em>. J<\/em><em>. Plant<\/em><em> Physiol<\/em>., 50, 2, 163-167.<\/p>\n<p style=\"text-align: justify;\">\u0413\u0435\u043e\u0440\u0433\u0438\u0435\u0432 \u0413. \u0426\u0432, (2010) \u041d\u0430\u043d\u043e\u0442\u0435\u0445\u043d\u043e\u043b\u043e\u0433\u0438\u0438\u0442\u0435 \u0432 \u0441\u044a\u0432\u0440\u0435\u043c\u0435\u043d\u043d\u043e\u0442\u043e \u0440\u0430\u0441\u0442\u0435\u043d\u0438\u0435\u0432\u044a\u0434\u0441\u0442\u0432\u043e. \u041d\u043e\u0432\u043e\u0441\u0442\u0438, \u0431\u0440\u043e\u0439 4(80), 2-3.<\/p>\n<p style=\"text-align: justify;\">\u0413\u0435\u043e\u0440\u0433\u0438\u0435\u0432 \u0413. \u0426\u0432, (2010) \u041f\u0435\u0440\u0441\u043f\u0435\u043a\u0442\u0438\u0432\u0438 \u043f\u0440\u0438 \u0438\u0437\u043f\u043e\u043b\u0437\u0432\u0430\u043d\u0435\u0442\u043e \u043d\u0430 \u043d\u0430\u043d\u043e\u0442\u0435\u0445\u043d\u043e\u043b\u043e\u0433\u0438\u0438 \u0432 \u0440\u0430\u0441\u0442\u0435\u043d\u0438\u0435\u0432\u044a\u0434\u0441\u0442\u0432\u043e\u0442\u043e: \u0411\u0438\u043e\u0433\u0435\u043d\u043d\u0438 \u0443\u0442\u0430\u0439\u043a\u0438 \u043e\u0442 \u0434\u044a\u043d\u043e\u0442\u043e \u043d\u0430 \u0427\u0435\u0440\u043d\u043e \u043c\u043e\u0440\u0435 \u2013 \u0434\u044a\u043b\u0431\u043e\u043a\u043e\u0432\u043e\u0434\u043d\u0438 \u043e\u0440\u0433\u0430\u043d\u043e\u0433\u0435\u043d\u043d\u043e-\u043c\u0438\u043d\u0435\u0440\u0430\u043b\u043d\u0438 \u0443\u0442\u0430\u0439\u043a\u0438. \u041d\u043e\u0432\u043e\u0441\u0442\u0438, \u0431\u0440\u043e\u0439 5(81), 2-4.<\/p>\n<p style=\"text-align: justify;\">\n","protected":false},"excerpt":{"rendered":"<p>Alexieva V, Sergiev I, Mapelli S, Karanov E (2001) The effect of drought and ultraviolet radiation on growth and stress markers in pea and wheat. Plant, Cell &amp; Environ., 24, 1337-1344. Alexieva V, Sergiev I, Todorova D, Karanov E, Smith A, Hall M (2004) Effect of ethylene and its antagonist 1-MCP on the senescence of [&hellip;]<\/p>\n","protected":false},"author":2,"featured_media":0,"parent":251,"menu_order":1,"comment_status":"closed","ping_status":"closed","template":"","meta":{"footnotes":""},"_links":{"self":[{"href":"http:\/\/www.bio21.bas.bg\/ippg\/en\/index.php?rest_route=\/wp\/v2\/pages\/406"}],"collection":[{"href":"http:\/\/www.bio21.bas.bg\/ippg\/en\/index.php?rest_route=\/wp\/v2\/pages"}],"about":[{"href":"http:\/\/www.bio21.bas.bg\/ippg\/en\/index.php?rest_route=\/wp\/v2\/types\/page"}],"author":[{"embeddable":true,"href":"http:\/\/www.bio21.bas.bg\/ippg\/en\/index.php?rest_route=\/wp\/v2\/users\/2"}],"replies":[{"embeddable":true,"href":"http:\/\/www.bio21.bas.bg\/ippg\/en\/index.php?rest_route=%2Fwp%2Fv2%2Fcomments&post=406"}],"version-history":[{"count":6,"href":"http:\/\/www.bio21.bas.bg\/ippg\/en\/index.php?rest_route=\/wp\/v2\/pages\/406\/revisions"}],"predecessor-version":[{"id":2209,"href":"http:\/\/www.bio21.bas.bg\/ippg\/en\/index.php?rest_route=\/wp\/v2\/pages\/406\/revisions\/2209"}],"up":[{"embeddable":true,"href":"http:\/\/www.bio21.bas.bg\/ippg\/en\/index.php?rest_route=\/wp\/v2\/pages\/251"}],"wp:attachment":[{"href":"http:\/\/www.bio21.bas.bg\/ippg\/en\/index.php?rest_route=%2Fwp%2Fv2%2Fmedia&parent=406"}],"curies":[{"name":"wp","href":"https:\/\/api.w.org\/{rel}","templated":true}]}}