{"id":964,"date":"2014-11-19T17:11:37","date_gmt":"2014-11-19T14:11:37","guid":{"rendered":"http:\/\/www.bio21.bas.bg\/ippg\/en\/?page_id=964"},"modified":"2015-08-17T14:12:09","modified_gmt":"2015-08-17T11:12:09","slug":"gpp-41-2-2014","status":"publish","type":"page","link":"http:\/\/www.bio21.bas.bg\/ippg\/en\/?page_id=964","title":{"rendered":"GPP 4(1-2) 2014"},"content":{"rendered":"<table width=\"590\" border=\"0\" cellspacing=\"1\" cellpadding=\"5\" align=\"center\">\n<tbody>\n<tr>\n<td style=\"text-align: center;\" valign=\"middle\" width=\"20%\"><a href=\"http:\/\/www.bio21.bas.bg\/ippg\/bg\/wp-content\/uploads\/2014\/11\/GPP_4_1-2_Cover.jpg\"><img loading=\"lazy\" decoding=\"async\" class=\"aligncenter size-full wp-image-6007\" style=\"border: 1px solid black;\" title=\"GPP_4_1-2_Cover_th\" src=\"http:\/\/www.bio21.bas.bg\/ippg\/bg\/wp-content\/uploads\/2014\/11\/GPP_4_1-2_Cover_th.jpg\" alt=\"\" width=\"86\" height=\"120\" \/><\/a><\/td>\n<td style=\"text-align: center;\" valign=\"top\" width=\"60%\"><span style=\"color: #003300;\"><strong>Genetics and Plant Physiology<br \/>\nVolume 4, No 1-2, 2014<\/strong><\/span><br \/>\n<span style=\"color: #003300;\"><strong>Special Issue (Part 1)<br \/>\nConference \u201cPlant Physiology and Genetics \u2013<br \/>\nAchievements and Challenges\u201d<br \/>\n24-26 September 2014 \u2013 Sofia, Bulgaria<\/strong><\/span><\/td>\n<td style=\"text-align: center;\" valign=\"bottom\" width=\"10%\"><span style=\"color: #003300;\"><strong>Pages<\/strong><\/span><\/td>\n<td style=\"text-align: center;\" valign=\"bottom\" width=\"10%\"><span style=\"color: #003300;\"><strong>Full text<\/strong><\/span><\/td>\n<\/tr>\n<tr>\n<td colspan=\"2\" valign=\"top\"><strong>Preface<\/strong><\/td>\n<td style=\"text-align: center;\" valign=\"top\">&#8212; &#8212;<\/td>\n<td style=\"text-align: center;\" valign=\"top\"><a href=\"http:\/\/www.bio21.bas.bg\/ippg\/bg\/wp-content\/uploads\/2014\/11\/GPP_4_1-2_Preface.pdf\">PDF<\/a><\/td>\n<\/tr>\n<tr>\n<td colspan=\"2\" valign=\"top\"><strong>Content<\/strong><\/td>\n<td style=\"text-align: center;\" valign=\"top\">&#8212; &#8212;<\/td>\n<td style=\"text-align: center;\" valign=\"top\"><a href=\"http:\/\/www.bio21.bas.bg\/ippg\/bg\/wp-content\/uploads\/2014\/11\/GPP_4_1-2_Contents.pdf\">PDF<\/a><\/td>\n<\/tr>\n<tr>\n<td style=\"text-align: justify;\" colspan=\"2\" valign=\"top\"><strong>Hall M. A., I. Moshkov, G. Novikova, K. Hebelstrup, J. Mandon, S. Cristescu, F. Harren, L. A. J. Mur<\/strong><br \/>\nInteractions between nitric oxide and ethylene in monomeric G-protein activation in relation to food spoilage<\/td>\n<td style=\"text-align: center;\" valign=\"top\">03-12<\/td>\n<td style=\"text-align: center;\" valign=\"top\"><a href=\"http:\/\/www.bio21.bas.bg\/ippg\/bg\/wp-content\/uploads\/2014\/11\/GPP_4_1-2_03-12.pdf\">PDF<\/a><br \/>\n728 kB<\/td>\n<\/tr>\n<tr>\n<td style=\"text-align: justify;\" colspan=\"2\" valign=\"top\"><strong>B\u00f6rner A., S. Landjeva, M. Nagel, M. A. Rehman Arif, M. Allam, M. Agacka, T. Doroszewska, U. Lohwasser<\/strong><br \/>\nPlant Genetic Resources for Food and Agriculture (PGRFA) \u2013 Maintenance and Research<\/td>\n<td style=\"text-align: center;\" valign=\"top\">13-21<\/td>\n<td style=\"text-align: center;\" valign=\"top\"><a href=\"http:\/\/www.bio21.bas.bg\/ippg\/bg\/wp-content\/uploads\/2014\/11\/GPP_4_1-2_13-21.pdf\">PDF<\/a><br \/>\n998 kB<\/td>\n<\/tr>\n<tr>\n<td style=\"text-align: justify;\" colspan=\"2\" valign=\"top\"><strong>Lidon F. C., J. C. Ramalho, A. E. Leit\u00e3o, M. M. A. Silva, I. P. Pais, F. H. Reboredo, M. F. Pessoa<\/strong><br \/>\nUV-B irradiation in rice: A general glance about the control of oxidative burst within the chloroplast lamellae<\/td>\n<td style=\"text-align: center;\" valign=\"top\">22-31<\/td>\n<td style=\"text-align: center;\" valign=\"top\"><a href=\"http:\/\/www.bio21.bas.bg\/ippg\/bg\/wp-content\/uploads\/2014\/11\/GPP_4_1-2_22-31.pdf\">PDF<\/a><br \/>\n344 kB<\/td>\n<\/tr>\n<tr>\n<td style=\"text-align: justify;\" colspan=\"2\" valign=\"top\"><strong>Feller U., I. I. Vaseva, B. Yuperlieva-Mateeva<\/strong><br \/>\nSolute transport via xylem and phloem in two wheat genotypes differing in drought susceptibility<\/td>\n<td style=\"text-align: center;\" valign=\"top\">32-43<\/td>\n<td style=\"text-align: center;\" valign=\"top\"><a href=\"http:\/\/www.bio21.bas.bg\/ippg\/bg\/wp-content\/uploads\/2014\/11\/GPP_4_1-2_32-43.pdf\">PDF<\/a><br \/>\n742 kB<\/td>\n<\/tr>\n<tr>\n<td style=\"text-align: justify;\" colspan=\"2\" valign=\"top\"><strong>Kolaksazov M., F. Laporte, V. Goltsev, M. Herzog, E. D. Ananiev<\/strong><br \/>\nEffect of frost stress on chlorophyll <em>a<\/em> fluorescence and modulated 820 nm reflection in <em>Arabis alpina<\/em> population from Rila mountain<\/td>\n<td style=\"text-align: center;\" valign=\"top\">44-56<\/td>\n<td style=\"text-align: center;\" valign=\"top\"><a href=\"http:\/\/www.bio21.bas.bg\/ippg\/bg\/wp-content\/uploads\/2014\/11\/GPP_4_1-2_44-56.pdf\">PDF<\/a><br \/>\n1191 kB<\/td>\n<\/tr>\n<tr>\n<td style=\"text-align: justify;\" colspan=\"2\" valign=\"top\"><strong>Vaseva I., G. Zehirov, V. Stoychev, E. Kirova, L. Simova-Stoilova, J. Saboti\u010d, J. \u0160u\u0161tar-Vozli\u010d, V. Megli\u010d, M. Kidri\u010d<\/strong><br \/>\nSemi-quantitative RT-PCR analysis of selected protease inhibitors in drought-stressed <em>Triticum aestivum<\/em><\/td>\n<td style=\"text-align: center;\" valign=\"top\">57-67<\/td>\n<td style=\"text-align: center;\" valign=\"top\"><a href=\"http:\/\/www.bio21.bas.bg\/ippg\/bg\/wp-content\/uploads\/2014\/11\/GPP_4_1-2_57-67.pdf\">PDF<\/a><br \/>\n1723 kB<\/td>\n<\/tr>\n<tr>\n<td style=\"text-align: justify;\" colspan=\"2\" valign=\"top\"><strong>Landjeva S., A. B\u00f6rner, T. Pshenichnikova, E. Khlestkina, T. Kartseva, U. Lohwasser<\/strong><br \/>\nThe genetic approach to physiological studies in bread wheat<\/td>\n<td style=\"text-align: center;\" valign=\"top\">68-79<\/td>\n<td style=\"text-align: center;\" valign=\"top\"><a href=\"http:\/\/www.bio21.bas.bg\/ippg\/bg\/wp-content\/uploads\/2014\/11\/GPP_4_1-2_68-79.pdf\">PDF<\/a><br \/>\n427 kB<\/td>\n<\/tr>\n<tr>\n<td style=\"text-align: justify;\" colspan=\"2\" valign=\"top\"><strong>Chipilsky R., G. I. Georgiev<\/strong><br \/>\nPhysiological traits associated with canopy temperature depression in drought stressed bread wheat cultivars<\/td>\n<td style=\"text-align: center;\" valign=\"top\">80-90<\/td>\n<td style=\"text-align: center;\" valign=\"top\"><a href=\"http:\/\/www.bio21.bas.bg\/ippg\/bg\/wp-content\/uploads\/2014\/11\/GPP_4_1-2_80-90.pdf\">PDF<\/a><br \/>\n1950 kB<\/td>\n<\/tr>\n<tr>\n<td style=\"text-align: justify;\" colspan=\"2\" valign=\"top\"><strong>Stancheva I., Yu. Markovska, M. Geneva, I. Lazarova<\/strong><br \/>\nAntioxidant responses to elevated levels of Cd and Pb in <em>Tribulus terrestris<\/em> plants<\/td>\n<td style=\"text-align: center;\" valign=\"top\">91-100<\/td>\n<td style=\"text-align: center;\" valign=\"top\"><a href=\"http:\/\/www.bio21.bas.bg\/ippg\/bg\/wp-content\/uploads\/2014\/11\/GPP_4_1-2_91-100.pdf\">PDF<\/a><br \/>\n467 kB<\/td>\n<\/tr>\n<tr>\n<td style=\"text-align: justify;\" colspan=\"2\" valign=\"top\"><strong>Musaev F. B.<\/strong><br \/>\nAssessment of seed heterogeneity in vegetable plants by X-ray diffraction<\/td>\n<td style=\"text-align: center;\" valign=\"top\">101-109<\/td>\n<td style=\"text-align: center;\" valign=\"top\"><a href=\"http:\/\/www.bio21.bas.bg\/ippg\/bg\/wp-content\/uploads\/2014\/11\/GPP_4_1-2_101-109.pdf\">PDF<\/a><br \/>\n1428 kB<\/td>\n<\/tr>\n<tr>\n<td style=\"text-align: justify;\" colspan=\"2\" valign=\"top\"><strong>Nikolova M., M. Dimitrova, K. Tasheva, R. Todorova, M. Dimitrova, G. Ravishankar, G. Kosturkova<\/strong><br \/>\nComparison of antiradical activity and total phenolic content in seeds of five soybean cultivars by applying different extraction solvents<\/td>\n<td style=\"text-align: center;\" valign=\"top\">110-116<\/td>\n<td style=\"text-align: center;\" valign=\"top\"><a href=\"http:\/\/www.bio21.bas.bg\/ippg\/bg\/wp-content\/uploads\/2014\/11\/GPP_4_1-2_110-116.pdf\">PDF<\/a><br \/>\n342 kB<\/td>\n<\/tr>\n<tr>\n<td style=\"text-align: justify;\" colspan=\"2\" valign=\"top\"><strong>Babenko L. M., I. V. Kosakivska, Yu. A. Akimov, D. O. Klymchuk, T. D. Skaternya<\/strong><br \/>\nEffect of temperature stresses on pigment content, lipoxygenase activity and cell ultrastructure of winter wheat seedlings<\/td>\n<td style=\"text-align: center;\" valign=\"top\">117-125<\/td>\n<td style=\"text-align: center;\" valign=\"top\"><a href=\"http:\/\/www.bio21.bas.bg\/ippg\/bg\/wp-content\/uploads\/2014\/11\/GPP_4_1-2_117-125.pdf\">PDF<\/a><br \/>\n1284 kB<\/td>\n<\/tr>\n<tr>\n<td style=\"text-align: justify;\" colspan=\"2\" valign=\"top\"><strong>Danailov Zh. P.<\/strong><br \/>\n110<sup>th<\/sup> Anniversary of Prof. Hristo Daskalov \u2013 Member of the Bulgarian Academy of Sciences<\/td>\n<td style=\"text-align: center;\" valign=\"top\">126-128<\/td>\n<td style=\"text-align: center;\" valign=\"top\"><a href=\"http:\/\/www.bio21.bas.bg\/ippg\/bg\/wp-content\/uploads\/2014\/11\/GPP_4_1-2_126-128.pdf\">PDF<\/a><br \/>\n283 kB<\/td>\n<\/tr>\n<tr>\n<td style=\"text-align: justify;\" colspan=\"2\" valign=\"top\"><strong>PPGAC Conference Sponsors<\/strong><\/td>\n<td style=\"text-align: center;\" valign=\"top\">&#8212; &#8212;<\/td>\n<td style=\"text-align: center;\" valign=\"top\"><a href=\"http:\/\/www.bio21.bas.bg\/ippg\/bg\/wp-content\/uploads\/2014\/11\/GPP_4_1-2_PPGAC-Sponsors.pdf\">PDF<\/a><\/td>\n<\/tr>\n<tr>\n<td style=\"text-align: justify;\" colspan=\"2\" valign=\"top\"><strong>Instructions<\/strong><\/td>\n<td style=\"text-align: center;\" valign=\"top\">&#8212; &#8212;<\/td>\n<td style=\"text-align: center;\" valign=\"top\"><a href=\"http:\/\/www.bio21.bas.bg\/ippg\/bg\/wp-content\/uploads\/2014\/11\/GPP_4_1-2_Instructions.pdf\">PDF<\/a><\/td>\n<\/tr>\n<\/tbody>\n<\/table>\n","protected":false},"excerpt":{"rendered":"<p>Genetics and Plant Physiology Volume 4, No 1-2, 2014 Special Issue (Part 1) Conference \u201cPlant Physiology and Genetics \u2013 Achievements and Challenges\u201d 24-26 September 2014 \u2013 Sofia, Bulgaria Pages Full text Preface &#8212; &#8212; PDF Content &#8212; &#8212; PDF Hall M. A., I. Moshkov, G. Novikova, K. Hebelstrup, J. Mandon, S. Cristescu, F. Harren, L. [&hellip;]<\/p>\n","protected":false},"author":2,"featured_media":0,"parent":102,"menu_order":14,"comment_status":"closed","ping_status":"closed","template":"","meta":{"footnotes":""},"_links":{"self":[{"href":"http:\/\/www.bio21.bas.bg\/ippg\/en\/index.php?rest_route=\/wp\/v2\/pages\/964"}],"collection":[{"href":"http:\/\/www.bio21.bas.bg\/ippg\/en\/index.php?rest_route=\/wp\/v2\/pages"}],"about":[{"href":"http:\/\/www.bio21.bas.bg\/ippg\/en\/index.php?rest_route=\/wp\/v2\/types\/page"}],"author":[{"embeddable":true,"href":"http:\/\/www.bio21.bas.bg\/ippg\/en\/index.php?rest_route=\/wp\/v2\/users\/2"}],"replies":[{"embeddable":true,"href":"http:\/\/www.bio21.bas.bg\/ippg\/en\/index.php?rest_route=%2Fwp%2Fv2%2Fcomments&post=964"}],"version-history":[{"count":5,"href":"http:\/\/www.bio21.bas.bg\/ippg\/en\/index.php?rest_route=\/wp\/v2\/pages\/964\/revisions"}],"predecessor-version":[{"id":966,"href":"http:\/\/www.bio21.bas.bg\/ippg\/en\/index.php?rest_route=\/wp\/v2\/pages\/964\/revisions\/966"}],"up":[{"embeddable":true,"href":"http:\/\/www.bio21.bas.bg\/ippg\/en\/index.php?rest_route=\/wp\/v2\/pages\/102"}],"wp:attachment":[{"href":"http:\/\/www.bio21.bas.bg\/ippg\/en\/index.php?rest_route=%2Fwp%2Fv2%2Fmedia&parent=964"}],"curies":[{"name":"wp","href":"https:\/\/api.w.org\/{rel}","templated":true}]}}